{"id":6004,"date":"2025-01-20T20:22:50","date_gmt":"2025-01-20T20:22:50","guid":{"rendered":"https:\/\/myprimusmarkets.com\/nen-tang\/"},"modified":"2025-05-05T09:00:48","modified_gmt":"2025-05-05T09:00:48","slug":"nen-tang","status":"publish","type":"page","link":"https:\/\/fxprimus.com\/vi\/nen-tang\/","title":{"rendered":"N\u1ec1n t\u1ea3ng"},"content":{"rendered":"\t\t<div data-elementor-type=\"wp-page\" data-elementor-id=\"6004\" class=\"elementor elementor-6004 elementor-918\" data-elementor-post-type=\"page\">\n\t\t\t\t<div class=\"elementor-element elementor-element-3612052 e-flex e-con-boxed e-con e-parent\" data-id=\"3612052\" data-element_type=\"container\" data-e-type=\"container\" data-settings=\"{&quot;background_background&quot;:&quot;classic&quot;}\">\n\t\t\t\t\t<div class=\"e-con-inner\">\n\t\t\t\t<div class=\"elementor-element elementor-element-3e869f8 elementor-widget elementor-widget-heading\" data-id=\"3e869f8\" data-element_type=\"widget\" data-e-type=\"widget\" data-widget_type=\"heading.default\">\n\t\t\t\t<div class=\"elementor-widget-container\">\n\t\t\t\t\t<h1 class=\"elementor-heading-title elementor-size-default\">N\u1ec1n t\u1ea3ng giao d\u1ecbch<\/h1>\t\t\t\t<\/div>\n\t\t\t\t<\/div>\n\t\t\t\t<div class=\"elementor-element elementor-element-9f872b0 elementor-widget__width-initial elementor-widget elementor-widget-text-editor\" data-id=\"9f872b0\" data-element_type=\"widget\" data-e-type=\"widget\" data-widget_type=\"text-editor.default\">\n\t\t\t\t<div class=\"elementor-widget-container\">\n\t\t\t\t\t\t\t\t\t<p>FXPrimus kh\u00f4ng ch\u1ec9 l\u00e0 m\u1ed9t nh\u00e0 m\u00f4i gi\u1edbi &#8211; m\u00e0 c\u00f2n l\u00e0 m\u1ed9t m\u00f4i tr\u01b0\u1eddng an to\u00e0n, \u0111\u01b0\u1ee3c h\u1ed7 tr\u1ee3 b\u1edfi c\u00f4ng ngh\u1ec7, \u0111\u01b0\u1ee3c thi\u1ebft k\u1ebf \u0111\u1ec3 trao quy\u1ec1n cho c\u00e1c nh\u00e0 giao d\u1ecbch \u1edf m\u1ecdi c\u1ea5p \u0111\u1ed9.<\/p>\n\t\t\t\t\t\t\t\t<\/div>\n\t\t\t\t<\/div>\n\t\t\t\t\t<\/div>\n\t\t\t\t<\/div>\n\t\t<div class=\"elementor-element elementor-element-1588fee e-flex e-con-boxed e-con e-parent\" data-id=\"1588fee\" data-element_type=\"container\" data-e-type=\"container\">\n\t\t\t\t\t<div class=\"e-con-inner\">\n\t\t<div class=\"elementor-element elementor-element-53c6017 e-con-full e-flex elementor-invisible e-con e-child\" data-id=\"53c6017\" data-element_type=\"container\" data-e-type=\"container\" data-settings=\"{&quot;animation&quot;:&quot;fadeInLeft&quot;,&quot;animation_mobile&quot;:&quot;fadeInUp&quot;}\">\n\t\t\t\t<div class=\"elementor-element elementor-element-c7c5590 elementor-widget elementor-widget-image\" data-id=\"c7c5590\" data-element_type=\"widget\" data-e-type=\"widget\" data-widget_type=\"image.default\">\n\t\t\t\t<div class=\"elementor-widget-container\">\n\t\t\t\t\t\t\t\t\t\t\t\t\t\t\t<img fetchpriority=\"high\" decoding=\"async\" width=\"650\" height=\"650\" src=\"https:\/\/fxprimus.com\/wp-content\/uploads\/2025\/01\/Platforms-MT4.jpg\" class=\"attachment-large size-large wp-image-3880\" alt=\"\" srcset=\"https:\/\/fxprimus.com\/wp-content\/uploads\/2025\/01\/Platforms-MT4.jpg 650w, https:\/\/fxprimus.com\/wp-content\/uploads\/2025\/01\/Platforms-MT4-300x300.jpg 300w, https:\/\/fxprimus.com\/wp-content\/uploads\/2025\/01\/Platforms-MT4-150x150.jpg 150w\" sizes=\"(max-width: 650px) 100vw, 650px\" \/>\t\t\t\t\t\t\t\t\t\t\t\t\t\t\t<\/div>\n\t\t\t\t<\/div>\n\t\t\t\t<\/div>\n\t\t<div class=\"elementor-element elementor-element-dc1e329 e-con-full e-flex elementor-invisible e-con e-child\" data-id=\"dc1e329\" data-element_type=\"container\" data-e-type=\"container\" data-settings=\"{&quot;animation&quot;:&quot;fadeInRight&quot;,&quot;animation_mobile&quot;:&quot;fadeInUp&quot;}\">\n\t\t\t\t<div class=\"elementor-element elementor-element-9bc0570 elementor-widget elementor-widget-heading\" data-id=\"9bc0570\" data-element_type=\"widget\" data-e-type=\"widget\" data-widget_type=\"heading.default\">\n\t\t\t\t<div class=\"elementor-widget-container\">\n\t\t\t\t\t<h2 class=\"elementor-heading-title elementor-size-default\">MetaTrader 4 <span style=\"color:#00BDAF\">(MT4)<\/span><\/h2>\t\t\t\t<\/div>\n\t\t\t\t<\/div>\n\t\t\t\t<div class=\"elementor-element elementor-element-eeeb0b5 elementor-widget elementor-widget-text-editor\" data-id=\"eeeb0b5\" data-element_type=\"widget\" data-e-type=\"widget\" data-widget_type=\"text-editor.default\">\n\t\t\t\t<div class=\"elementor-widget-container\">\n\t\t\t\t\t\t\t\t\t<p>L\u00e0 n\u1ec1n t\u1ea3ng ti\u00eau chu\u1ea9n ng\u00e0nh d\u00e0nh cho c\u00e1c nh\u00e0 giao d\u1ecbch, MT4 cung c\u1ea5p c\u00f4ng c\u1ee5 \u0111\u1ed3 th\u1ecb m\u1ea1nh m\u1ebd, c\u00f4ng c\u1ee5 ph\u00e2n t\u00edch n\u00e2ng cao v\u00e0 kh\u1ea3 n\u0103ng th\u1ef1c hi\u1ec7n l\u1ec7nh nhanh ch\u00f3ng \u0111\u1ec3 gi\u00fap b\u1ea1n lu\u00f4n d\u1eabn \u0111\u1ea7u trong c\u00e1c th\u1ecb tr\u01b0\u1eddng to\u00e0n c\u1ea7u.<\/p>\n\t\t\t\t\t\t\t\t<\/div>\n\t\t\t\t<\/div>\n\t\t\t\t<div class=\"elementor-element elementor-element-b459999 primusButton elementor-widget elementor-widget-button\" data-id=\"b459999\" data-element_type=\"widget\" data-e-type=\"widget\" data-widget_type=\"button.default\">\n\t\t\t\t<div class=\"elementor-widget-container\">\n\t\t\t\t\t\t\t\t\t<div class=\"elementor-button-wrapper\">\n\t\t\t\t\t<a class=\"elementor-button elementor-button-link elementor-size-sm\" href=\"https:\/\/myprimusmarkets.com\/vi\/nen-tang\/nen-tang-metatrader-4-mt4\/\" title=\"Xem n\u1ec1n t\u1ea3ng\" target=\"_blank\" rel=\"noopener\">\n\t\t\t\t\t\t<span class=\"elementor-button-content-wrapper\">\n\t\t\t\t\t\t\t\t\t<span class=\"elementor-button-text\">T\u00ecm hi\u1ec3u th\u00eam<\/span>\n\t\t\t\t\t<\/span>\n\t\t\t\t\t<\/a>\n\t\t\t\t<\/div>\n\t\t\t\t\t\t\t\t<\/div>\n\t\t\t\t<\/div>\n\t\t\t\t<\/div>\n\t\t\t\t\t<\/div>\n\t\t\t\t<\/div>\n\t\t<div class=\"elementor-element elementor-element-47aa680 e-flex e-con-boxed e-con e-parent\" data-id=\"47aa680\" data-element_type=\"container\" data-e-type=\"container\">\n\t\t\t\t\t<div class=\"e-con-inner\">\n\t\t<div class=\"elementor-element elementor-element-3b7c031 e-con-full e-flex elementor-invisible e-con e-child\" data-id=\"3b7c031\" data-element_type=\"container\" data-e-type=\"container\" data-settings=\"{&quot;animation&quot;:&quot;fadeInLeft&quot;,&quot;animation_mobile&quot;:&quot;fadeInUp&quot;}\">\n\t\t\t\t<div class=\"elementor-element elementor-element-2e7ea8a elementor-widget elementor-widget-heading\" data-id=\"2e7ea8a\" data-element_type=\"widget\" data-e-type=\"widget\" data-widget_type=\"heading.default\">\n\t\t\t\t<div class=\"elementor-widget-container\">\n\t\t\t\t\t<h2 class=\"elementor-heading-title elementor-size-default\">MetaTrader 5 <span style=\"color:#00BDAF\">(MT5)<\/span><\/h2>\t\t\t\t<\/div>\n\t\t\t\t<\/div>\n\t\t\t\t<div class=\"elementor-element elementor-element-69032cf elementor-widget elementor-widget-text-editor\" data-id=\"69032cf\" data-element_type=\"widget\" data-e-type=\"widget\" data-widget_type=\"text-editor.default\">\n\t\t\t\t<div class=\"elementor-widget-container\">\n\t\t\t\t\t\t\t\t\t<p>Tr\u1ea3i nghi\u1ec7m c\u1ea5p \u0111\u1ed9 giao d\u1ecbch ti\u1ebfp theo v\u1edbi MT5. T\u1eadn h\u01b0\u1edfng c\u00e1c t\u00ednh n\u0103ng n\u00e2ng cao, bao g\u1ed3m khung th\u1eddi gian ti\u00ean ti\u1ebfn, \u0111\u1ed9 s\u00e2u th\u1ecb tr\u01b0\u1eddng v\u00e0 c\u00e1c c\u00f4ng c\u1ee5 v\u01b0\u1ee3t tr\u1ed9i \u0111\u1ec3 ph\u00e2n t\u00edch th\u1ecb tr\u01b0\u1eddng to\u00e0n di\u1ec7n.<\/p>\n\t\t\t\t\t\t\t\t<\/div>\n\t\t\t\t<\/div>\n\t\t\t\t<div class=\"elementor-element elementor-element-63df26f primusButton elementor-widget elementor-widget-button\" data-id=\"63df26f\" data-element_type=\"widget\" data-e-type=\"widget\" data-widget_type=\"button.default\">\n\t\t\t\t<div class=\"elementor-widget-container\">\n\t\t\t\t\t\t\t\t\t<div class=\"elementor-button-wrapper\">\n\t\t\t\t\t<a class=\"elementor-button elementor-button-link elementor-size-sm\" href=\"https:\/\/myprimusmarkets.com\/vi\/nen-tang\/nen-tang-metatrader-5-mt5\/\" title=\"Xem n\u1ec1n t\u1ea3ng\" target=\"_blank\" rel=\"noopener\">\n\t\t\t\t\t\t<span class=\"elementor-button-content-wrapper\">\n\t\t\t\t\t\t\t\t\t<span class=\"elementor-button-text\">T\u00ecm hi\u1ec3u th\u00eam<\/span>\n\t\t\t\t\t<\/span>\n\t\t\t\t\t<\/a>\n\t\t\t\t<\/div>\n\t\t\t\t\t\t\t\t<\/div>\n\t\t\t\t<\/div>\n\t\t\t\t<\/div>\n\t\t<div class=\"elementor-element elementor-element-6aca8c2 e-con-full e-flex elementor-invisible e-con e-child\" data-id=\"6aca8c2\" data-element_type=\"container\" data-e-type=\"container\" data-settings=\"{&quot;animation&quot;:&quot;fadeInRight&quot;,&quot;animation_mobile&quot;:&quot;fadeInUp&quot;}\">\n\t\t\t\t<div class=\"elementor-element elementor-element-3369912 elementor-widget elementor-widget-image\" data-id=\"3369912\" data-element_type=\"widget\" data-e-type=\"widget\" data-widget_type=\"image.default\">\n\t\t\t\t<div class=\"elementor-widget-container\">\n\t\t\t\t\t\t\t\t\t\t\t\t\t\t\t<img decoding=\"async\" width=\"650\" height=\"650\" src=\"https:\/\/fxprimus.com\/wp-content\/uploads\/2025\/01\/Platforms-MT5.jpg\" class=\"attachment-large size-large wp-image-3888\" alt=\"\" srcset=\"https:\/\/fxprimus.com\/wp-content\/uploads\/2025\/01\/Platforms-MT5.jpg 650w, https:\/\/fxprimus.com\/wp-content\/uploads\/2025\/01\/Platforms-MT5-300x300.jpg 300w, https:\/\/fxprimus.com\/wp-content\/uploads\/2025\/01\/Platforms-MT5-150x150.jpg 150w\" sizes=\"(max-width: 650px) 100vw, 650px\" \/>\t\t\t\t\t\t\t\t\t\t\t\t\t\t\t<\/div>\n\t\t\t\t<\/div>\n\t\t\t\t<\/div>\n\t\t\t\t\t<\/div>\n\t\t\t\t<\/div>\n\t\t<div class=\"elementor-element elementor-element-8de4297 e-flex e-con-boxed e-con e-parent\" data-id=\"8de4297\" data-element_type=\"container\" data-e-type=\"container\">\n\t\t\t\t\t<div class=\"e-con-inner\">\n\t\t<div class=\"elementor-element elementor-element-603f051 e-con-full e-flex elementor-invisible e-con e-child\" data-id=\"603f051\" data-element_type=\"container\" data-e-type=\"container\" data-settings=\"{&quot;animation&quot;:&quot;fadeInLeft&quot;,&quot;animation_mobile&quot;:&quot;fadeInUp&quot;}\">\n\t\t\t\t<div class=\"elementor-element elementor-element-aa72ca8 elementor-widget elementor-widget-image\" data-id=\"aa72ca8\" data-element_type=\"widget\" data-e-type=\"widget\" data-widget_type=\"image.default\">\n\t\t\t\t<div class=\"elementor-widget-container\">\n\t\t\t\t\t\t\t\t\t\t\t\t\t\t\t<img decoding=\"async\" width=\"650\" height=\"650\" src=\"https:\/\/fxprimus.com\/wp-content\/uploads\/2025\/01\/Platforms-Web-Trader.jpg\" class=\"attachment-large size-large wp-image-3896\" alt=\"\" srcset=\"https:\/\/fxprimus.com\/wp-content\/uploads\/2025\/01\/Platforms-Web-Trader.jpg 650w, https:\/\/fxprimus.com\/wp-content\/uploads\/2025\/01\/Platforms-Web-Trader-300x300.jpg 300w, https:\/\/fxprimus.com\/wp-content\/uploads\/2025\/01\/Platforms-Web-Trader-150x150.jpg 150w\" sizes=\"(max-width: 650px) 100vw, 650px\" \/>\t\t\t\t\t\t\t\t\t\t\t\t\t\t\t<\/div>\n\t\t\t\t<\/div>\n\t\t\t\t<\/div>\n\t\t<div class=\"elementor-element elementor-element-8b98c08 e-con-full e-flex elementor-invisible e-con e-child\" data-id=\"8b98c08\" data-element_type=\"container\" data-e-type=\"container\" data-settings=\"{&quot;animation&quot;:&quot;fadeInRight&quot;,&quot;animation_mobile&quot;:&quot;fadeInUp&quot;}\">\n\t\t\t\t<div class=\"elementor-element elementor-element-22e64e0 elementor-widget elementor-widget-heading\" data-id=\"22e64e0\" data-element_type=\"widget\" data-e-type=\"widget\" data-widget_type=\"heading.default\">\n\t\t\t\t<div class=\"elementor-widget-container\">\n\t\t\t\t\t<h2 class=\"elementor-heading-title elementor-size-default\">WebTrader<\/h2>\t\t\t\t<\/div>\n\t\t\t\t<\/div>\n\t\t\t\t<div class=\"elementor-element elementor-element-7e2721a elementor-widget elementor-widget-text-editor\" data-id=\"7e2721a\" data-element_type=\"widget\" data-e-type=\"widget\" data-widget_type=\"text-editor.default\">\n\t\t\t\t<div class=\"elementor-widget-container\">\n\t\t\t\t\t\t\t\t\t<p>Giao d\u1ecbch m\u1ecdi l\u00fac, m\u1ecdi n\u01a1i v\u1edbi WebTrader. C\u00f3 th\u1ec3 truy c\u1eadp th\u00f4ng qua tr\u00ecnh duy\u1ec7t, WebTrader cung c\u1ea5p \u0111\u1ea7y \u0111\u1ee7 ch\u1ee9c n\u0103ng v\u00e0 t\u00edch h\u1ee3p li\u1ec1n m\u1ea1ch cho m\u1ed9t tr\u1ea3i nghi\u1ec7m giao d\u1ecbch linh ho\u1ea1t.<\/p>\n\t\t\t\t\t\t\t\t<\/div>\n\t\t\t\t<\/div>\n\t\t\t\t<div class=\"elementor-element elementor-element-2dea8ab primusButton elementor-widget elementor-widget-button\" data-id=\"2dea8ab\" data-element_type=\"widget\" data-e-type=\"widget\" data-widget_type=\"button.default\">\n\t\t\t\t<div class=\"elementor-widget-container\">\n\t\t\t\t\t\t\t\t\t<div class=\"elementor-button-wrapper\">\n\t\t\t\t\t<a class=\"elementor-button elementor-button-link elementor-size-sm\" href=\"https:\/\/myprimusmarkets.com\/vi\/nen-tang\/webtrader\/\" title=\"Xem n\u1ec1n t\u1ea3ng WebTrader\" target=\"_blank\" rel=\"noopener\">\n\t\t\t\t\t\t<span class=\"elementor-button-content-wrapper\">\n\t\t\t\t\t\t\t\t\t<span class=\"elementor-button-text\">T\u00ecm hi\u1ec3u th\u00eam<\/span>\n\t\t\t\t\t<\/span>\n\t\t\t\t\t<\/a>\n\t\t\t\t<\/div>\n\t\t\t\t\t\t\t\t<\/div>\n\t\t\t\t<\/div>\n\t\t\t\t<\/div>\n\t\t\t\t\t<\/div>\n\t\t\t\t<\/div>\n\t\t<div class=\"elementor-element elementor-element-340c30f e-flex e-con-boxed e-con e-parent\" data-id=\"340c30f\" data-element_type=\"container\" data-e-type=\"container\" data-settings=\"{&quot;background_background&quot;:&quot;gradient&quot;}\">\n\t\t\t\t\t<div class=\"e-con-inner\">\n\t\t\t\t<div class=\"elementor-element elementor-element-21caa0d elementor-widget-mobile__width-initial elementor-absolute elementor-widget elementor-widget-image\" data-id=\"21caa0d\" data-element_type=\"widget\" data-e-type=\"widget\" data-settings=\"{&quot;_position&quot;:&quot;absolute&quot;}\" data-widget_type=\"image.default\">\n\t\t\t\t<div class=\"elementor-widget-container\">\n\t\t\t\t\t\t\t\t\t\t\t\t\t\t\t<img loading=\"lazy\" decoding=\"async\" width=\"375\" height=\"485\" src=\"https:\/\/fxprimus.com\/wp-content\/uploads\/2025\/01\/CTA-Bar-Left.png\" class=\"attachment-large size-large wp-image-486\" alt=\"CTA Bar Left\" srcset=\"https:\/\/fxprimus.com\/wp-content\/uploads\/2025\/01\/CTA-Bar-Left.png 375w, https:\/\/fxprimus.com\/wp-content\/uploads\/2025\/01\/CTA-Bar-Left-232x300.png 232w\" sizes=\"(max-width: 375px) 100vw, 375px\" \/>\t\t\t\t\t\t\t\t\t\t\t\t\t\t\t<\/div>\n\t\t\t\t<\/div>\n\t\t\t\t<div class=\"elementor-element elementor-element-99d18f1 elementor-absolute elementor-hidden-mobile elementor-widget elementor-widget-image\" data-id=\"99d18f1\" data-element_type=\"widget\" data-e-type=\"widget\" data-settings=\"{&quot;_position&quot;:&quot;absolute&quot;}\" data-widget_type=\"image.default\">\n\t\t\t\t<div class=\"elementor-widget-container\">\n\t\t\t\t\t\t\t\t\t\t\t\t\t\t\t<img loading=\"lazy\" decoding=\"async\" width=\"375\" height=\"485\" src=\"https:\/\/fxprimus.com\/wp-content\/uploads\/2025\/01\/CTA-Bar-Left-Actual.png\" class=\"attachment-large size-large wp-image-487\" alt=\"CTA Bar Left Actual\" srcset=\"https:\/\/fxprimus.com\/wp-content\/uploads\/2025\/01\/CTA-Bar-Left-Actual.png 375w, https:\/\/fxprimus.com\/wp-content\/uploads\/2025\/01\/CTA-Bar-Left-Actual-232x300.png 232w\" sizes=\"(max-width: 375px) 100vw, 375px\" \/>\t\t\t\t\t\t\t\t\t\t\t\t\t\t\t<\/div>\n\t\t\t\t<\/div>\n\t\t<div class=\"elementor-element elementor-element-6ddbf3a e-con-full e-flex e-con e-child\" data-id=\"6ddbf3a\" data-element_type=\"container\" data-e-type=\"container\" data-settings=\"{&quot;background_background&quot;:&quot;classic&quot;}\">\n\t\t<div class=\"elementor-element elementor-element-efd0863 e-con-full e-flex e-con e-child\" data-id=\"efd0863\" data-element_type=\"container\" data-e-type=\"container\">\n\t\t\t\t<div class=\"elementor-element elementor-element-91d08c2 elementor-widget elementor-widget-heading\" data-id=\"91d08c2\" data-element_type=\"widget\" data-e-type=\"widget\" data-widget_type=\"heading.default\">\n\t\t\t\t<div class=\"elementor-widget-container\">\n\t\t\t\t\t<span class=\"elementor-heading-title elementor-size-default\">B\u1eaft \u0111\u1ea7u giao d\u1ecbch ngay h\u00f4m nay<\/span>\t\t\t\t<\/div>\n\t\t\t\t<\/div>\n\t\t\t\t<div class=\"elementor-element elementor-element-a41551b elementor-widget elementor-widget-heading\" data-id=\"a41551b\" data-element_type=\"widget\" data-e-type=\"widget\" data-widget_type=\"heading.default\">\n\t\t\t\t<div class=\"elementor-widget-container\">\n\t\t\t\t\t<h2 class=\"elementor-heading-title elementor-size-default\">M\u1edf t\u00e0i kho\u1ea3n c\u1ee7a b\u1ea1n<\/h2>\t\t\t\t<\/div>\n\t\t\t\t<\/div>\n\t\t\t\t<\/div>\n\t\t<div class=\"elementor-element elementor-element-8f07677 e-con-full e-flex e-con e-child\" data-id=\"8f07677\" data-element_type=\"container\" data-e-type=\"container\">\n\t\t\t\t<div class=\"elementor-element elementor-element-d0d511f primusButton elementor-widget elementor-widget-button\" data-id=\"d0d511f\" data-element_type=\"widget\" data-e-type=\"widget\" data-widget_type=\"button.default\">\n\t\t\t\t<div class=\"elementor-widget-container\">\n\t\t\t\t\t\t\t\t\t<div class=\"elementor-button-wrapper\">\n\t\t\t\t\t<a class=\"elementor-button elementor-button-link elementor-size-sm\" href=\"https:\/\/clients.fxprimus.com\/en\/login\" target=\"_blank\" title=\"\u0110\u0103ng nh\u1eadp FXPrimus\">\n\t\t\t\t\t\t<span class=\"elementor-button-content-wrapper\">\n\t\t\t\t\t\t\t\t\t<span class=\"elementor-button-text\">Giao d\u1ecbch ngay<\/span>\n\t\t\t\t\t<\/span>\n\t\t\t\t\t<\/a>\n\t\t\t\t<\/div>\n\t\t\t\t\t\t\t\t<\/div>\n\t\t\t\t<\/div>\n\t\t\t\t<div class=\"elementor-element elementor-element-55fdfe1 primusButtonWhite elementor-widget elementor-widget-button\" data-id=\"55fdfe1\" data-element_type=\"widget\" data-e-type=\"widget\" data-widget_type=\"button.default\">\n\t\t\t\t<div class=\"elementor-widget-container\">\n\t\t\t\t\t\t\t\t\t<div class=\"elementor-button-wrapper\">\n\t\t\t\t\t<a class=\"elementor-button elementor-button-link elementor-size-sm\" href=\"https:\/\/clients.fxprimus.com\/en\/register\" target=\"_blank\" title=\"\u0110\u0103ng k\u00fd tham gia FXPrimus\">\n\t\t\t\t\t\t<span class=\"elementor-button-content-wrapper\">\n\t\t\t\t\t\t\t\t\t<span class=\"elementor-button-text\">M\u1edf t\u00e0i kho\u1ea3n<\/span>\n\t\t\t\t\t<\/span>\n\t\t\t\t\t<\/a>\n\t\t\t\t<\/div>\n\t\t\t\t\t\t\t\t<\/div>\n\t\t\t\t<\/div>\n\t\t\t\t<\/div>\n\t\t\t\t<\/div>\n\t\t\t\t\t<\/div>\n\t\t\t\t<\/div>\n\t\t\t\t<\/div>\n\t\t","protected":false},"excerpt":{"rendered":"<p>N\u1ec1n t\u1ea3ng giao d\u1ecbch FXPrimus kh\u00f4ng ch\u1ec9 l\u00e0 m\u1ed9t nh\u00e0 m\u00f4i gi\u1edbi &#8211; m\u00e0 c\u00f2n l\u00e0 m\u1ed9t m\u00f4i tr\u01b0\u1eddng an to\u00e0n, \u0111\u01b0\u1ee3c h\u1ed7 tr\u1ee3 b\u1edfi c\u00f4ng ngh\u1ec7, \u0111\u01b0\u1ee3c thi\u1ebft k\u1ebf \u0111\u1ec3 trao quy\u1ec1n cho c\u00e1c nh\u00e0 giao d\u1ecbch \u1edf m\u1ecdi c\u1ea5p \u0111\u1ed9. MetaTrader 4 (MT4) L\u00e0 n\u1ec1n t\u1ea3ng ti\u00eau chu\u1ea9n ng\u00e0nh d\u00e0nh cho c\u00e1c nh\u00e0 [&hellip;]<\/p>\n","protected":false},"author":1,"featured_media":0,"parent":0,"menu_order":0,"comment_status":"closed","ping_status":"closed","template":"","meta":{"footnotes":""},"class_list":["post-6004","page","type-page","status-publish","hentry"],"_links":{"self":[{"href":"https:\/\/fxprimus.com\/vi\/wp-json\/wp\/v2\/pages\/6004","targetHints":{"allow":["GET"]}}],"collection":[{"href":"https:\/\/fxprimus.com\/vi\/wp-json\/wp\/v2\/pages"}],"about":[{"href":"https:\/\/fxprimus.com\/vi\/wp-json\/wp\/v2\/types\/page"}],"author":[{"embeddable":true,"href":"https:\/\/fxprimus.com\/vi\/wp-json\/wp\/v2\/users\/1"}],"replies":[{"embeddable":true,"href":"https:\/\/fxprimus.com\/vi\/wp-json\/wp\/v2\/comments?post=6004"}],"version-history":[{"count":5,"href":"https:\/\/fxprimus.com\/vi\/wp-json\/wp\/v2\/pages\/6004\/revisions"}],"predecessor-version":[{"id":7539,"href":"https:\/\/fxprimus.com\/vi\/wp-json\/wp\/v2\/pages\/6004\/revisions\/7539"}],"wp:attachment":[{"href":"https:\/\/fxprimus.com\/vi\/wp-json\/wp\/v2\/media?parent=6004"}],"curies":[{"name":"wp","href":"https:\/\/api.w.org\/{rel}","templated":true}]}}