{"id":5954,"date":"2025-02-12T11:36:16","date_gmt":"2025-02-12T11:36:16","guid":{"rendered":"https:\/\/myprimusmarkets.com\/may-tinh-pip\/"},"modified":"2025-03-21T15:26:11","modified_gmt":"2025-03-21T15:26:11","slug":"may-tinh-pip","status":"publish","type":"page","link":"https:\/\/fxprimus.com\/vi\/tai-lieu-giao-dich\/may-tinh-pip\/","title":{"rendered":"M\u00e1y t\u00ednh Pip"},"content":{"rendered":"\t\t<div data-elementor-type=\"wp-page\" data-elementor-id=\"5954\" class=\"elementor elementor-5954 elementor-2397\" data-elementor-post-type=\"page\">\n\t\t\t\t<div class=\"elementor-element elementor-element-da51357 e-flex e-con-boxed e-con e-parent\" data-id=\"da51357\" data-element_type=\"container\" data-e-type=\"container\">\n\t\t\t\t\t<div class=\"e-con-inner\">\n\t\t\t\t<div class=\"elementor-element elementor-element-4226461 elementor-widget elementor-widget-button\" data-id=\"4226461\" data-element_type=\"widget\" data-e-type=\"widget\" data-widget_type=\"button.default\">\n\t\t\t\t<div class=\"elementor-widget-container\">\n\t\t\t\t\t\t\t\t\t<div class=\"elementor-button-wrapper\">\n\t\t\t\t\t<a class=\"elementor-button elementor-button-link elementor-size-sm\" href=\"https:\/\/myprimusmarkets.com\/vi\/tai-lieu-giao-dich\/\" title=\"Xem t\u1ea5t c\u1ea3 t\u00e0i li\u1ec7u giao d\u1ecbch\" target=\"_blank\" rel=\"noopener\">\n\t\t\t\t\t\t<span class=\"elementor-button-content-wrapper\">\n\t\t\t\t\t\t\t\t\t<span class=\"elementor-button-text\">Xem t\u1ea5t c\u1ea3 t\u00e0i li\u1ec7u giao d\u1ecbch<\/span>\n\t\t\t\t\t<\/span>\n\t\t\t\t\t<\/a>\n\t\t\t\t<\/div>\n\t\t\t\t\t\t\t\t<\/div>\n\t\t\t\t<\/div>\n\t\t\t\t<div class=\"elementor-element elementor-element-02d72ea elementor-widget elementor-widget-heading\" data-id=\"02d72ea\" data-element_type=\"widget\" data-e-type=\"widget\" data-widget_type=\"heading.default\">\n\t\t\t\t<div class=\"elementor-widget-container\">\n\t\t\t\t\t<h1 class=\"elementor-heading-title elementor-size-default\">M\u00e1y t\u00ednh Pip<\/h1>\t\t\t\t<\/div>\n\t\t\t\t<\/div>\n\t\t\t\t<div class=\"elementor-element elementor-element-10fa294 elementor-widget__width-initial elementor-widget elementor-widget-shortcode\" data-id=\"10fa294\" data-element_type=\"widget\" data-e-type=\"widget\" data-widget_type=\"shortcode.default\">\n\t\t\t\t<div class=\"elementor-widget-container\">\n\t\t\t\t\t\t\t<div class=\"elementor-shortcode\"><iframe tabindex=\"-1\" data-calculator=\"pipvalue\" data-max-width=\"484\" width=\"484\" loading=\"lazy\" scrolling=\"no\" class=\"fxcalc_pipvalue\" src=\"https:\/\/calcs.forexcalcs.com\/pipvalue?pc=%23b43cb4&amp;align=left&amp;mode=1&amp;lang=en\"><\/iframe><\/div>\n\t\t\t\t\t\t<\/div>\n\t\t\t\t<\/div>\n\t\t\t\t<div class=\"elementor-element elementor-element-12e7339 elementor-widget__width-initial elementor-widget elementor-widget-text-editor\" data-id=\"12e7339\" data-element_type=\"widget\" data-e-type=\"widget\" data-widget_type=\"text-editor.default\">\n\t\t\t\t<div class=\"elementor-widget-container\">\n\t\t\t\t\t\t\t\t\t<p>Tuy\u00ean b\u1ed1 mi\u1ec5n tr\u1eeb tr\u00e1ch nhi\u1ec7m: M\u00e1y t\u00ednh pip \u0111\u01b0\u1ee3c s\u1eed d\u1ee5ng cho m\u1ee5c \u0111\u00edch t\u00ednh to\u00e1n giao d\u1ecbch forex v\u00e0 cung c\u1ea5p th\u00f4ng tin tham kh\u1ea3o. M\u1ed9t s\u1ed1 t\u00e0i s\u1ea3n hi\u1ec3n th\u1ecb c\u00f3 th\u1ec3 kh\u00f4ng kh\u1ea3 d\u1ee5ng \u0111\u1ec3 giao d\u1ecbch tr\u00ean n\u1ec1n t\u1ea3ng c\u1ee7a ch\u00fang t\u00f4i.<\/p><p>\u00a0<\/p><p>\u00a0<\/p><p>\u00a0<\/p><p>\u00a0<\/p>\t\t\t\t\t\t\t\t<\/div>\n\t\t\t\t<\/div>\n\t\t\t\t\t<\/div>\n\t\t\t\t<\/div>\n\t\t\t\t<\/div>\n\t\t","protected":false},"excerpt":{"rendered":"<p>Xem t\u1ea5t c\u1ea3 t\u00e0i li\u1ec7u giao d\u1ecbch M\u00e1y t\u00ednh Pip Tuy\u00ean b\u1ed1 mi\u1ec5n tr\u1eeb tr\u00e1ch nhi\u1ec7m: M\u00e1y t\u00ednh pip \u0111\u01b0\u1ee3c s\u1eed d\u1ee5ng cho m\u1ee5c \u0111\u00edch t\u00ednh to\u00e1n giao d\u1ecbch forex v\u00e0 cung c\u1ea5p th\u00f4ng tin tham kh\u1ea3o. M\u1ed9t s\u1ed1 t\u00e0i s\u1ea3n hi\u1ec3n th\u1ecb c\u00f3 th\u1ec3 kh\u00f4ng kh\u1ea3 d\u1ee5ng \u0111\u1ec3 giao d\u1ecbch tr\u00ean n\u1ec1n t\u1ea3ng c\u1ee7a [&hellip;]<\/p>\n","protected":false},"author":1,"featured_media":0,"parent":5960,"menu_order":0,"comment_status":"closed","ping_status":"closed","template":"","meta":{"footnotes":""},"class_list":["post-5954","page","type-page","status-publish","hentry"],"_links":{"self":[{"href":"https:\/\/fxprimus.com\/vi\/wp-json\/wp\/v2\/pages\/5954","targetHints":{"allow":["GET"]}}],"collection":[{"href":"https:\/\/fxprimus.com\/vi\/wp-json\/wp\/v2\/pages"}],"about":[{"href":"https:\/\/fxprimus.com\/vi\/wp-json\/wp\/v2\/types\/page"}],"author":[{"embeddable":true,"href":"https:\/\/fxprimus.com\/vi\/wp-json\/wp\/v2\/users\/1"}],"replies":[{"embeddable":true,"href":"https:\/\/fxprimus.com\/vi\/wp-json\/wp\/v2\/comments?post=5954"}],"version-history":[{"count":2,"href":"https:\/\/fxprimus.com\/vi\/wp-json\/wp\/v2\/pages\/5954\/revisions"}],"predecessor-version":[{"id":5964,"href":"https:\/\/fxprimus.com\/vi\/wp-json\/wp\/v2\/pages\/5954\/revisions\/5964"}],"up":[{"embeddable":true,"href":"https:\/\/fxprimus.com\/vi\/wp-json\/wp\/v2\/pages\/5960"}],"wp:attachment":[{"href":"https:\/\/fxprimus.com\/vi\/wp-json\/wp\/v2\/media?parent=5954"}],"curies":[{"name":"wp","href":"https:\/\/api.w.org\/{rel}","templated":true}]}}