{"id":5859,"date":"2025-02-19T13:17:04","date_gmt":"2025-02-19T13:17:04","guid":{"rendered":"https:\/\/myprimusmarkets.com\/tai-lieu-phap-ly\/"},"modified":"2025-09-12T08:07:42","modified_gmt":"2025-09-12T08:07:42","slug":"tai-lieu-phap-ly","status":"publish","type":"page","link":"https:\/\/fxprimus.com\/vi\/tai-lieu-phap-ly\/","title":{"rendered":"T\u00e0i li\u1ec7u ph\u00e1p l\u00fd"},"content":{"rendered":"\t\t<div data-elementor-type=\"wp-page\" data-elementor-id=\"5859\" class=\"elementor elementor-5859 elementor-2879\" data-elementor-post-type=\"page\">\n\t\t\t\t<div class=\"elementor-element elementor-element-24f698d e-flex e-con-boxed e-con e-parent\" data-id=\"24f698d\" data-element_type=\"container\" data-e-type=\"container\">\n\t\t\t\t\t<div class=\"e-con-inner\">\n\t\t\t\t<div class=\"elementor-element elementor-element-faa5c9b elementor-widget elementor-widget-heading\" data-id=\"faa5c9b\" data-element_type=\"widget\" data-e-type=\"widget\" data-widget_type=\"heading.default\">\n\t\t\t\t<div class=\"elementor-widget-container\">\n\t\t\t\t\t<h1 class=\"elementor-heading-title elementor-size-default\">T\u00e0i li\u1ec7u ph\u00e1p l\u00fd<\/h1>\t\t\t\t<\/div>\n\t\t\t\t<\/div>\n\t\t\t\t<div class=\"elementor-element elementor-element-c1c0ac3 elementor-widget__width-initial elementor-widget-mobile__width-inherit elementor-widget elementor-widget-text-editor\" data-id=\"c1c0ac3\" data-element_type=\"widget\" data-e-type=\"widget\" data-widget_type=\"text-editor.default\">\n\t\t\t\t<div class=\"elementor-widget-container\">\n\t\t\t\t\t\t\t\t\t<p>FXPrimus cung c\u1ea5p m\u1ed9t m\u00f4i tr\u01b0\u1eddng giao d\u1ecbch an to\u00e0n v\u00e0 \u0111\u1ea1o \u0111\u1ee9c cho t\u1ea5t c\u1ea3 kh\u00e1ch h\u00e0ng v\u00e0 \u0111\u1ed1i t\u00e1c c\u1ee7a m\u00ecnh. T\u00ecm hi\u1ec3u th\u00eam v\u1ec1 c\u00e1c t\u00e0i li\u1ec7u ph\u00e1p l\u00fd \u0111i\u1ec1u ch\u1ec9nh m\u1ed1i quan h\u1ec7 c\u1ee7a ch\u00fang t\u00f4i v\u00e0 t\u1ea3i xu\u1ed1ng b\u1ea5t k\u1ef3 t\u00e0i li\u1ec7u n\u00e0o b\u1ea1n quan t\u00e2m m\u1ed9t c\u00e1ch d\u1ec5 d\u00e0ng.<\/p>\n\t\t\t\t\t\t\t\t<\/div>\n\t\t\t\t<\/div>\n\t\t<div class=\"elementor-element elementor-element-63bd9b6 e-con-full e-flex e-con e-child\" data-id=\"63bd9b6\" data-element_type=\"container\" data-e-type=\"container\" data-settings=\"{&quot;background_background&quot;:&quot;classic&quot;}\">\n\t\t<div class=\"elementor-element elementor-element-0a1ddb1 e-con-full e-flex e-con e-child\" data-id=\"0a1ddb1\" data-element_type=\"container\" data-e-type=\"container\">\n\t\t\t\t<div class=\"elementor-element elementor-element-6fa4bb9 elementor-widget elementor-widget-text-editor\" data-id=\"6fa4bb9\" data-element_type=\"widget\" data-e-type=\"widget\" data-widget_type=\"text-editor.default\">\n\t\t\t\t<div class=\"elementor-widget-container\">\n\t\t\t\t\t\t\t\t\t<h3 class=\"legal-documents__DocumentTitle-sc-y5ioxk-3 biRgNH\">Ch\u00ednh s\u00e1ch b\u1ea3o m\u1eadt<\/h3>\n<p><\/p>\n<div class=\"legal-documents__DocumentDescription-sc-y5ioxk-4 jaoOGi\">B\u1ea3o v\u1ec7 quy\u1ec1n ri\u00eang t\u01b0 v\u00e0 b\u1ea3o m\u1eadt th\u00f4ng tin c\u00e1 nh\u00e2n c\u0169ng nh\u01b0 t\u00e0i ch\u00ednh c\u1ee7a kh\u00e1ch h\u00e0ng v\u00e0 ng\u01b0\u1eddi truy c\u1eadp trang web FXPrimus l\u00e0 m\u1ed9t trong nh\u1eefng \u01b0u ti\u00ean h\u00e0ng \u0111\u1ea7u c\u1ee7a ch\u00fang t\u00f4i. Ch\u00ednh s\u00e1ch Quy\u1ec1n ri\u00eang t\u01b0 sau \u0111\u00e2y gi\u1ea3i th\u00edch c\u00e1ch ch\u00fang t\u00f4i thu th\u1eadp v\u00e0 b\u1ea3o v\u1ec7 th\u00f4ng tin c\u1ee7a b\u1ea1n.<\/div>\n\t\t\t\t\t\t\t\t<\/div>\n\t\t\t\t<\/div>\n\t\t\t\t<div class=\"elementor-element elementor-element-1046783 primusButton elementor-widget elementor-widget-button\" data-id=\"1046783\" data-element_type=\"widget\" data-e-type=\"widget\" data-widget_type=\"button.default\">\n\t\t\t\t<div class=\"elementor-widget-container\">\n\t\t\t\t\t\t\t\t\t<div class=\"elementor-button-wrapper\">\n\t\t\t\t\t<a class=\"elementor-button elementor-button-link elementor-size-sm\" href=\"https:\/\/fxprimus.com\/vi\/chinh-sach-bao-mat\/\" title=\"Xem ch\u00ednh s\u00e1ch\">\n\t\t\t\t\t\t<span class=\"elementor-button-content-wrapper\">\n\t\t\t\t\t\t\t\t\t<span class=\"elementor-button-text\">Xem ch\u00ednh s\u00e1ch<\/span>\n\t\t\t\t\t<\/span>\n\t\t\t\t\t<\/a>\n\t\t\t\t<\/div>\n\t\t\t\t\t\t\t\t<\/div>\n\t\t\t\t<\/div>\n\t\t\t\t<div class=\"elementor-element elementor-element-0c23157 primusButton elementor-widget elementor-widget-button\" data-id=\"0c23157\" data-element_type=\"widget\" data-e-type=\"widget\" data-widget_type=\"button.default\">\n\t\t\t\t<div class=\"elementor-widget-container\">\n\t\t\t\t\t\t\t\t\t<div class=\"elementor-button-wrapper\">\n\t\t\t\t\t<a class=\"elementor-button elementor-button-link elementor-size-sm\" href=\"\/wp-content\/uploads\/2025\/02\/fxprimus-privacy-policy.pdf\" target=\"_blank\" title=\"Xem PDF\">\n\t\t\t\t\t\t<span class=\"elementor-button-content-wrapper\">\n\t\t\t\t\t\t\t\t\t<span class=\"elementor-button-text\">Xem PDF<\/span>\n\t\t\t\t\t<\/span>\n\t\t\t\t\t<\/a>\n\t\t\t\t<\/div>\n\t\t\t\t\t\t\t\t<\/div>\n\t\t\t\t<\/div>\n\t\t\t\t<\/div>\n\t\t\t\t<div class=\"elementor-element elementor-element-d8cb8c0 elementor-widget-divider--view-line elementor-widget elementor-widget-divider\" data-id=\"d8cb8c0\" data-element_type=\"widget\" data-e-type=\"widget\" data-widget_type=\"divider.default\">\n\t\t\t\t<div class=\"elementor-widget-container\">\n\t\t\t\t\t\t\t<div class=\"elementor-divider\">\n\t\t\t<span class=\"elementor-divider-separator\">\n\t\t\t\t\t\t<\/span>\n\t\t<\/div>\n\t\t\t\t\t\t<\/div>\n\t\t\t\t<\/div>\n\t\t<div class=\"elementor-element elementor-element-c91b152 e-con-full e-flex e-con e-child\" data-id=\"c91b152\" data-element_type=\"container\" data-e-type=\"container\">\n\t\t\t\t<div class=\"elementor-element elementor-element-2bb2b95 elementor-widget elementor-widget-text-editor\" data-id=\"2bb2b95\" data-element_type=\"widget\" data-e-type=\"widget\" data-widget_type=\"text-editor.default\">\n\t\t\t\t<div class=\"elementor-widget-container\">\n\t\t\t\t\t\t\t\t\t<h3 class=\"legal-documents__DocumentTitle-sc-y5ioxk-3 biRgNH\">Th\u1ecfa thu\u1eadn Kh\u00e1ch h\u00e0ng<\/h3>\n<p><\/p>\n<div class=\"legal-documents__DocumentDescription-sc-y5ioxk-4 jaoOGi\">Th\u1ecfa thu\u1eadn Kh\u00e1ch h\u00e0ng x\u00e1c \u0111\u1ecbnh c\u00e1c quy t\u1eafc \u0111i\u1ec1u ch\u1ec9nh m\u1ed1i quan h\u1ec7 gi\u1eefa FXPrimus v\u00e0 Kh\u00e1ch h\u00e0ng.<\/div>\n\t\t\t\t\t\t\t\t<\/div>\n\t\t\t\t<\/div>\n\t\t\t\t<div class=\"elementor-element elementor-element-2cd56d9 primusButton elementor-widget elementor-widget-button\" data-id=\"2cd56d9\" data-element_type=\"widget\" data-e-type=\"widget\" data-widget_type=\"button.default\">\n\t\t\t\t<div class=\"elementor-widget-container\">\n\t\t\t\t\t\t\t\t\t<div class=\"elementor-button-wrapper\">\n\t\t\t\t\t<a class=\"elementor-button elementor-button-link elementor-size-sm\" href=\"\/wp-content\/uploads\/2025\/09\/fxprimus-client-agreement-September-2025.pdf\" target=\"_blank\" title=\"Xem th\u1ecfa thu\u1eadn\">\n\t\t\t\t\t\t<span class=\"elementor-button-content-wrapper\">\n\t\t\t\t\t\t\t\t\t<span class=\"elementor-button-text\">Xem th\u1ecfa thu\u1eadn PDF<\/span>\n\t\t\t\t\t<\/span>\n\t\t\t\t\t<\/a>\n\t\t\t\t<\/div>\n\t\t\t\t\t\t\t\t<\/div>\n\t\t\t\t<\/div>\n\t\t\t\t<\/div>\n\t\t\t\t<div class=\"elementor-element elementor-element-a79c133 elementor-widget-divider--view-line elementor-widget elementor-widget-divider\" data-id=\"a79c133\" data-element_type=\"widget\" data-e-type=\"widget\" data-widget_type=\"divider.default\">\n\t\t\t\t<div class=\"elementor-widget-container\">\n\t\t\t\t\t\t\t<div class=\"elementor-divider\">\n\t\t\t<span class=\"elementor-divider-separator\">\n\t\t\t\t\t\t<\/span>\n\t\t<\/div>\n\t\t\t\t\t\t<\/div>\n\t\t\t\t<\/div>\n\t\t<div class=\"elementor-element elementor-element-f5bf08f e-con-full e-flex e-con e-child\" data-id=\"f5bf08f\" data-element_type=\"container\" data-e-type=\"container\">\n\t\t\t\t<div class=\"elementor-element elementor-element-7332284 elementor-widget elementor-widget-text-editor\" data-id=\"7332284\" data-element_type=\"widget\" data-e-type=\"widget\" data-widget_type=\"text-editor.default\">\n\t\t\t\t<div class=\"elementor-widget-container\">\n\t\t\t\t\t\t\t\t\t<h3 class=\"legal-documents__DocumentTitle-sc-y5ioxk-3 biRgNH\">Tuy\u00ean b\u1ed1 R\u1ee7i ro<\/h3>\n<p><\/p>\n<div class=\"legal-documents__DocumentDescription-sc-y5ioxk-4 jaoOGi\">T\u00e0i li\u1ec7u n\u00e0y \u0111\u1ec1 c\u1eadp \u0111\u1ebfn c\u00e1c r\u1ee7i ro li\u00ean quan \u0111\u1ebfn ho\u1ea1t \u0111\u1ed9ng giao d\u1ecbch tr\u00ean th\u1ecb tr\u01b0\u1eddng t\u00e0i ch\u00ednh.<\/div>\n\t\t\t\t\t\t\t\t<\/div>\n\t\t\t\t<\/div>\n\t\t\t\t<div class=\"elementor-element elementor-element-fe2b36f primusButton elementor-widget elementor-widget-button\" data-id=\"fe2b36f\" data-element_type=\"widget\" data-e-type=\"widget\" data-widget_type=\"button.default\">\n\t\t\t\t<div class=\"elementor-widget-container\">\n\t\t\t\t\t\t\t\t\t<div class=\"elementor-button-wrapper\">\n\t\t\t\t\t<a class=\"elementor-button elementor-button-link elementor-size-sm\" href=\"\/wp-content\/uploads\/2025\/02\/fxprimus-risk-disclosure.pdf\" target=\"_blank\" title=\"Xem tuy\u00ean b\u1ed1\">\n\t\t\t\t\t\t<span class=\"elementor-button-content-wrapper\">\n\t\t\t\t\t\t\t\t\t<span class=\"elementor-button-text\">Xem tuy\u00ean b\u1ed1 PDF<\/span>\n\t\t\t\t\t<\/span>\n\t\t\t\t\t<\/a>\n\t\t\t\t<\/div>\n\t\t\t\t\t\t\t\t<\/div>\n\t\t\t\t<\/div>\n\t\t\t\t<\/div>\n\t\t\t\t<div class=\"elementor-element elementor-element-14c7855 elementor-widget-divider--view-line elementor-widget elementor-widget-divider\" data-id=\"14c7855\" data-element_type=\"widget\" data-e-type=\"widget\" data-widget_type=\"divider.default\">\n\t\t\t\t<div class=\"elementor-widget-container\">\n\t\t\t\t\t\t\t<div class=\"elementor-divider\">\n\t\t\t<span class=\"elementor-divider-separator\">\n\t\t\t\t\t\t<\/span>\n\t\t<\/div>\n\t\t\t\t\t\t<\/div>\n\t\t\t\t<\/div>\n\t\t<div class=\"elementor-element elementor-element-1479d1c e-con-full e-flex e-con e-child\" data-id=\"1479d1c\" data-element_type=\"container\" data-e-type=\"container\">\n\t\t\t\t<div class=\"elementor-element elementor-element-3761305 elementor-widget elementor-widget-text-editor\" data-id=\"3761305\" data-element_type=\"widget\" data-e-type=\"widget\" data-widget_type=\"text-editor.default\">\n\t\t\t\t<div class=\"elementor-widget-container\">\n\t\t\t\t\t\t\t\t\t<h3 class=\"legal-documents__DocumentTitle-sc-y5ioxk-3 biRgNH\">Th\u1ecfa thu\u1eadn Nh\u00e0 m\u00f4i gi\u1edbi Gi\u1edbi thi\u1ec7u (IB)<\/h3>\n<p><\/p>\n<div class=\"legal-documents__DocumentDescription-sc-y5ioxk-4 jaoOGi\">T\u00e0i li\u1ec7u n\u00e0y n\u00eau r\u00f5 c\u00e1c \u0111i\u1ec1u kho\u1ea3n v\u00e0 \u0111i\u1ec1u ki\u1ec7n m\u00e0 d\u1ef1a v\u00e0o \u0111\u00f3 m\u1ed9t nh\u00e0 m\u00f4i gi\u1edbi gi\u1edbi thi\u1ec7u kh\u00e1ch h\u00e0ng \u0111\u1ebfn FXPrimus.<\/div>\n\t\t\t\t\t\t\t\t<\/div>\n\t\t\t\t<\/div>\n\t\t\t\t<div class=\"elementor-element elementor-element-8ddba15 primusButton elementor-widget elementor-widget-button\" data-id=\"8ddba15\" data-element_type=\"widget\" data-e-type=\"widget\" data-widget_type=\"button.default\">\n\t\t\t\t<div class=\"elementor-widget-container\">\n\t\t\t\t\t\t\t\t\t<div class=\"elementor-button-wrapper\">\n\t\t\t\t\t<a class=\"elementor-button elementor-button-link elementor-size-sm\" href=\"\/wp-content\/uploads\/2025\/02\/fxprimus-ib-agreement.pdf\" target=\"_blank\" title=\"Xem th\u1ecfa thu\u1eadn\">\n\t\t\t\t\t\t<span class=\"elementor-button-content-wrapper\">\n\t\t\t\t\t\t\t\t\t<span class=\"elementor-button-text\">Xem Th\u1ecfa thu\u1eadn PDF<\/span>\n\t\t\t\t\t<\/span>\n\t\t\t\t\t<\/a>\n\t\t\t\t<\/div>\n\t\t\t\t\t\t\t\t<\/div>\n\t\t\t\t<\/div>\n\t\t\t\t<\/div>\n\t\t\t\t<div class=\"elementor-element elementor-element-486e751 elementor-widget-divider--view-line elementor-widget elementor-widget-divider\" data-id=\"486e751\" data-element_type=\"widget\" data-e-type=\"widget\" data-widget_type=\"divider.default\">\n\t\t\t\t<div class=\"elementor-widget-container\">\n\t\t\t\t\t\t\t<div class=\"elementor-divider\">\n\t\t\t<span class=\"elementor-divider-separator\">\n\t\t\t\t\t\t<\/span>\n\t\t<\/div>\n\t\t\t\t\t\t<\/div>\n\t\t\t\t<\/div>\n\t\t<div class=\"elementor-element elementor-element-7dbfde4 e-con-full e-flex e-con e-child\" data-id=\"7dbfde4\" data-element_type=\"container\" data-e-type=\"container\">\n\t\t\t\t<div class=\"elementor-element elementor-element-7e7d9da elementor-widget elementor-widget-text-editor\" data-id=\"7e7d9da\" data-element_type=\"widget\" data-e-type=\"widget\" data-widget_type=\"text-editor.default\">\n\t\t\t\t<div class=\"elementor-widget-container\">\n\t\t\t\t\t\t\t\t\t<h3 class=\"legal-documents__DocumentTitle-sc-y5ioxk-3 biRgNH\">\u0110i\u1ec1u kho\u1ea3n v\u00e0 \u0110i\u1ec1u ki\u1ec7n cho d\u1ecbch v\u1ee5 Sao ch\u00e9p giao d\u1ecbch<\/h3>\n<p><\/p>\n<div class=\"legal-documents__DocumentDescription-sc-y5ioxk-4 jaoOGi\">T\u00e0i li\u1ec7u n\u00e0y n\u00eau r\u00f5 c\u00e1c quy t\u1eafc, tr\u00e1ch nhi\u1ec7m v\u00e0 \u0111i\u1ec1u ki\u1ec7n \u0111i\u1ec1u ch\u1ec9nh ho\u1ea1t \u0111\u1ed9ng s\u1eed d\u1ee5ng d\u1ecbch v\u1ee5 sao ch\u00e9p giao d\u1ecbch, bao g\u1ed3m ngh\u0129a v\u1ee5 c\u1ee7a ng\u01b0\u1eddi d\u00f9ng, tuy\u00ean b\u1ed1 r\u1ee7i ro v\u00e0 c\u00e1c \u0111i\u1ec1u kho\u1ea3n ph\u00e1p l\u00fd cho c\u1ea3 nh\u00e0 cung c\u1ea5p d\u1ecbch v\u1ee5 v\u00e0 ng\u01b0\u1eddi theo d\u00f5i.<\/div>\n\t\t\t\t\t\t\t\t<\/div>\n\t\t\t\t<\/div>\n\t\t\t\t<div class=\"elementor-element elementor-element-9c1e333 primusButton elementor-widget elementor-widget-button\" data-id=\"9c1e333\" data-element_type=\"widget\" data-e-type=\"widget\" data-widget_type=\"button.default\">\n\t\t\t\t<div class=\"elementor-widget-container\">\n\t\t\t\t\t\t\t\t\t<div class=\"elementor-button-wrapper\">\n\t\t\t\t\t<a class=\"elementor-button elementor-button-link elementor-size-sm\" href=\"\/wp-content\/uploads\/2025\/02\/CopyTradingTermsandConditions.pdf\" target=\"_blank\" title=\"Xem ch\u00ednh s\u00e1ch\">\n\t\t\t\t\t\t<span class=\"elementor-button-content-wrapper\">\n\t\t\t\t\t\t\t\t\t<span class=\"elementor-button-text\">Xem ch\u00ednh s\u00e1ch PDF<\/span>\n\t\t\t\t\t<\/span>\n\t\t\t\t\t<\/a>\n\t\t\t\t<\/div>\n\t\t\t\t\t\t\t\t<\/div>\n\t\t\t\t<\/div>\n\t\t\t\t<\/div>\n\t\t\t\t<\/div>\n\t\t\t\t\t<\/div>\n\t\t\t\t<\/div>\n\t\t\t\t<\/div>\n\t\t","protected":false},"excerpt":{"rendered":"<p>T\u00e0i li\u1ec7u ph\u00e1p l\u00fd FXPrimus cung c\u1ea5p m\u1ed9t m\u00f4i tr\u01b0\u1eddng giao d\u1ecbch an to\u00e0n v\u00e0 \u0111\u1ea1o \u0111\u1ee9c cho t\u1ea5t c\u1ea3 kh\u00e1ch h\u00e0ng v\u00e0 \u0111\u1ed1i t\u00e1c c\u1ee7a m\u00ecnh. T\u00ecm hi\u1ec3u th\u00eam v\u1ec1 c\u00e1c t\u00e0i li\u1ec7u ph\u00e1p l\u00fd \u0111i\u1ec1u ch\u1ec9nh m\u1ed1i quan h\u1ec7 c\u1ee7a ch\u00fang t\u00f4i v\u00e0 t\u1ea3i xu\u1ed1ng b\u1ea5t k\u1ef3 t\u00e0i li\u1ec7u n\u00e0o b\u1ea1n quan t\u00e2m [&hellip;]<\/p>\n","protected":false},"author":1,"featured_media":0,"parent":0,"menu_order":0,"comment_status":"closed","ping_status":"closed","template":"","meta":{"footnotes":""},"class_list":["post-5859","page","type-page","status-publish","hentry"],"_links":{"self":[{"href":"https:\/\/fxprimus.com\/vi\/wp-json\/wp\/v2\/pages\/5859","targetHints":{"allow":["GET"]}}],"collection":[{"href":"https:\/\/fxprimus.com\/vi\/wp-json\/wp\/v2\/pages"}],"about":[{"href":"https:\/\/fxprimus.com\/vi\/wp-json\/wp\/v2\/types\/page"}],"author":[{"embeddable":true,"href":"https:\/\/fxprimus.com\/vi\/wp-json\/wp\/v2\/users\/1"}],"replies":[{"embeddable":true,"href":"https:\/\/fxprimus.com\/vi\/wp-json\/wp\/v2\/comments?post=5859"}],"version-history":[{"count":8,"href":"https:\/\/fxprimus.com\/vi\/wp-json\/wp\/v2\/pages\/5859\/revisions"}],"predecessor-version":[{"id":10786,"href":"https:\/\/fxprimus.com\/vi\/wp-json\/wp\/v2\/pages\/5859\/revisions\/10786"}],"wp:attachment":[{"href":"https:\/\/fxprimus.com\/vi\/wp-json\/wp\/v2\/media?parent=5859"}],"curies":[{"name":"wp","href":"https:\/\/api.w.org\/{rel}","templated":true}]}}