{"id":5852,"date":"2025-02-21T15:21:22","date_gmt":"2025-02-21T15:21:22","guid":{"rendered":"https:\/\/myprimusmarkets.com\/tien-thuong-100\/"},"modified":"2025-12-03T15:24:48","modified_gmt":"2025-12-03T15:24:48","slug":"tien-thuong-100","status":"publish","type":"page","link":"https:\/\/fxprimus.com\/vi\/khuyen-mai\/tien-thuong-100\/","title":{"rendered":"Ti\u1ec1n th\u01b0\u1edfng 100%"},"content":{"rendered":"\t\t<div data-elementor-type=\"wp-page\" data-elementor-id=\"5852\" class=\"elementor elementor-5852 elementor-3253\" data-elementor-post-type=\"page\">\n\t\t\t\t<div class=\"elementor-element elementor-element-9791ed2 e-flex e-con-boxed e-con e-parent\" data-id=\"9791ed2\" data-element_type=\"container\" data-e-type=\"container\" data-settings=\"{&quot;background_background&quot;:&quot;classic&quot;}\">\n\t\t\t\t\t<div class=\"e-con-inner\">\n\t\t<div class=\"elementor-element elementor-element-ae3a08f e-con-full e-flex e-con e-child\" data-id=\"ae3a08f\" data-element_type=\"container\" data-e-type=\"container\">\n\t\t\t\t<div class=\"elementor-element elementor-element-3470441 elementor-widget elementor-widget-heading\" data-id=\"3470441\" data-element_type=\"widget\" data-e-type=\"widget\" data-widget_type=\"heading.default\">\n\t\t\t\t<div class=\"elementor-widget-container\">\n\t\t\t\t\t<h1 class=\"elementor-heading-title elementor-size-default\">Ti\u1ec1n th\u01b0\u1edfng 100%<\/h1>\t\t\t\t<\/div>\n\t\t\t\t<\/div>\n\t\t\t\t<div class=\"elementor-element elementor-element-fb9738c elementor-widget__width-initial elementor-widget-laptop__width-initial elementor-widget elementor-widget-text-editor\" data-id=\"fb9738c\" data-element_type=\"widget\" data-e-type=\"widget\" data-widget_type=\"text-editor.default\">\n\t\t\t\t<div class=\"elementor-widget-container\">\n\t\t\t\t\t\t\t\t\tCh\u00fang t\u00f4i \u0111\u00e3 t\u0103ng g\u1ea5p \u0111\u00f4i khuy\u1ebfn m\u00e3i ho\u00e0n ti\u1ec1n t\u1eeb $4 th\u00e0nh $8! Nh\u1eadn ngay $8 ho\u00e0n ti\u1ec1n cho m\u1ed7i LOT giao d\u1ecbch c\u00f9ng v\u1edbi ti\u1ec1n th\u01b0\u1edfng 100%. N\u00e2ng cao ti\u1ec1m n\u0103ng giao d\u1ecbch v\u00e0 \u0111\u1ec3 m\u1ed7i giao d\u1ecbch sinh l\u1eddi nhi\u1ec1u h\u01a1n!\t\t\t\t\t\t\t\t<\/div>\n\t\t\t\t<\/div>\n\t\t<div class=\"elementor-element elementor-element-7a5fbd6 e-con-full e-flex e-con e-child\" data-id=\"7a5fbd6\" data-element_type=\"container\" data-e-type=\"container\">\n\t\t\t\t<div class=\"elementor-element elementor-element-043bf90 client-register-btn primusButton elementor-widget elementor-widget-button\" data-id=\"043bf90\" data-element_type=\"widget\" data-e-type=\"widget\" data-widget_type=\"button.default\">\n\t\t\t\t<div class=\"elementor-widget-container\">\n\t\t\t\t\t\t\t\t\t<div class=\"elementor-button-wrapper\">\n\t\t\t\t\t<a class=\"elementor-button elementor-button-link elementor-size-sm\" href=\"#\" target=\"_blank\" title=\"Nh\u1eadn ti\u1ec1n th\u01b0\u1edfng n\u00e0y\">\n\t\t\t\t\t\t<span class=\"elementor-button-content-wrapper\">\n\t\t\t\t\t\t\t\t\t<span class=\"elementor-button-text\">Nh\u1eadn th\u01b0\u1edfng ngay<\/span>\n\t\t\t\t\t<\/span>\n\t\t\t\t\t<\/a>\n\t\t\t\t<\/div>\n\t\t\t\t\t\t\t\t<\/div>\n\t\t\t\t<\/div>\n\t\t\t\t<div class=\"elementor-element elementor-element-20624ab client-register-btn primusButtonWhite elementor-widget elementor-widget-button\" data-id=\"20624ab\" data-element_type=\"widget\" data-e-type=\"widget\" data-widget_type=\"button.default\">\n\t\t\t\t<div class=\"elementor-widget-container\">\n\t\t\t\t\t\t\t\t\t<div class=\"elementor-button-wrapper\">\n\t\t\t\t\t<a class=\"elementor-button elementor-button-link elementor-size-sm\" href=\"#\" target=\"_blank\" title=\"\u0110\u0103ng k\u00fd tham gia FXPrimus\">\n\t\t\t\t\t\t<span class=\"elementor-button-content-wrapper\">\n\t\t\t\t\t\t\t\t\t<span class=\"elementor-button-text\">M\u1edf t\u00e0i kho\u1ea3n<\/span>\n\t\t\t\t\t<\/span>\n\t\t\t\t\t<\/a>\n\t\t\t\t<\/div>\n\t\t\t\t\t\t\t\t<\/div>\n\t\t\t\t<\/div>\n\t\t\t\t<\/div>\n\t\t\t\t<\/div>\n\t\t<div class=\"elementor-element elementor-element-f97841b e-con-full e-flex e-con e-child\" data-id=\"f97841b\" data-element_type=\"container\" data-e-type=\"container\">\n\t\t\t\t<\/div>\n\t\t\t\t\t<\/div>\n\t\t\t\t<\/div>\n\t\t<div class=\"elementor-element elementor-element-c16e2f5 e-flex e-con-boxed e-con e-parent\" data-id=\"c16e2f5\" data-element_type=\"container\" data-e-type=\"container\">\n\t\t\t\t\t<div class=\"e-con-inner\">\n\t\t\t\t<div class=\"elementor-element elementor-element-46cfccb elementor-widget__width-initial elementor-widget elementor-widget-heading\" data-id=\"46cfccb\" data-element_type=\"widget\" data-e-type=\"widget\" data-widget_type=\"heading.default\">\n\t\t\t\t<div class=\"elementor-widget-container\">\n\t\t\t\t\t<h2 class=\"elementor-heading-title elementor-size-default\">Giao d\u1ecbch nhi\u1ec1u h\u01a1n, ki\u1ebfm ti\u1ec1n nhi\u1ec1u h\u01a1n:<span style=\"color:#00BDAF\"> \u01afu \u0111\u00e3i Ti\u1ec1n th\u01b0\u1edfng 100%<\/span> \u0111\u00e3 tr\u1edf n\u00ean t\u1ed1t h\u01a1n<\/h2>\t\t\t\t<\/div>\n\t\t\t\t<\/div>\n\t\t\t\t<div class=\"elementor-element elementor-element-76a947e elementor-widget__width-initial elementor-widget elementor-widget-text-editor\" data-id=\"76a947e\" data-element_type=\"widget\" data-e-type=\"widget\" data-widget_type=\"text-editor.default\">\n\t\t\t\t<div class=\"elementor-widget-container\">\n\t\t\t\t\t\t\t\t\tV\u1edbi FXPrimus, b\u1ea1n c\u00f3 c\u01a1 h\u1ed9i \u0111\u1ed9c quy\u1ec1n \u0111\u1ec3 nh\u1eadn g\u1ea5p \u0111\u00f4i kho\u1ea3n ti\u1ec1n n\u1ea1p ban \u0111\u1ea7u v\u00e0 gia t\u0103ng s\u1ee9c mua th\u00eam 100%. T\u1eadn d\u1ee5ng t\u1ed1i \u0111a khuy\u1ebfn m\u00e3i c\u00f3 th\u1eddi h\u1ea1n n\u00e0y v\u00e0 b\u1eaft \u0111\u1ea7u t\u1ef1 tin giao d\u1ecbch khi bi\u1ebft r\u1eb1ng ti\u1ec1n th\u01b0\u1edfng v\u00e0 ti\u1ec1n \u0111\u01b0\u1ee3c ho\u00e0n c\u1ee7a b\u1ea1n mang l\u1ea1i l\u1ee3i th\u1ebf v\u01b0\u1ee3t tr\u1ed9i tr\u00ean th\u1ecb tr\u01b0\u1eddng.\t\t\t\t\t\t\t\t<\/div>\n\t\t\t\t<\/div>\n\t\t<div class=\"elementor-element elementor-element-9efb635 e-con-full e-flex e-con e-child\" data-id=\"9efb635\" data-element_type=\"container\" data-e-type=\"container\">\n\t\t<div class=\"elementor-element elementor-element-4131875 e-con-full e-flex e-con e-child\" data-id=\"4131875\" data-element_type=\"container\" data-e-type=\"container\" data-settings=\"{&quot;background_background&quot;:&quot;classic&quot;}\">\n\t\t\t\t<div class=\"elementor-element elementor-element-eec1626 elementor-widget elementor-widget-heading\" data-id=\"eec1626\" data-element_type=\"widget\" data-e-type=\"widget\" data-widget_type=\"heading.default\">\n\t\t\t\t<div class=\"elementor-widget-container\">\n\t\t\t\t\t<h3 class=\"elementor-heading-title elementor-size-default\">\u0110i\u1ec1u ki\u1ec7n tham gia<\/h3>\t\t\t\t<\/div>\n\t\t\t\t<\/div>\n\t\t\t\t<div class=\"elementor-element elementor-element-aaaa5c0 elementor-widget elementor-widget-text-editor\" data-id=\"aaaa5c0\" data-element_type=\"widget\" data-e-type=\"widget\" data-widget_type=\"text-editor.default\">\n\t\t\t\t<div class=\"elementor-widget-container\">\n\t\t\t\t\t\t\t\t\t<strong>Kh\u00e1ch h\u00e0ng \u0111\u1ee7 \u0111i\u1ec1u ki\u1ec7n:<\/strong> \u01afu \u0111\u00e3i \u00e1p d\u1ee5ng cho c\u1ea3 kh\u00e1ch h\u00e0ng m\u1edbi v\u00e0 kh\u00e1ch h\u00e0ng hi\u1ec7n t\u1ea1i v\u1edbi t\u00e0i kho\u1ea3n b\u1eb1ng b\u1ea5t k\u1ef3 \u0111\u1ed3ng ti\u1ec1n n\u00e0o.<br><br><strong>Lo\u1ea1i t\u00e0i kho\u1ea3n:<\/strong> T\u00e0i kho\u1ea3n PrimusClassic v\u00e0 PrimusPro \u0111\u1ee7 \u0111i\u1ec1u ki\u1ec7n.<br><br><strong>Ti\u1ec1n n\u1ea1p t\u1ed1i thi\u1ec3u:<\/strong> S\u1ed1 ti\u1ec1n n\u1ea1p t\u1ed1i thi\u1ec3u \u0111\u1ec3 \u0111\u1ee7 \u0111i\u1ec1u ki\u1ec7n nh\u1eadn \u01b0u \u0111\u00e3i l\u00e0 $200 ho\u1eb7c t\u01b0\u01a1ng \u0111\u01b0\u01a1ng.<br><br><strong>Ti\u1ec1n th\u01b0\u1edfng t\u1ed1i \u0111a:<\/strong> Ti\u1ec1n th\u01b0\u1edfng t\u1ed1i \u0111a b\u1ea1n c\u00f3 th\u1ec3 nh\u1eadn \u0111\u01b0\u1ee3c l\u00e0 $20.000.<br><br><strong>C\u00f4ng c\u1ee5 \u0111\u1ee7 \u0111i\u1ec1u ki\u1ec7n<\/strong>: T\u1ea5t c\u1ea3 c\u00e1c c\u00f4ng c\u1ee5 \u0111\u01b0\u1ee3c cung c\u1ea5p b\u1edfi Primus Markets, ngo\u1ea1i tr\u1eeb c\u1ed5 phi\u1ebfu M\u1ef9, \u0111\u1ec1u \u0111\u1ee7 \u0111i\u1ec1u ki\u1ec7n.<br><br><strong>\u0110\u00f2n b\u1ea9y:<\/strong> M\u1ee9c \u0111\u00f2n b\u1ea9y t\u1ed1i \u0111a v\u1edbi \u01b0u \u0111\u00e3i n\u00e0y l\u00e0 300:1.\t\t\t\t\t\t\t\t<\/div>\n\t\t\t\t<\/div>\n\t\t\t\t<\/div>\n\t\t<div class=\"elementor-element elementor-element-ff600d7 e-con-full e-flex e-con e-child\" data-id=\"ff600d7\" data-element_type=\"container\" data-e-type=\"container\" data-settings=\"{&quot;background_background&quot;:&quot;classic&quot;}\">\n\t\t\t\t<div class=\"elementor-element elementor-element-6543ec6 elementor-widget elementor-widget-heading\" data-id=\"6543ec6\" data-element_type=\"widget\" data-e-type=\"widget\" data-widget_type=\"heading.default\">\n\t\t\t\t<div class=\"elementor-widget-container\">\n\t\t\t\t\t<h3 class=\"elementor-heading-title elementor-size-default\">C\u00e1ch nh\u1eadn th\u01b0\u1edfng<\/h3>\t\t\t\t<\/div>\n\t\t\t\t<\/div>\n\t\t\t\t<div class=\"elementor-element elementor-element-c0ee90b elementor-widget elementor-widget-text-editor\" data-id=\"c0ee90b\" data-element_type=\"widget\" data-e-type=\"widget\" data-widget_type=\"text-editor.default\">\n\t\t\t\t<div class=\"elementor-widget-container\">\n\t\t\t\t\t\t\t\t\t<h4><strong>Th\u1eadt d\u1ec5 d\u00e0ng! \u0110\u1ec3 nh\u1eadn th\u01b0\u1edfng, vui l\u00f2ng l\u00e0m theo h\u01b0\u1edbng d\u1eabn sau:<\/strong><\/h4><br><strong>1) \u0110\u0103ng nh\u1eadp:<\/strong> \u0110\u0103ng nh\u1eadp v\u00e0o t\u00e0i kho\u1ea3n FXPrimus c\u1ee7a b\u1ea1n ho\u1eb7c \u0111\u0103ng k\u00fd n\u1ebfu b\u1ea1n l\u00e0 ng\u01b0\u1eddi m\u1edbi.<br><br><strong>2) N\u1ea1p ti\u1ec1n:<\/strong> N\u1ea1p t\u1ed1i thi\u1ec3u $200 ho\u1eb7c nhi\u1ec1u h\u01a1n \u0111\u1ec3 \u0111\u1ee7 \u0111i\u1ec1u ki\u1ec7n tham gia ch\u01b0\u01a1ng tr\u00ecnh khuy\u1ebfn m\u00e3i.<br><br><strong>3) K\u00edch ho\u1ea1t ti\u1ec1n th\u01b0\u1edfng:<\/strong> Truy c\u1eadp m\u1ee5c &#8220;Khuy\u1ebfn m\u00e3i&#8221; trong khu v\u1ef1c kh\u00e1ch h\u00e0ng, ch\u1ecdn &#8220;Ti\u1ec1n th\u01b0\u1edfng 100%&#8221; v\u00e0 b\u1ea5m &#8220;K\u00edch ho\u1ea1t&#8221;.<br><br><strong>4) B\u1eaft \u0111\u1ea7u giao d\u1ecbch:<\/strong> Ti\u1ec1n th\u01b0\u1edfng c\u1ee7a b\u1ea1n s\u1ebd \u0111\u01b0\u1ee3c c\u1ed9ng v\u00e0o t\u00e0i kho\u1ea3n ngay l\u1eadp t\u1ee9c. V\u1edbi m\u1ed7i lot ti\u00eau chu\u1ea9n m\u00e0 b\u1ea1n giao d\u1ecbch, b\u1ea1n s\u1ebd nh\u1eadn m\u1ee9c ho\u00e0n ti\u1ec1n theo lo\u1ea1i t\u00e0i kho\u1ea3n c\u1ee7a b\u1ea1n.\t\t\t\t\t\t\t\t<\/div>\n\t\t\t\t<\/div>\n\t\t\t\t<\/div>\n\t\t\t\t<\/div>\n\t\t\t\t<div class=\"elementor-element elementor-element-45fd5bc elementor-widget__width-initial elementor-widget elementor-widget-text-editor\" data-id=\"45fd5bc\" data-element_type=\"widget\" data-e-type=\"widget\" data-widget_type=\"text-editor.default\">\n\t\t\t\t<div class=\"elementor-widget-container\">\n\t\t\t\t\t\t\t\t\t<h3><strong>\u0110i\u1ec1u kho\u1ea3n &amp; \u0110i\u1ec1u ki\u1ec7n<\/strong><\/h3><br><strong>Nh\u1eefng \u0111i\u1ec3m ch\u00ednh c\u1ea7n l\u01b0u \u00fd:<\/strong><br><br><strong>\u01afu \u0111\u00e3i c\u00f3 th\u1eddi h\u1ea1n:<\/strong> Ti\u1ec1n th\u01b0\u1edfng c\u1ee7a b\u1ea1n ch\u1ec9 c\u00f3 hi\u1ec7u l\u1ef1c trong m\u1ed9t kho\u1ea3ng th\u1eddi gian gi\u1edbi h\u1ea1n.<br><br><strong>M\u1ee5c \u0111\u00edch s\u1eed d\u1ee5ng ti\u1ec1n th\u01b0\u1edfng:<\/strong> Ti\u1ec1n th\u01b0\u1edfng ch\u1ec9 \u0111\u01b0\u1ee3c s\u1eed d\u1ee5ng cho m\u1ee5c \u0111\u00edch giao d\u1ecbch v\u00e0 kh\u00f4ng th\u1ec3 r\u00fat ra.<br><br><strong>T\u1ef7 l\u1ec7 ho\u00e0n ti\u1ec1n:<\/strong> T\u00e0i kho\u1ea3n PrimusPro: $8 m\u1ed7i lot. T\u00e0i kho\u1ea3n PrimusClassic: $4 m\u1ed7i lot.<br><br><strong>\u1ea2nh h\u01b0\u1edfng khi m\u1ea5t ti\u1ec1n th\u01b0\u1edfng:<\/strong> N\u1ebfu ti\u1ec1n th\u01b0\u1edfng b\u1ecb m\u1ea5t, b\u1ea1n s\u1ebd kh\u00f4ng \u0111\u01b0\u1ee3c ho\u00e0n ti\u1ec1n cho b\u1ea5t k\u1ef3 v\u1ecb th\u1ebf m\u1edf n\u00e0o.<br><br>\u1ea2nh h\u01b0\u1edfng khi <strong>r\u00fat ti\u1ec1n<\/strong>: B\u1ea5t k\u1ef3 giao d\u1ecbch r\u00fat ti\u1ec1n n\u00e0o t\u1eeb t\u00e0i kho\u1ea3n s\u1ebd d\u1eabn \u0111\u1ebfn t\u1ef7 l\u1ec7 th\u01b0\u1edfng b\u1ecb gi\u1ea3m t\u01b0\u01a1ng \u1ee9ng.<br><br><strong>Gi\u1edbi h\u1ea1n \u0111\u00f2n b\u1ea9y:<\/strong> T\u1ef7 l\u1ec7 \u0111\u00f2n b\u1ea9y t\u1ed1i \u0111a l\u00e0 300:1. N\u1ebfu \u0111\u00f2n b\u1ea9y hi\u1ec7n t\u1ea1i c\u1ee7a b\u1ea1n v\u01b0\u1ee3t qu\u00e1 m\u1ee9c n\u00e0y, n\u00f3 s\u1ebd \u0111\u01b0\u1ee3c \u0111i\u1ec1u ch\u1ec9nh khi b\u1ea1n nh\u1eadn th\u01b0\u1edfng.<br><br><strong>Stop-Out (M\u1ee9c ng\u01b0ng giao d\u1ecbch):<\/strong> M\u1ee9c ng\u01b0ng giao d\u1ecbch \u0111\u01b0\u1ee3c c\u00e0i \u0111\u1eb7t l\u00e0 100%. Khi m\u1ee9c k\u00fd qu\u1ef9 c\u1ee7a b\u1ea1n \u0111\u1ea1t 100%, h\u1ec7 th\u1ed1ng s\u1ebd \u0111\u00f3ng c\u00e1c v\u1ecb th\u1ebf c\u1ee7a b\u1ea1n, b\u1eaft \u0111\u1ea7u t\u1eeb v\u1ecb th\u1ebf l\u1ed7 nhi\u1ec1u nh\u1ea5t.<br><br><strong>\u0110\u1ed1i t\u01b0\u1ee3ng kh\u00f4ng \u0111\u1ee7 \u0111i\u1ec1u ki\u1ec7n:<\/strong> \u01afu \u0111\u00e3i n\u00e0y kh\u00f4ng \u00e1p d\u1ee5ng cho c\u00e1c t\u00e0i kho\u1ea3n MAM, PAMM, Copy Trading ho\u1eb7c PrimusZero.<br><br><strong>\u01afu \u0111\u00e3i \u0111\u1ed9c quy\u1ec1n<\/strong> Khuy\u1ebfn m\u00e3i n\u00e0y kh\u00f4ng th\u1ec3 k\u1ebft h\u1ee3p v\u1edbi b\u1ea5t k\u1ef3 \u01b0u \u0111\u00e3i ho\u1eb7c ch\u01b0\u01a1ng tr\u00ecnh ti\u1ec1n th\u01b0\u1edfng n\u00e0o kh\u00e1c.<br><br>Xem to\u00e0n b\u1ed9 <a href=\"\/wp-content\/uploads\/2025\/06\/100BonusTCs_Jan2025.pdf\" target=\"_blank\" rel=\"noopener\">\u0111i\u1ec1u kho\u1ea3n v\u00e0 \u0111i\u1ec1u ki\u1ec7n<\/a> \u0111\u1ec3 \u0111\u1ea3m b\u1ea3o b\u1ea1n \u0111\u00e1p \u1ee9ng c\u00e1c y\u00eau c\u1ea7u v\u00e0 \u0111i\u1ec1u ki\u1ec7n.\t\t\t\t\t\t\t\t<\/div>\n\t\t\t\t<\/div>\n\t\t\t\t\t<\/div>\n\t\t\t\t<\/div>\n\t\t<div class=\"elementor-element elementor-element-1b08511 e-flex e-con-boxed e-con e-parent\" data-id=\"1b08511\" data-element_type=\"container\" data-e-type=\"container\" data-settings=\"{&quot;background_background&quot;:&quot;gradient&quot;}\">\n\t\t\t\t\t<div class=\"e-con-inner\">\n\t\t\t\t<div class=\"elementor-element elementor-element-8ed3dc8 elementor-widget-mobile__width-initial elementor-absolute elementor-widget elementor-widget-image\" data-id=\"8ed3dc8\" data-element_type=\"widget\" data-e-type=\"widget\" data-settings=\"{&quot;_position&quot;:&quot;absolute&quot;}\" data-widget_type=\"image.default\">\n\t\t\t\t<div class=\"elementor-widget-container\">\n\t\t\t\t\t\t\t\t\t\t\t\t\t\t\t<img fetchpriority=\"high\" decoding=\"async\" width=\"375\" height=\"485\" src=\"https:\/\/fxprimus.com\/wp-content\/uploads\/2025\/01\/CTA-Bar-Left.png\" class=\"attachment-large size-large wp-image-486\" alt=\"CTA Bar Left\" srcset=\"https:\/\/fxprimus.com\/wp-content\/uploads\/2025\/01\/CTA-Bar-Left.png 375w, https:\/\/fxprimus.com\/wp-content\/uploads\/2025\/01\/CTA-Bar-Left-232x300.png 232w\" sizes=\"(max-width: 375px) 100vw, 375px\" \/>\t\t\t\t\t\t\t\t\t\t\t\t\t\t\t<\/div>\n\t\t\t\t<\/div>\n\t\t\t\t<div class=\"elementor-element elementor-element-f23602c elementor-absolute elementor-hidden-mobile elementor-widget elementor-widget-image\" data-id=\"f23602c\" data-element_type=\"widget\" data-e-type=\"widget\" data-settings=\"{&quot;_position&quot;:&quot;absolute&quot;}\" data-widget_type=\"image.default\">\n\t\t\t\t<div class=\"elementor-widget-container\">\n\t\t\t\t\t\t\t\t\t\t\t\t\t\t\t<img decoding=\"async\" width=\"375\" height=\"485\" src=\"https:\/\/fxprimus.com\/wp-content\/uploads\/2025\/01\/CTA-Bar-Left-Actual.png\" class=\"attachment-large size-large wp-image-487\" alt=\"CTA Bar Left Actual\" srcset=\"https:\/\/fxprimus.com\/wp-content\/uploads\/2025\/01\/CTA-Bar-Left-Actual.png 375w, https:\/\/fxprimus.com\/wp-content\/uploads\/2025\/01\/CTA-Bar-Left-Actual-232x300.png 232w\" sizes=\"(max-width: 375px) 100vw, 375px\" \/>\t\t\t\t\t\t\t\t\t\t\t\t\t\t\t<\/div>\n\t\t\t\t<\/div>\n\t\t<div class=\"elementor-element elementor-element-8392dff e-con-full e-flex e-con e-child\" data-id=\"8392dff\" data-element_type=\"container\" data-e-type=\"container\" data-settings=\"{&quot;background_background&quot;:&quot;classic&quot;}\">\n\t\t<div class=\"elementor-element elementor-element-29c9b4b e-con-full e-flex e-con e-child\" data-id=\"29c9b4b\" data-element_type=\"container\" data-e-type=\"container\">\n\t\t\t\t<div class=\"elementor-element elementor-element-aef8bc0 elementor-widget elementor-widget-heading\" data-id=\"aef8bc0\" data-element_type=\"widget\" data-e-type=\"widget\" data-widget_type=\"heading.default\">\n\t\t\t\t<div class=\"elementor-widget-container\">\n\t\t\t\t\t<span class=\"elementor-heading-title elementor-size-default\">B\u1eaft \u0111\u1ea7u giao d\u1ecbch ngay h\u00f4m nay<\/span>\t\t\t\t<\/div>\n\t\t\t\t<\/div>\n\t\t\t\t<div class=\"elementor-element elementor-element-1bd44d3 elementor-widget elementor-widget-heading\" data-id=\"1bd44d3\" data-element_type=\"widget\" data-e-type=\"widget\" data-widget_type=\"heading.default\">\n\t\t\t\t<div class=\"elementor-widget-container\">\n\t\t\t\t\t<h2 class=\"elementor-heading-title elementor-size-default\">M\u1edf t\u00e0i kho\u1ea3n c\u1ee7a b\u1ea1n<\/h2>\t\t\t\t<\/div>\n\t\t\t\t<\/div>\n\t\t\t\t<\/div>\n\t\t<div class=\"elementor-element elementor-element-9af6ce5 e-con-full e-flex e-con e-child\" data-id=\"9af6ce5\" data-element_type=\"container\" data-e-type=\"container\">\n\t\t\t\t<div class=\"elementor-element elementor-element-1dcfe38 client-login-btn primusButton elementor-widget elementor-widget-global elementor-global-8032 elementor-global-7743 elementor-widget-button\" data-id=\"1dcfe38\" data-element_type=\"widget\" data-e-type=\"widget\" data-widget_type=\"button.default\">\n\t\t\t\t<div class=\"elementor-widget-container\">\n\t\t\t\t\t\t\t\t\t<div class=\"elementor-button-wrapper\">\n\t\t\t\t\t<a class=\"elementor-button elementor-button-link elementor-size-sm\" href=\"#\" target=\"_blank\" title=\"\u0110\u0103ng nh\u1eadp FXPrimus\">\n\t\t\t\t\t\t<span class=\"elementor-button-content-wrapper\">\n\t\t\t\t\t\t\t\t\t<span class=\"elementor-button-text\">Giao d\u1ecbch ngay<\/span>\n\t\t\t\t\t<\/span>\n\t\t\t\t\t<\/a>\n\t\t\t\t<\/div>\n\t\t\t\t\t\t\t\t<\/div>\n\t\t\t\t<\/div>\n\t\t\t\t<div class=\"elementor-element elementor-element-f4ca8e1 client-register-btn primusButtonWhite elementor-widget elementor-widget-global elementor-global-8046 elementor-global-7740 elementor-widget-button\" data-id=\"f4ca8e1\" data-element_type=\"widget\" data-e-type=\"widget\" data-widget_type=\"button.default\">\n\t\t\t\t<div class=\"elementor-widget-container\">\n\t\t\t\t\t\t\t\t\t<div class=\"elementor-button-wrapper\">\n\t\t\t\t\t<a class=\"elementor-button elementor-button-link elementor-size-sm\" href=\"#\" target=\"_blank\" title=\"\u0110\u0103ng k\u00fd tham gia FXPrimus\">\n\t\t\t\t\t\t<span class=\"elementor-button-content-wrapper\">\n\t\t\t\t\t\t\t\t\t<span class=\"elementor-button-text\">M\u1edf t\u00e0i kho\u1ea3n<\/span>\n\t\t\t\t\t<\/span>\n\t\t\t\t\t<\/a>\n\t\t\t\t<\/div>\n\t\t\t\t\t\t\t\t<\/div>\n\t\t\t\t<\/div>\n\t\t\t\t<\/div>\n\t\t\t\t<\/div>\n\t\t\t\t\t<\/div>\n\t\t\t\t<\/div>\n\t\t\t\t<\/div>\n\t\t","protected":false},"excerpt":{"rendered":"<p>Ti\u1ec1n th\u01b0\u1edfng 100% Ch\u00fang t\u00f4i \u0111\u00e3 t\u0103ng g\u1ea5p \u0111\u00f4i khuy\u1ebfn m\u00e3i ho\u00e0n ti\u1ec1n t\u1eeb $4 th\u00e0nh $8! Nh\u1eadn ngay $8 ho\u00e0n ti\u1ec1n cho m\u1ed7i LOT giao d\u1ecbch c\u00f9ng v\u1edbi ti\u1ec1n th\u01b0\u1edfng 100%. N\u00e2ng cao ti\u1ec1m n\u0103ng giao d\u1ecbch v\u00e0 \u0111\u1ec3 m\u1ed7i giao d\u1ecbch sinh l\u1eddi nhi\u1ec1u h\u01a1n! Nh\u1eadn th\u01b0\u1edfng ngay M\u1edf t\u00e0i kho\u1ea3n Giao d\u1ecbch [&hellip;]<\/p>\n","protected":false},"author":1,"featured_media":0,"parent":5974,"menu_order":0,"comment_status":"closed","ping_status":"closed","template":"","meta":{"footnotes":""},"class_list":["post-5852","page","type-page","status-publish","hentry"],"_links":{"self":[{"href":"https:\/\/fxprimus.com\/vi\/wp-json\/wp\/v2\/pages\/5852","targetHints":{"allow":["GET"]}}],"collection":[{"href":"https:\/\/fxprimus.com\/vi\/wp-json\/wp\/v2\/pages"}],"about":[{"href":"https:\/\/fxprimus.com\/vi\/wp-json\/wp\/v2\/types\/page"}],"author":[{"embeddable":true,"href":"https:\/\/fxprimus.com\/vi\/wp-json\/wp\/v2\/users\/1"}],"replies":[{"embeddable":true,"href":"https:\/\/fxprimus.com\/vi\/wp-json\/wp\/v2\/comments?post=5852"}],"version-history":[{"count":8,"href":"https:\/\/fxprimus.com\/vi\/wp-json\/wp\/v2\/pages\/5852\/revisions"}],"predecessor-version":[{"id":11461,"href":"https:\/\/fxprimus.com\/vi\/wp-json\/wp\/v2\/pages\/5852\/revisions\/11461"}],"up":[{"embeddable":true,"href":"https:\/\/fxprimus.com\/vi\/wp-json\/wp\/v2\/pages\/5974"}],"wp:attachment":[{"href":"https:\/\/fxprimus.com\/vi\/wp-json\/wp\/v2\/media?parent=5852"}],"curies":[{"name":"wp","href":"https:\/\/api.w.org\/{rel}","templated":true}]}}