{"id":5849,"date":"2025-02-21T15:33:22","date_gmt":"2025-02-21T15:33:22","guid":{"rendered":"https:\/\/myprimusmarkets.com\/tien-thuong-30\/"},"modified":"2025-06-02T13:14:30","modified_gmt":"2025-06-02T13:14:30","slug":"tien-thuong-30","status":"publish","type":"page","link":"https:\/\/fxprimus.com\/vi\/khuyen-mai\/tien-thuong-30\/","title":{"rendered":"Ti\u1ec1n th\u01b0\u1edfng 30%"},"content":{"rendered":"\t\t<div data-elementor-type=\"wp-page\" data-elementor-id=\"5849\" class=\"elementor elementor-5849 elementor-3270\" data-elementor-post-type=\"page\">\n\t\t\t\t<div class=\"elementor-element elementor-element-0cb27bd e-flex e-con-boxed e-con e-parent\" data-id=\"0cb27bd\" data-element_type=\"container\" data-e-type=\"container\" data-settings=\"{&quot;background_background&quot;:&quot;classic&quot;}\">\n\t\t\t\t\t<div class=\"e-con-inner\">\n\t\t<div class=\"elementor-element elementor-element-147a187 e-con-full e-flex e-con e-child\" data-id=\"147a187\" data-element_type=\"container\" data-e-type=\"container\">\n\t\t\t\t<div class=\"elementor-element elementor-element-2c86f66 elementor-widget elementor-widget-heading\" data-id=\"2c86f66\" data-element_type=\"widget\" data-e-type=\"widget\" data-widget_type=\"heading.default\">\n\t\t\t\t<div class=\"elementor-widget-container\">\n\t\t\t\t\t<h1 class=\"elementor-heading-title elementor-size-default\">N\u1ea1p ti\u1ec1n - T\u1eadn h\u01b0\u1edfng \u01afu \u0111\u00e3i ReCHARGE Ti\u1ec1n th\u01b0\u1edfng 30% <\/h1>\t\t\t\t<\/div>\n\t\t\t\t<\/div>\n\t\t\t\t<div class=\"elementor-element elementor-element-ed68f3a elementor-widget__width-initial elementor-widget-laptop__width-initial elementor-widget elementor-widget-text-editor\" data-id=\"ed68f3a\" data-element_type=\"widget\" data-e-type=\"widget\" data-widget_type=\"text-editor.default\">\n\t\t\t\t<div class=\"elementor-widget-container\">\n\t\t\t\t\t\t\t\t\t<p>FXPrimus tr\u00e2n tr\u1ecdng mang \u0111\u1ebfn ch\u01b0\u01a1ng tr\u00ecnh \u01b0u \u0111\u00e3i \u0111\u1eb7c bi\u1ec7t: Nh\u1eadn ngay 30% ti\u1ec1n th\u01b0\u1edfng tr\u00ean m\u1ed7i l\u1ea7n n\u1ea1p ti\u1ec1n. \u01afu \u0111\u00e3i gi\u1edbi h\u1ea1n n\u00e0y \u0111\u01b0\u1ee3c thi\u1ebft k\u1ebf nh\u1eb1m n\u00e2ng cao tr\u1ea3i nghi\u1ec7m giao d\u1ecbch, gi\u00fap b\u1ea1n gia t\u0103ng th\u00eam ngu\u1ed3n v\u1ed1n \u0111\u1ec3 kh\u00e1m ph\u00e1 c\u00e1c c\u01a1 h\u1ed9i m\u1edbi v\u00e0 th\u00fac \u0111\u1ea9y ti\u1ec1m n\u0103ng l\u1ee3i nhu\u1eadn. H\u00e3y n\u1eafm b\u1eaft ngay c\u01a1 h\u1ed9i n\u00e0y \u0111\u1ec3 n\u00e2ng t\u1ea7m giao d\u1ecbch c\u1ee7a b\u1ea1n\u2014tham gia ngay v\u00e0 t\u1eadn h\u01b0\u1edfng nh\u1eefng l\u1ee3i \u00edch v\u01b0\u1ee3t tr\u1ed9i!<\/p>\n\t\t\t\t\t\t\t\t<\/div>\n\t\t\t\t<\/div>\n\t\t<div class=\"elementor-element elementor-element-b20020e e-con-full e-flex e-con e-child\" data-id=\"b20020e\" data-element_type=\"container\" data-e-type=\"container\">\n\t\t\t\t<div class=\"elementor-element elementor-element-ab0ac9e client-login-btn primusButton elementor-widget elementor-widget-button\" data-id=\"ab0ac9e\" data-element_type=\"widget\" data-e-type=\"widget\" data-widget_type=\"button.default\">\n\t\t\t\t<div class=\"elementor-widget-container\">\n\t\t\t\t\t\t\t\t\t<div class=\"elementor-button-wrapper\">\n\t\t\t\t\t<a class=\"elementor-button elementor-button-link elementor-size-sm\" href=\"#\" target=\"_blank\" title=\"Nh\u1eadn ngay ti\u1ec1n th\u01b0\u1edfng n\u00e0y\">\n\t\t\t\t\t\t<span class=\"elementor-button-content-wrapper\">\n\t\t\t\t\t\t\t\t\t<span class=\"elementor-button-text\">Nh\u1eadn ngay ti\u1ec1n th\u01b0\u1edfng<\/span>\n\t\t\t\t\t<\/span>\n\t\t\t\t\t<\/a>\n\t\t\t\t<\/div>\n\t\t\t\t\t\t\t\t<\/div>\n\t\t\t\t<\/div>\n\t\t\t\t<div class=\"elementor-element elementor-element-28a5646 client-register-btn primusButtonWhite elementor-widget elementor-widget-button\" data-id=\"28a5646\" data-element_type=\"widget\" data-e-type=\"widget\" data-widget_type=\"button.default\">\n\t\t\t\t<div class=\"elementor-widget-container\">\n\t\t\t\t\t\t\t\t\t<div class=\"elementor-button-wrapper\">\n\t\t\t\t\t<a class=\"elementor-button elementor-button-link elementor-size-sm\" href=\"#\" target=\"_blank\" title=\"\u0110\u0103ng k\u00fd tham gia FXPrimus\">\n\t\t\t\t\t\t<span class=\"elementor-button-content-wrapper\">\n\t\t\t\t\t\t\t\t\t<span class=\"elementor-button-text\">M\u1edf t\u00e0i kho\u1ea3n<\/span>\n\t\t\t\t\t<\/span>\n\t\t\t\t\t<\/a>\n\t\t\t\t<\/div>\n\t\t\t\t\t\t\t\t<\/div>\n\t\t\t\t<\/div>\n\t\t\t\t<\/div>\n\t\t\t\t<\/div>\n\t\t<div class=\"elementor-element elementor-element-59a7e1b e-con-full e-flex e-con e-child\" data-id=\"59a7e1b\" data-element_type=\"container\" data-e-type=\"container\">\n\t\t\t\t<\/div>\n\t\t\t\t\t<\/div>\n\t\t\t\t<\/div>\n\t\t<div class=\"elementor-element elementor-element-d0e42eb e-flex e-con-boxed e-con e-parent\" data-id=\"d0e42eb\" data-element_type=\"container\" data-e-type=\"container\">\n\t\t\t\t\t<div class=\"e-con-inner\">\n\t\t\t\t<div class=\"elementor-element elementor-element-d07e99a elementor-widget__width-initial elementor-widget elementor-widget-heading\" data-id=\"d07e99a\" data-element_type=\"widget\" data-e-type=\"widget\" data-widget_type=\"heading.default\">\n\t\t\t\t<div class=\"elementor-widget-container\">\n\t\t\t\t\t<h2 class=\"elementor-heading-title elementor-size-default\"><span style=\"color:#00BDAF\">Nh\u1eadn ti\u1ec1n th\u01b0\u1edfng l\u00ean \u0111\u1ebfn $1.500!<\/span><\/h2>\t\t\t\t<\/div>\n\t\t\t\t<\/div>\n\t\t\t\t<div class=\"elementor-element elementor-element-2ef5025 elementor-widget__width-initial elementor-widget elementor-widget-text-editor\" data-id=\"2ef5025\" data-element_type=\"widget\" data-e-type=\"widget\" data-widget_type=\"text-editor.default\">\n\t\t\t\t<div class=\"elementor-widget-container\">\n\t\t\t\t\t\t\t\t\t<p>Kh\u1edfi \u0111\u1ea7u h\u00e0nh tr\u00ecnh giao d\u1ecbch c\u00f9ng FXPrimus v\u00e0 nh\u1eadn ngay 30% ti\u1ec1n th\u01b0\u1edfng. Kho\u1ea3n ti\u1ec1n th\u01b0\u1edfng n\u00e0y gi\u00fap b\u1ea1n gia t\u0103ng v\u1ed1n \u0111\u1ea7u t\u01b0 v\u00e0 v\u1eefng v\u00e0ng t\u1ef1 tin h\u01a1n trong m\u1ecdi giao d\u1ecbch. Cho d\u00f9 b\u1ea1n l\u00e0 nh\u00e0 giao d\u1ecbch chuy\u00ean nghi\u1ec7p hay m\u1edbi tham gia th\u1ecb tr\u01b0\u1eddng, khuy\u1ebfn m\u00e3i ti\u1ec1n th\u01b0\u1edfng 30% \u0111\u01b0\u1ee3c thi\u1ebft k\u1ebf \u0111\u1ec3 h\u1ed7 tr\u1ee3 h\u00e0nh tr\u00ecnh giao d\u1ecbch c\u1ee7a b\u1ea1n ngay t\u1eeb nh\u1eefng b\u01b0\u1edbc \u0111i \u0111\u1ea7u ti\u00ean. H\u00e3y nh\u1eadn ti\u1ec1n th\u01b0\u1edfng ngay v\u00e0 t\u1eadn h\u01b0\u1edfng tr\u1ea3i nghi\u1ec7m giao d\u1ecbch m\u01b0\u1ee3t m\u00e0 tr\u00ean n\u1ec1n t\u1ea3ng an to\u00e0n nh\u1ea5t. \u0110\u1eebng b\u1ecf l\u1ee1 c\u01a1 h\u1ed9i\u2014b\u1ea5m v\u00e0o li\u00ean k\u1ebft b\u00ean d\u01b0\u1edbi \u0111\u1ec3 nh\u1eadn \u01b0u \u0111\u00e3i ngay l\u1eadp t\u1ee9c!<\/p>\n\t\t\t\t\t\t\t\t<\/div>\n\t\t\t\t<\/div>\n\t\t<div class=\"elementor-element elementor-element-66efb73 e-con-full e-flex e-con e-child\" data-id=\"66efb73\" data-element_type=\"container\" data-e-type=\"container\">\n\t\t<div class=\"elementor-element elementor-element-c4f3df1 e-con-full e-flex e-con e-child\" data-id=\"c4f3df1\" data-element_type=\"container\" data-e-type=\"container\" data-settings=\"{&quot;background_background&quot;:&quot;classic&quot;}\">\n\t\t\t\t<div class=\"elementor-element elementor-element-eb5f5a9 elementor-widget elementor-widget-heading\" data-id=\"eb5f5a9\" data-element_type=\"widget\" data-e-type=\"widget\" data-widget_type=\"heading.default\">\n\t\t\t\t<div class=\"elementor-widget-container\">\n\t\t\t\t\t<h3 class=\"elementor-heading-title elementor-size-default\">\u0110i\u1ec1u ki\u1ec7n tham gia<\/h3>\t\t\t\t<\/div>\n\t\t\t\t<\/div>\n\t\t\t\t<div class=\"elementor-element elementor-element-bef30d2 elementor-widget elementor-widget-text-editor\" data-id=\"bef30d2\" data-element_type=\"widget\" data-e-type=\"widget\" data-widget_type=\"text-editor.default\">\n\t\t\t\t<div class=\"elementor-widget-container\">\n\t\t\t\t\t\t\t\t\t<p><strong>Kh\u00e1ch h\u00e0ng \u0111\u1ee7 \u0111i\u1ec1u ki\u1ec7n tham gia<\/strong> \u01afu \u0111\u00e3i d\u00e0nh cho c\u1ea3 kh\u00e1ch h\u00e0ng m\u1edbi v\u00e0 kh\u00e1ch h\u00e0ng hi\u1ec7n t\u1ea1i, kh\u00f4ng ph\u00e2n bi\u1ec7t \u0111\u1ed3ng ti\u1ec1n trong t\u00e0i kho\u1ea3n.<\/p>\n<p><strong>Lo\u1ea1i t\u00e0i kho\u1ea3n: <\/strong> \u00c1p d\u1ee5ng cho t\u00e0i kho\u1ea3n PrimusClassic v\u00e0 PrimusPro.<\/p>\n<p><strong>Ti\u1ec1n n\u1ea1p t\u1ed1i thi\u1ec3u: <\/strong> Ch\u1ec9 c\u1ea7n n\u1ea1p t\u1ed1i thi\u1ec3u $200 ho\u1eb7c s\u1ed1 ti\u1ec1n t\u01b0\u01a1ng \u0111\u01b0\u01a1ng.<\/p>\n<p><strong>Ti\u1ec1 th\u01b0\u1edfng t\u1ed1i \u0111a: <\/strong> Nh\u1eadn ngay t\u1ed1i \u0111a $1.500 ti\u1ec1n th\u01b0\u1edfng.<\/p>\n<p><strong>C\u00f4ng c\u1ee5 giao d\u1ecbch \u0111\u1ee7 \u0111i\u1ec1u ki\u1ec7n<\/strong>: T\u1ea5t c\u1ea3 c\u00e1c c\u00f4ng c\u1ee5 giao d\u1ecbch \u0111\u01b0\u1ee3c cung c\u1ea5p b\u1edfi PRIMUS MARKETS \u0111\u1ec1u \u0111\u1ee7 \u0111i\u1ec1u ki\u1ec7n, ngo\u1ea1i tr\u1eeb C\u1ed5 phi\u1ebfu M\u1ef9.<\/p>\n<p><strong>\u0110\u00f2n b\u1ea9y:<\/strong> \u0110\u00f2n b\u1ea9y t\u1ed1i \u0111a \u00e1p d\u1ee5ng cho \u01b0u \u0111\u00e3i n\u00e0y l\u00e0 200:1.<\/p>\n\t\t\t\t\t\t\t\t<\/div>\n\t\t\t\t<\/div>\n\t\t\t\t<\/div>\n\t\t<div class=\"elementor-element elementor-element-74cd324 e-con-full e-flex e-con e-child\" data-id=\"74cd324\" data-element_type=\"container\" data-e-type=\"container\" data-settings=\"{&quot;background_background&quot;:&quot;classic&quot;}\">\n\t\t\t\t<div class=\"elementor-element elementor-element-b45e74f elementor-widget elementor-widget-heading\" data-id=\"b45e74f\" data-element_type=\"widget\" data-e-type=\"widget\" data-widget_type=\"heading.default\">\n\t\t\t\t<div class=\"elementor-widget-container\">\n\t\t\t\t\t<h3 class=\"elementor-heading-title elementor-size-default\">C\u00e1ch nh\u1eadn th\u01b0\u1edfng<\/h3>\t\t\t\t<\/div>\n\t\t\t\t<\/div>\n\t\t\t\t<div class=\"elementor-element elementor-element-78373f7 elementor-widget elementor-widget-text-editor\" data-id=\"78373f7\" data-element_type=\"widget\" data-e-type=\"widget\" data-widget_type=\"text-editor.default\">\n\t\t\t\t<div class=\"elementor-widget-container\">\n\t\t\t\t\t\t\t\t\t<h4>S\u1eb5n s\u00e0ng n\u00e2ng t\u1ea7m giao d\u1ecbch c\u1ee7a b\u1ea1n? Th\u1ef1c hi\u1ec7n theo c\u00e1c b\u01b0\u1edbc sau:<\/h4>\n<p><strong>1) \u0110\u0103ng nh\u1eadp:<\/strong> \u0110\u0103ng nh\u1eadp v\u00e0o t\u00e0i kho\u1ea3n FXPrimus c\u1ee7a b\u1ea1n ho\u1eb7c \u0111\u0103ng k\u00fd n\u1ebfu b\u1ea1n l\u00e0 ng\u01b0\u1eddi m\u1edbi.<\/p>\n<p><strong>2) N\u1ea1p ti\u1ec1n:<\/strong> N\u1ea1p t\u1ed1i thi\u1ec3u $200 ho\u1eb7c nhi\u1ec1u h\u01a1n \u0111\u1ec3 \u0111\u1ee7 \u0111i\u1ec1u ki\u1ec7n tham gia ch\u01b0\u01a1ng tr\u00ecnh.<\/p>\n<p><strong>3) K\u00edch ho\u1ea1t ti\u1ec1n th\u01b0\u1edfng:<\/strong> Truy c\u1eadp m\u1ee5c &#8220;Khuy\u1ebfn m\u00e3i&#8221; trong khu v\u1ef1c kh\u00e1ch h\u00e0ng, ch\u1ecdn &#8220;Ti\u1ec1n th\u01b0\u1edfng 30%&#8221; v\u00e0 b\u1ea5m v\u00e0o n\u00fat &#8220;K\u00edch ho\u1ea1t&#8221;.<\/p>\n<p><strong>B\u1eaft \u0111\u1ea7u giao d\u1ecbch:<\/strong> Ti\u1ec1n th\u01b0\u1edfng s\u1ebd \u0111\u01b0\u1ee3c c\u1ed9ng ngay l\u1eadp t\u1ee9c v\u00e0o t\u00e0i kho\u1ea3n c\u1ee7a b\u1ea1n. S\u1eed d\u1ee5ng ti\u1ec1n th\u01b0\u1edfng \u0111\u1ec3 kh\u00e1m ph\u00e1 c\u00e1c chi\u1ebfn l\u01b0\u1ee3c giao d\u1ecbch m\u1edbi v\u00e0 t\u1ed1i \u01b0u h\u00f3a l\u1ee3i nhu\u1eadn.<\/p>\n\t\t\t\t\t\t\t\t<\/div>\n\t\t\t\t<\/div>\n\t\t\t\t<\/div>\n\t\t\t\t<\/div>\n\t\t\t\t<div class=\"elementor-element elementor-element-902c94b elementor-widget__width-initial elementor-widget elementor-widget-text-editor\" data-id=\"902c94b\" data-element_type=\"widget\" data-e-type=\"widget\" data-widget_type=\"text-editor.default\">\n\t\t\t\t<div class=\"elementor-widget-container\">\n\t\t\t\t\t\t\t\t\t<h3><strong>\u0110i\u1ec1u kho\u1ea3n &amp; \u0110i\u1ec1u ki\u1ec7n<\/strong><\/h3>\n<p><strong>Nh\u1eefng \u0111i\u1ec3m quan tr\u1ecdng c\u1ea7n l\u01b0u \u00fd:<\/strong><\/p>\n<p><strong>\u01afu \u0111\u00e3i c\u00f3 th\u1eddi h\u1ea1n: <\/strong> Ti\u1ec1n th\u01b0\u1edfng ch\u1ec9 \u00e1p d\u1ee5ng trong th\u1eddi gian gi\u1edbi h\u1ea1n.<\/p>\n<p><strong>S\u1eed d\u1ee5ng ti\u1ec1n th\u01b0\u1edfng: <\/strong> Ti\u1ec1n th\u01b0\u1edfng ch\u1ec9 d\u00f9ng cho m\u1ee5c \u0111\u00edch giao d\u1ecbch v\u00e0 kh\u00f4ng th\u1ec3 r\u00fat ra.<\/p>\n<p><strong>M\u1ee9c th\u01b0\u1edfng t\u1ed1i \u0111a: <\/strong> M\u1ee9c th\u01b0\u1edfng t\u1ed1i \u0111a b\u1ea1n c\u00f3 th\u1ec3 nh\u1eadn l\u00e0 $1.500.<\/p>\n<p><strong>T\u1ef7 l\u1ec7 ho\u00e0n ti\u1ec1n: <\/strong> \u01afu \u0111\u00e3i ho\u00e0n ti\u1ec1n s\u1ebd \u00e1p d\u1ee5ng cho m\u1ed7i giao d\u1ecbch \u0111\u1ee7 \u0111i\u1ec1u ki\u1ec7n nh\u01b0 m\u00f4 t\u1ea3 trong b\u1ea3ng d\u01b0\u1edbi \u0111\u00e2y.<\/p>\n<p><strong>\u1ea2nh h\u01b0\u1edfng khi r\u00fat ti\u1ec1n: <\/strong> B\u1ea5t k\u1ef3 kho\u1ea3n ti\u1ec1n n\u00e0o \u0111\u01b0\u1ee3c r\u00fat ra c\u0169ng s\u1ebd d\u1eabn \u0111\u1ebfn vi\u1ec7c gi\u1ea3m t\u1ef7 l\u1ec7 th\u01b0\u1edfng t\u01b0\u01a1ng \u1ee9ng.<\/p>\n<p><strong>Gi\u1edbi h\u1ea1n \u0111\u00f2n b\u1ea9y: <\/strong> T\u1ef7 l\u1ec7 \u0111\u00f2n b\u1ea9y t\u1ed1i \u0111a l\u00e0 200:1. N\u1ebfu \u0111\u00f2n b\u1ea9y hi\u1ec7n t\u1ea1i c\u1ee7a b\u1ea1n cao h\u01a1n, n\u00f3 s\u1ebd \u0111\u01b0\u1ee3c \u0111i\u1ec1u ch\u1ec9nh xu\u1ed1ng m\u1ee9c n\u00e0y khi \u00e1p d\u1ee5ng \u01b0u \u0111\u00e3i.<\/p>\n<p><strong>Stop-Out (M\u1ee9c d\u1eebng giao d\u1ecbch): <\/strong> M\u1ee9c d\u1eebng giao d\u1ecbch cho t\u00e0i kho\u1ea3n tham gia \u01b0u \u0111\u00e3i l\u00e0 100%.<\/p>\n<p><strong>Hu\u1ef7 b\u1ecf ti\u1ec1n th\u01b0\u1edfng: <\/strong> Khi v\u1ed1n t\u1ee9c th\u1eddi t\u00e0i kho\u1ea3n \u0111\u1ea1t $50 ho\u1eb7c th\u1ea5p h\u01a1n, ti\u1ec1n th\u01b0\u1edfng s\u1ebd t\u1ef1 \u0111\u1ed9ng b\u1ecb hu\u1ef7 b\u1ecf kh\u1ecfi t\u00e0i kho\u1ea3n giao d\u1ecbch.<\/p>\n<p><strong>\u0110\u1ed1i t\u01b0\u1ee3ng kh\u00f4ng \u0111\u1ee7 \u0111i\u1ec1u ki\u1ec7n: <\/strong> \u01afu \u0111\u00e3i kh\u00f4ng \u00e1p d\u1ee5ng cho t\u00e0i kho\u1ea3n MAM, PAMM, Copy Trading ho\u1eb7c PrimusZero.<\/p>\n<p><strong>\u01afu \u0111\u00e3i \u0111\u1ed9c quy\u1ec1n: <\/strong> Khuy\u1ebfn m\u00e3i n\u00e0y kh\u00f4ng th\u1ec3 k\u1ebft h\u1ee3p v\u1edbi b\u1ea5t k\u1ef3 \u01b0u \u0111\u00e3i ho\u1eb7c ch\u01b0\u01a1ng tr\u00ecnh ti\u1ec1n th\u01b0\u1edfng n\u00e0o kh\u00e1c.<\/p>\n<p>Xem to\u00e0n b\u1ed9 <a href=\"\/wp-content\/uploads\/2025\/06\/FXPRIMUS30Bonus_Jan2025.pdf\" target=\"_blank\" rel=\"noopener\">\u0111i\u1ec1u kho\u1ea3n v\u00e0 \u0111i\u1ec1u ki\u1ec7n \u0111\u1ec3 \u0111\u1ea3m<\/a> b\u1ea3o b\u1ea1n \u0111\u00e1p \u1ee9ng \u0111\u1ee7 y\u00eau c\u1ea7u v\u00e0 \u0111i\u1ec1u ki\u1ec7n tham gia.<\/p>\n\t\t\t\t\t\t\t\t<\/div>\n\t\t\t\t<\/div>\n\t\t\t\t\t<\/div>\n\t\t\t\t<\/div>\n\t\t<div class=\"elementor-element elementor-element-c977eca e-flex e-con-boxed e-con e-parent\" data-id=\"c977eca\" data-element_type=\"container\" data-e-type=\"container\" data-settings=\"{&quot;background_background&quot;:&quot;gradient&quot;}\">\n\t\t\t\t\t<div class=\"e-con-inner\">\n\t\t\t\t<div class=\"elementor-element elementor-element-fbdbde7 elementor-widget-mobile__width-initial elementor-absolute elementor-widget elementor-widget-image\" data-id=\"fbdbde7\" data-element_type=\"widget\" data-e-type=\"widget\" data-settings=\"{&quot;_position&quot;:&quot;absolute&quot;}\" data-widget_type=\"image.default\">\n\t\t\t\t<div class=\"elementor-widget-container\">\n\t\t\t\t\t\t\t\t\t\t\t\t\t\t\t<img fetchpriority=\"high\" decoding=\"async\" width=\"375\" height=\"485\" src=\"https:\/\/fxprimus.com\/wp-content\/uploads\/2025\/01\/CTA-Bar-Left.png\" class=\"attachment-large size-large wp-image-486\" alt=\"CTA Bar Left\" srcset=\"https:\/\/fxprimus.com\/wp-content\/uploads\/2025\/01\/CTA-Bar-Left.png 375w, https:\/\/fxprimus.com\/wp-content\/uploads\/2025\/01\/CTA-Bar-Left-232x300.png 232w\" sizes=\"(max-width: 375px) 100vw, 375px\" \/>\t\t\t\t\t\t\t\t\t\t\t\t\t\t\t<\/div>\n\t\t\t\t<\/div>\n\t\t\t\t<div class=\"elementor-element elementor-element-c688d9e elementor-absolute elementor-hidden-mobile elementor-widget elementor-widget-image\" data-id=\"c688d9e\" data-element_type=\"widget\" data-e-type=\"widget\" data-settings=\"{&quot;_position&quot;:&quot;absolute&quot;}\" data-widget_type=\"image.default\">\n\t\t\t\t<div class=\"elementor-widget-container\">\n\t\t\t\t\t\t\t\t\t\t\t\t\t\t\t<img decoding=\"async\" width=\"375\" height=\"485\" src=\"https:\/\/fxprimus.com\/wp-content\/uploads\/2025\/01\/CTA-Bar-Left-Actual.png\" class=\"attachment-large size-large wp-image-487\" alt=\"CTA Bar Left Actual\" srcset=\"https:\/\/fxprimus.com\/wp-content\/uploads\/2025\/01\/CTA-Bar-Left-Actual.png 375w, https:\/\/fxprimus.com\/wp-content\/uploads\/2025\/01\/CTA-Bar-Left-Actual-232x300.png 232w\" sizes=\"(max-width: 375px) 100vw, 375px\" \/>\t\t\t\t\t\t\t\t\t\t\t\t\t\t\t<\/div>\n\t\t\t\t<\/div>\n\t\t<div class=\"elementor-element elementor-element-623536b e-con-full e-flex e-con e-child\" data-id=\"623536b\" data-element_type=\"container\" data-e-type=\"container\" data-settings=\"{&quot;background_background&quot;:&quot;classic&quot;}\">\n\t\t<div class=\"elementor-element elementor-element-aef7421 e-con-full e-flex e-con e-child\" data-id=\"aef7421\" data-element_type=\"container\" data-e-type=\"container\">\n\t\t\t\t<div class=\"elementor-element elementor-element-dadcd22 elementor-widget elementor-widget-heading\" data-id=\"dadcd22\" data-element_type=\"widget\" data-e-type=\"widget\" data-widget_type=\"heading.default\">\n\t\t\t\t<div class=\"elementor-widget-container\">\n\t\t\t\t\t<span class=\"elementor-heading-title elementor-size-default\">B\u1eaft \u0111\u1ea7u giao d\u1ecbch ngay h\u00f4m nay<\/span>\t\t\t\t<\/div>\n\t\t\t\t<\/div>\n\t\t\t\t<div class=\"elementor-element elementor-element-c60c096 elementor-widget elementor-widget-heading\" data-id=\"c60c096\" data-element_type=\"widget\" data-e-type=\"widget\" data-widget_type=\"heading.default\">\n\t\t\t\t<div class=\"elementor-widget-container\">\n\t\t\t\t\t<h2 class=\"elementor-heading-title elementor-size-default\">M\u1edf t\u00e0i kho\u1ea3n c\u1ee7a b\u1ea1n<\/h2>\t\t\t\t<\/div>\n\t\t\t\t<\/div>\n\t\t\t\t<\/div>\n\t\t<div class=\"elementor-element elementor-element-e89af3e e-con-full e-flex e-con e-child\" data-id=\"e89af3e\" data-element_type=\"container\" data-e-type=\"container\">\n\t\t\t\t<div class=\"elementor-element elementor-element-c957a49 client-login-btn primusButton elementor-widget elementor-widget-global elementor-global-8032 elementor-global-7743 elementor-widget-button\" data-id=\"c957a49\" data-element_type=\"widget\" data-e-type=\"widget\" data-widget_type=\"button.default\">\n\t\t\t\t<div class=\"elementor-widget-container\">\n\t\t\t\t\t\t\t\t\t<div class=\"elementor-button-wrapper\">\n\t\t\t\t\t<a class=\"elementor-button elementor-button-link elementor-size-sm\" href=\"#\" target=\"_blank\" title=\"\u0110\u0103ng nh\u1eadp FXPrimus\">\n\t\t\t\t\t\t<span class=\"elementor-button-content-wrapper\">\n\t\t\t\t\t\t\t\t\t<span class=\"elementor-button-text\">Giao d\u1ecbch ngay<\/span>\n\t\t\t\t\t<\/span>\n\t\t\t\t\t<\/a>\n\t\t\t\t<\/div>\n\t\t\t\t\t\t\t\t<\/div>\n\t\t\t\t<\/div>\n\t\t\t\t<div class=\"elementor-element elementor-element-7b3d551 client-register-btn primusButtonWhite elementor-widget elementor-widget-global elementor-global-8046 elementor-global-7740 elementor-widget-button\" data-id=\"7b3d551\" data-element_type=\"widget\" data-e-type=\"widget\" data-widget_type=\"button.default\">\n\t\t\t\t<div class=\"elementor-widget-container\">\n\t\t\t\t\t\t\t\t\t<div class=\"elementor-button-wrapper\">\n\t\t\t\t\t<a class=\"elementor-button elementor-button-link elementor-size-sm\" href=\"#\" target=\"_blank\" title=\"\u0110\u0103ng k\u00fd tham gia FXPrimus\">\n\t\t\t\t\t\t<span class=\"elementor-button-content-wrapper\">\n\t\t\t\t\t\t\t\t\t<span class=\"elementor-button-text\">M\u1edf t\u00e0i kho\u1ea3n<\/span>\n\t\t\t\t\t<\/span>\n\t\t\t\t\t<\/a>\n\t\t\t\t<\/div>\n\t\t\t\t\t\t\t\t<\/div>\n\t\t\t\t<\/div>\n\t\t\t\t<\/div>\n\t\t\t\t<\/div>\n\t\t\t\t\t<\/div>\n\t\t\t\t<\/div>\n\t\t\t\t<\/div>\n\t\t","protected":false},"excerpt":{"rendered":"<p>N\u1ea1p ti\u1ec1n &#8211; T\u1eadn h\u01b0\u1edfng \u01afu \u0111\u00e3i ReCHARGE Ti\u1ec1n th\u01b0\u1edfng 30% FXPrimus tr\u00e2n tr\u1ecdng mang \u0111\u1ebfn ch\u01b0\u01a1ng tr\u00ecnh \u01b0u \u0111\u00e3i \u0111\u1eb7c bi\u1ec7t: Nh\u1eadn ngay 30% ti\u1ec1n th\u01b0\u1edfng tr\u00ean m\u1ed7i l\u1ea7n n\u1ea1p ti\u1ec1n. \u01afu \u0111\u00e3i gi\u1edbi h\u1ea1n n\u00e0y \u0111\u01b0\u1ee3c thi\u1ebft k\u1ebf nh\u1eb1m n\u00e2ng cao tr\u1ea3i nghi\u1ec7m giao d\u1ecbch, gi\u00fap b\u1ea1n gia t\u0103ng th\u00eam ngu\u1ed3n v\u1ed1n \u0111\u1ec3 [&hellip;]<\/p>\n","protected":false},"author":1,"featured_media":0,"parent":5974,"menu_order":0,"comment_status":"closed","ping_status":"closed","template":"","meta":{"footnotes":""},"class_list":["post-5849","page","type-page","status-publish","hentry"],"_links":{"self":[{"href":"https:\/\/fxprimus.com\/vi\/wp-json\/wp\/v2\/pages\/5849","targetHints":{"allow":["GET"]}}],"collection":[{"href":"https:\/\/fxprimus.com\/vi\/wp-json\/wp\/v2\/pages"}],"about":[{"href":"https:\/\/fxprimus.com\/vi\/wp-json\/wp\/v2\/types\/page"}],"author":[{"embeddable":true,"href":"https:\/\/fxprimus.com\/vi\/wp-json\/wp\/v2\/users\/1"}],"replies":[{"embeddable":true,"href":"https:\/\/fxprimus.com\/vi\/wp-json\/wp\/v2\/comments?post=5849"}],"version-history":[{"count":7,"href":"https:\/\/fxprimus.com\/vi\/wp-json\/wp\/v2\/pages\/5849\/revisions"}],"predecessor-version":[{"id":8648,"href":"https:\/\/fxprimus.com\/vi\/wp-json\/wp\/v2\/pages\/5849\/revisions\/8648"}],"up":[{"embeddable":true,"href":"https:\/\/fxprimus.com\/vi\/wp-json\/wp\/v2\/pages\/5974"}],"wp:attachment":[{"href":"https:\/\/fxprimus.com\/vi\/wp-json\/wp\/v2\/media?parent=5849"}],"curies":[{"name":"wp","href":"https:\/\/api.w.org\/{rel}","templated":true}]}}