{"id":5020,"date":"2025-01-20T20:22:50","date_gmt":"2025-01-20T20:22:50","guid":{"rendered":"https:\/\/myprimusmarkets.com\/plataformas\/"},"modified":"2025-05-05T09:00:46","modified_gmt":"2025-05-05T09:00:46","slug":"plataformas","status":"publish","type":"page","link":"https:\/\/fxprimus.com\/pt-br\/plataformas\/","title":{"rendered":"Plataformas"},"content":{"rendered":"\t\t<div data-elementor-type=\"wp-page\" data-elementor-id=\"5020\" class=\"elementor elementor-5020 elementor-918\" data-elementor-post-type=\"page\">\n\t\t\t\t<div class=\"elementor-element elementor-element-3612052 e-flex e-con-boxed e-con e-parent\" data-id=\"3612052\" data-element_type=\"container\" data-e-type=\"container\" data-settings=\"{&quot;background_background&quot;:&quot;classic&quot;}\">\n\t\t\t\t\t<div class=\"e-con-inner\">\n\t\t\t\t<div class=\"elementor-element elementor-element-3e869f8 elementor-widget elementor-widget-heading\" data-id=\"3e869f8\" data-element_type=\"widget\" data-e-type=\"widget\" data-widget_type=\"heading.default\">\n\t\t\t\t<div class=\"elementor-widget-container\">\n\t\t\t\t\t<h1 class=\"elementor-heading-title elementor-size-default\">Plataformas de trading<\/h1>\t\t\t\t<\/div>\n\t\t\t\t<\/div>\n\t\t\t\t<div class=\"elementor-element elementor-element-9f872b0 elementor-widget__width-initial elementor-widget elementor-widget-text-editor\" data-id=\"9f872b0\" data-element_type=\"widget\" data-e-type=\"widget\" data-widget_type=\"text-editor.default\">\n\t\t\t\t<div class=\"elementor-widget-container\">\n\t\t\t\t\t\t\t\t\t<p>A FXPrimus \u00e9 muito mais do que apenas uma corretora: \u00e9 um ambiente seguro, orientado pela tecnologia, que foi desenvolvido para capacitar traders de todos os n\u00edveis.<\/p>\n\t\t\t\t\t\t\t\t<\/div>\n\t\t\t\t<\/div>\n\t\t\t\t\t<\/div>\n\t\t\t\t<\/div>\n\t\t<div class=\"elementor-element elementor-element-1588fee e-flex e-con-boxed e-con e-parent\" data-id=\"1588fee\" data-element_type=\"container\" data-e-type=\"container\">\n\t\t\t\t\t<div class=\"e-con-inner\">\n\t\t<div class=\"elementor-element elementor-element-53c6017 e-con-full e-flex elementor-invisible e-con e-child\" data-id=\"53c6017\" data-element_type=\"container\" data-e-type=\"container\" data-settings=\"{&quot;animation&quot;:&quot;fadeInLeft&quot;,&quot;animation_mobile&quot;:&quot;fadeInUp&quot;}\">\n\t\t\t\t<div class=\"elementor-element elementor-element-c7c5590 elementor-widget elementor-widget-image\" data-id=\"c7c5590\" data-element_type=\"widget\" data-e-type=\"widget\" data-widget_type=\"image.default\">\n\t\t\t\t<div class=\"elementor-widget-container\">\n\t\t\t\t\t\t\t\t\t\t\t\t\t\t\t<img fetchpriority=\"high\" decoding=\"async\" width=\"650\" height=\"650\" src=\"https:\/\/fxprimus.com\/wp-content\/uploads\/2025\/01\/Platforms-MT4.jpg\" class=\"attachment-large size-large wp-image-3877\" alt=\"\" srcset=\"https:\/\/fxprimus.com\/wp-content\/uploads\/2025\/01\/Platforms-MT4.jpg 650w, https:\/\/fxprimus.com\/wp-content\/uploads\/2025\/01\/Platforms-MT4-300x300.jpg 300w, https:\/\/fxprimus.com\/wp-content\/uploads\/2025\/01\/Platforms-MT4-150x150.jpg 150w\" sizes=\"(max-width: 650px) 100vw, 650px\" \/>\t\t\t\t\t\t\t\t\t\t\t\t\t\t\t<\/div>\n\t\t\t\t<\/div>\n\t\t\t\t<\/div>\n\t\t<div class=\"elementor-element elementor-element-dc1e329 e-con-full e-flex elementor-invisible e-con e-child\" data-id=\"dc1e329\" data-element_type=\"container\" data-e-type=\"container\" data-settings=\"{&quot;animation&quot;:&quot;fadeInRight&quot;,&quot;animation_mobile&quot;:&quot;fadeInUp&quot;}\">\n\t\t\t\t<div class=\"elementor-element elementor-element-9bc0570 elementor-widget elementor-widget-heading\" data-id=\"9bc0570\" data-element_type=\"widget\" data-e-type=\"widget\" data-widget_type=\"heading.default\">\n\t\t\t\t<div class=\"elementor-widget-container\">\n\t\t\t\t\t<h2 class=\"elementor-heading-title elementor-size-default\">MetaTrader 4 <span style=\"color:#00BDAF\">(MT4)<\/span><\/h2>\t\t\t\t<\/div>\n\t\t\t\t<\/div>\n\t\t\t\t<div class=\"elementor-element elementor-element-eeeb0b5 elementor-widget elementor-widget-text-editor\" data-id=\"eeeb0b5\" data-element_type=\"widget\" data-e-type=\"widget\" data-widget_type=\"text-editor.default\">\n\t\t\t\t<div class=\"elementor-widget-container\">\n\t\t\t\t\t\t\t\t\t<p>A MT4, a plataforma padr\u00e3o do setor para traders, oferece gr\u00e1ficos robustos, ferramentas de an\u00e1lise avan\u00e7adas e execu\u00e7\u00e3o extremamente r\u00e1pida para que voc\u00ea se mantenha sempre \u00e0 frente nos mercados globais.<\/p>\n\t\t\t\t\t\t\t\t<\/div>\n\t\t\t\t<\/div>\n\t\t\t\t<div class=\"elementor-element elementor-element-b459999 primusButton elementor-widget elementor-widget-button\" data-id=\"b459999\" data-element_type=\"widget\" data-e-type=\"widget\" data-widget_type=\"button.default\">\n\t\t\t\t<div class=\"elementor-widget-container\">\n\t\t\t\t\t\t\t\t\t<div class=\"elementor-button-wrapper\">\n\t\t\t\t\t<a class=\"elementor-button elementor-button-link elementor-size-sm\" href=\"https:\/\/myprimusmarkets.com\/pt-br\/plataformas\/metatrader-4-platform-mt4\/\" title=\"Veja a Plataforma\" target=\"_blank\" rel=\"noopener\">\n\t\t\t\t\t\t<span class=\"elementor-button-content-wrapper\">\n\t\t\t\t\t\t\t\t\t<span class=\"elementor-button-text\">Saiba mais<\/span>\n\t\t\t\t\t<\/span>\n\t\t\t\t\t<\/a>\n\t\t\t\t<\/div>\n\t\t\t\t\t\t\t\t<\/div>\n\t\t\t\t<\/div>\n\t\t\t\t<\/div>\n\t\t\t\t\t<\/div>\n\t\t\t\t<\/div>\n\t\t<div class=\"elementor-element elementor-element-47aa680 e-flex e-con-boxed e-con e-parent\" data-id=\"47aa680\" data-element_type=\"container\" data-e-type=\"container\">\n\t\t\t\t\t<div class=\"e-con-inner\">\n\t\t<div class=\"elementor-element elementor-element-3b7c031 e-con-full e-flex elementor-invisible e-con e-child\" data-id=\"3b7c031\" data-element_type=\"container\" data-e-type=\"container\" data-settings=\"{&quot;animation&quot;:&quot;fadeInLeft&quot;,&quot;animation_mobile&quot;:&quot;fadeInUp&quot;}\">\n\t\t\t\t<div class=\"elementor-element elementor-element-2e7ea8a elementor-widget elementor-widget-heading\" data-id=\"2e7ea8a\" data-element_type=\"widget\" data-e-type=\"widget\" data-widget_type=\"heading.default\">\n\t\t\t\t<div class=\"elementor-widget-container\">\n\t\t\t\t\t<h2 class=\"elementor-heading-title elementor-size-default\">MetaTrader 5 <span style=\"color:#00BDAF\">(MT5)<\/span><\/h2>\t\t\t\t<\/div>\n\t\t\t\t<\/div>\n\t\t\t\t<div class=\"elementor-element elementor-element-69032cf elementor-widget elementor-widget-text-editor\" data-id=\"69032cf\" data-element_type=\"widget\" data-e-type=\"widget\" data-widget_type=\"text-editor.default\">\n\t\t\t\t<div class=\"elementor-widget-container\">\n\t\t\t\t\t\t\t\t\t<p>Vivencie o pr\u00f3ximo n\u00edvel de trading com a MT5.   Aproveite os recursos aprimorados, incluindo timeframes avan\u00e7ados, profundidade de mercado e ferramentas superiores para uma an\u00e1lise abrangente do mercado.  <\/p>\n\t\t\t\t\t\t\t\t<\/div>\n\t\t\t\t<\/div>\n\t\t\t\t<div class=\"elementor-element elementor-element-63df26f primusButton elementor-widget elementor-widget-button\" data-id=\"63df26f\" data-element_type=\"widget\" data-e-type=\"widget\" data-widget_type=\"button.default\">\n\t\t\t\t<div class=\"elementor-widget-container\">\n\t\t\t\t\t\t\t\t\t<div class=\"elementor-button-wrapper\">\n\t\t\t\t\t<a class=\"elementor-button elementor-button-link elementor-size-sm\" href=\"https:\/\/myprimusmarkets.com\/pt-br\/plataformas\/plataforma-metatrader-5-mt5\/\" title=\"Veja a Plataforma\" target=\"_blank\" rel=\"noopener\">\n\t\t\t\t\t\t<span class=\"elementor-button-content-wrapper\">\n\t\t\t\t\t\t\t\t\t<span class=\"elementor-button-text\">Saiba mais<\/span>\n\t\t\t\t\t<\/span>\n\t\t\t\t\t<\/a>\n\t\t\t\t<\/div>\n\t\t\t\t\t\t\t\t<\/div>\n\t\t\t\t<\/div>\n\t\t\t\t<\/div>\n\t\t<div class=\"elementor-element elementor-element-6aca8c2 e-con-full e-flex elementor-invisible e-con e-child\" data-id=\"6aca8c2\" data-element_type=\"container\" data-e-type=\"container\" data-settings=\"{&quot;animation&quot;:&quot;fadeInRight&quot;,&quot;animation_mobile&quot;:&quot;fadeInUp&quot;}\">\n\t\t\t\t<div class=\"elementor-element elementor-element-3369912 elementor-widget elementor-widget-image\" data-id=\"3369912\" data-element_type=\"widget\" data-e-type=\"widget\" data-widget_type=\"image.default\">\n\t\t\t\t<div class=\"elementor-widget-container\">\n\t\t\t\t\t\t\t\t\t\t\t\t\t\t\t<img decoding=\"async\" width=\"650\" height=\"650\" src=\"https:\/\/fxprimus.com\/wp-content\/uploads\/2025\/01\/Platforms-MT5.jpg\" class=\"attachment-large size-large wp-image-3885\" alt=\"\" srcset=\"https:\/\/fxprimus.com\/wp-content\/uploads\/2025\/01\/Platforms-MT5.jpg 650w, https:\/\/fxprimus.com\/wp-content\/uploads\/2025\/01\/Platforms-MT5-300x300.jpg 300w, https:\/\/fxprimus.com\/wp-content\/uploads\/2025\/01\/Platforms-MT5-150x150.jpg 150w\" sizes=\"(max-width: 650px) 100vw, 650px\" \/>\t\t\t\t\t\t\t\t\t\t\t\t\t\t\t<\/div>\n\t\t\t\t<\/div>\n\t\t\t\t<\/div>\n\t\t\t\t\t<\/div>\n\t\t\t\t<\/div>\n\t\t<div class=\"elementor-element elementor-element-8de4297 e-flex e-con-boxed e-con e-parent\" data-id=\"8de4297\" data-element_type=\"container\" data-e-type=\"container\">\n\t\t\t\t\t<div class=\"e-con-inner\">\n\t\t<div class=\"elementor-element elementor-element-603f051 e-con-full e-flex elementor-invisible e-con e-child\" data-id=\"603f051\" data-element_type=\"container\" data-e-type=\"container\" data-settings=\"{&quot;animation&quot;:&quot;fadeInLeft&quot;,&quot;animation_mobile&quot;:&quot;fadeInUp&quot;}\">\n\t\t\t\t<div class=\"elementor-element elementor-element-aa72ca8 elementor-widget elementor-widget-image\" data-id=\"aa72ca8\" data-element_type=\"widget\" data-e-type=\"widget\" data-widget_type=\"image.default\">\n\t\t\t\t<div class=\"elementor-widget-container\">\n\t\t\t\t\t\t\t\t\t\t\t\t\t\t\t<img decoding=\"async\" width=\"650\" height=\"650\" src=\"https:\/\/fxprimus.com\/wp-content\/uploads\/2025\/01\/Platforms-Web-Trader.jpg\" class=\"attachment-large size-large wp-image-3893\" alt=\"\" srcset=\"https:\/\/fxprimus.com\/wp-content\/uploads\/2025\/01\/Platforms-Web-Trader.jpg 650w, https:\/\/fxprimus.com\/wp-content\/uploads\/2025\/01\/Platforms-Web-Trader-300x300.jpg 300w, https:\/\/fxprimus.com\/wp-content\/uploads\/2025\/01\/Platforms-Web-Trader-150x150.jpg 150w\" sizes=\"(max-width: 650px) 100vw, 650px\" \/>\t\t\t\t\t\t\t\t\t\t\t\t\t\t\t<\/div>\n\t\t\t\t<\/div>\n\t\t\t\t<\/div>\n\t\t<div class=\"elementor-element elementor-element-8b98c08 e-con-full e-flex elementor-invisible e-con e-child\" data-id=\"8b98c08\" data-element_type=\"container\" data-e-type=\"container\" data-settings=\"{&quot;animation&quot;:&quot;fadeInRight&quot;,&quot;animation_mobile&quot;:&quot;fadeInUp&quot;}\">\n\t\t\t\t<div class=\"elementor-element elementor-element-22e64e0 elementor-widget elementor-widget-heading\" data-id=\"22e64e0\" data-element_type=\"widget\" data-e-type=\"widget\" data-widget_type=\"heading.default\">\n\t\t\t\t<div class=\"elementor-widget-container\">\n\t\t\t\t\t<h2 class=\"elementor-heading-title elementor-size-default\">WebTrader<\/h2>\t\t\t\t<\/div>\n\t\t\t\t<\/div>\n\t\t\t\t<div class=\"elementor-element elementor-element-7e2721a elementor-widget elementor-widget-text-editor\" data-id=\"7e2721a\" data-element_type=\"widget\" data-e-type=\"widget\" data-widget_type=\"text-editor.default\">\n\t\t\t\t<div class=\"elementor-widget-container\">\n\t\t\t\t\t\t\t\t\t<p>Negocie a qualquer hora e em qualquer lugar com a WebTrader. Ele pode ser acessado em seu navegador e oferece funcionalidade total e integra\u00e7\u00e3o perfeita para uma experi\u00eancia de trading flex\u00edvel.<\/p>\n\t\t\t\t\t\t\t\t<\/div>\n\t\t\t\t<\/div>\n\t\t\t\t<div class=\"elementor-element elementor-element-2dea8ab primusButton elementor-widget elementor-widget-button\" data-id=\"2dea8ab\" data-element_type=\"widget\" data-e-type=\"widget\" data-widget_type=\"button.default\">\n\t\t\t\t<div class=\"elementor-widget-container\">\n\t\t\t\t\t\t\t\t\t<div class=\"elementor-button-wrapper\">\n\t\t\t\t\t<a class=\"elementor-button elementor-button-link elementor-size-sm\" href=\"https:\/\/myprimusmarkets.com\/pt-br\/plataformas\/webtrader\/\" title=\"Veja a Plataforma WebTrader\" target=\"_blank\" rel=\"noopener\">\n\t\t\t\t\t\t<span class=\"elementor-button-content-wrapper\">\n\t\t\t\t\t\t\t\t\t<span class=\"elementor-button-text\">Saiba mais<\/span>\n\t\t\t\t\t<\/span>\n\t\t\t\t\t<\/a>\n\t\t\t\t<\/div>\n\t\t\t\t\t\t\t\t<\/div>\n\t\t\t\t<\/div>\n\t\t\t\t<\/div>\n\t\t\t\t\t<\/div>\n\t\t\t\t<\/div>\n\t\t<div class=\"elementor-element elementor-element-340c30f e-flex e-con-boxed e-con e-parent\" data-id=\"340c30f\" data-element_type=\"container\" data-e-type=\"container\" data-settings=\"{&quot;background_background&quot;:&quot;gradient&quot;}\">\n\t\t\t\t\t<div class=\"e-con-inner\">\n\t\t\t\t<div class=\"elementor-element elementor-element-21caa0d elementor-widget-mobile__width-initial elementor-absolute elementor-widget elementor-widget-image\" data-id=\"21caa0d\" data-element_type=\"widget\" data-e-type=\"widget\" data-settings=\"{&quot;_position&quot;:&quot;absolute&quot;}\" data-widget_type=\"image.default\">\n\t\t\t\t<div class=\"elementor-widget-container\">\n\t\t\t\t\t\t\t\t\t\t\t\t\t\t\t<img loading=\"lazy\" decoding=\"async\" width=\"375\" height=\"485\" src=\"https:\/\/fxprimus.com\/wp-content\/uploads\/2025\/01\/CTA-Bar-Left.png\" class=\"attachment-large size-large wp-image-486\" alt=\"CTA Bar Left\" srcset=\"https:\/\/fxprimus.com\/wp-content\/uploads\/2025\/01\/CTA-Bar-Left.png 375w, https:\/\/fxprimus.com\/wp-content\/uploads\/2025\/01\/CTA-Bar-Left-232x300.png 232w\" sizes=\"(max-width: 375px) 100vw, 375px\" \/>\t\t\t\t\t\t\t\t\t\t\t\t\t\t\t<\/div>\n\t\t\t\t<\/div>\n\t\t\t\t<div class=\"elementor-element elementor-element-99d18f1 elementor-absolute elementor-hidden-mobile elementor-widget elementor-widget-image\" data-id=\"99d18f1\" data-element_type=\"widget\" data-e-type=\"widget\" data-settings=\"{&quot;_position&quot;:&quot;absolute&quot;}\" data-widget_type=\"image.default\">\n\t\t\t\t<div class=\"elementor-widget-container\">\n\t\t\t\t\t\t\t\t\t\t\t\t\t\t\t<img loading=\"lazy\" decoding=\"async\" width=\"375\" height=\"485\" src=\"https:\/\/fxprimus.com\/wp-content\/uploads\/2025\/01\/CTA-Bar-Left-Actual.png\" class=\"attachment-large size-large wp-image-487\" alt=\"CTA Bar Left Actual\" srcset=\"https:\/\/fxprimus.com\/wp-content\/uploads\/2025\/01\/CTA-Bar-Left-Actual.png 375w, https:\/\/fxprimus.com\/wp-content\/uploads\/2025\/01\/CTA-Bar-Left-Actual-232x300.png 232w\" sizes=\"(max-width: 375px) 100vw, 375px\" \/>\t\t\t\t\t\t\t\t\t\t\t\t\t\t\t<\/div>\n\t\t\t\t<\/div>\n\t\t<div class=\"elementor-element elementor-element-6ddbf3a e-con-full e-flex e-con e-child\" data-id=\"6ddbf3a\" data-element_type=\"container\" data-e-type=\"container\" data-settings=\"{&quot;background_background&quot;:&quot;classic&quot;}\">\n\t\t<div class=\"elementor-element elementor-element-efd0863 e-con-full e-flex e-con e-child\" data-id=\"efd0863\" data-element_type=\"container\" data-e-type=\"container\">\n\t\t\t\t<div class=\"elementor-element elementor-element-91d08c2 elementor-widget elementor-widget-heading\" data-id=\"91d08c2\" data-element_type=\"widget\" data-e-type=\"widget\" data-widget_type=\"heading.default\">\n\t\t\t\t<div class=\"elementor-widget-container\">\n\t\t\t\t\t<span class=\"elementor-heading-title elementor-size-default\">Comece a negociar hoje<\/span>\t\t\t\t<\/div>\n\t\t\t\t<\/div>\n\t\t\t\t<div class=\"elementor-element elementor-element-a41551b elementor-widget elementor-widget-heading\" data-id=\"a41551b\" data-element_type=\"widget\" data-e-type=\"widget\" data-widget_type=\"heading.default\">\n\t\t\t\t<div class=\"elementor-widget-container\">\n\t\t\t\t\t<h2 class=\"elementor-heading-title elementor-size-default\">Crie a sua conta<\/h2>\t\t\t\t<\/div>\n\t\t\t\t<\/div>\n\t\t\t\t<\/div>\n\t\t<div class=\"elementor-element elementor-element-8f07677 e-con-full e-flex e-con e-child\" data-id=\"8f07677\" data-element_type=\"container\" data-e-type=\"container\">\n\t\t\t\t<div class=\"elementor-element elementor-element-d0d511f primusButton elementor-widget elementor-widget-button\" data-id=\"d0d511f\" data-element_type=\"widget\" data-e-type=\"widget\" data-widget_type=\"button.default\">\n\t\t\t\t<div class=\"elementor-widget-container\">\n\t\t\t\t\t\t\t\t\t<div class=\"elementor-button-wrapper\">\n\t\t\t\t\t<a class=\"elementor-button elementor-button-link elementor-size-sm\" href=\"https:\/\/clients.fxprimus.com\/en\/login\" target=\"_blank\" title=\"Inicie sess\u00e3o na FXPrimus\">\n\t\t\t\t\t\t<span class=\"elementor-button-content-wrapper\">\n\t\t\t\t\t\t\t\t\t<span class=\"elementor-button-text\">Negocie agora<\/span>\n\t\t\t\t\t<\/span>\n\t\t\t\t\t<\/a>\n\t\t\t\t<\/div>\n\t\t\t\t\t\t\t\t<\/div>\n\t\t\t\t<\/div>\n\t\t\t\t<div class=\"elementor-element elementor-element-55fdfe1 primusButtonWhite elementor-widget elementor-widget-button\" data-id=\"55fdfe1\" data-element_type=\"widget\" data-e-type=\"widget\" data-widget_type=\"button.default\">\n\t\t\t\t<div class=\"elementor-widget-container\">\n\t\t\t\t\t\t\t\t\t<div class=\"elementor-button-wrapper\">\n\t\t\t\t\t<a class=\"elementor-button elementor-button-link elementor-size-sm\" href=\"https:\/\/clients.fxprimus.com\/en\/register\" target=\"_blank\" title=\"Registre-se na FXPrimus\">\n\t\t\t\t\t\t<span class=\"elementor-button-content-wrapper\">\n\t\t\t\t\t\t\t\t\t<span class=\"elementor-button-text\">Abra uma conta<\/span>\n\t\t\t\t\t<\/span>\n\t\t\t\t\t<\/a>\n\t\t\t\t<\/div>\n\t\t\t\t\t\t\t\t<\/div>\n\t\t\t\t<\/div>\n\t\t\t\t<\/div>\n\t\t\t\t<\/div>\n\t\t\t\t\t<\/div>\n\t\t\t\t<\/div>\n\t\t\t\t<\/div>\n\t\t","protected":false},"excerpt":{"rendered":"<p>Plataformas de trading A FXPrimus \u00e9 muito mais do que apenas uma corretora: \u00e9 um ambiente seguro, orientado pela tecnologia, que foi desenvolvido para capacitar traders de todos os n\u00edveis. MetaTrader 4 (MT4) A MT4, a plataforma padr\u00e3o do setor para traders, oferece gr\u00e1ficos robustos, ferramentas de an\u00e1lise avan\u00e7adas e execu\u00e7\u00e3o extremamente r\u00e1pida para que [&hellip;]<\/p>\n","protected":false},"author":1,"featured_media":0,"parent":0,"menu_order":0,"comment_status":"closed","ping_status":"closed","template":"","meta":{"footnotes":""},"class_list":["post-5020","page","type-page","status-publish","hentry"],"_links":{"self":[{"href":"https:\/\/fxprimus.com\/pt-br\/wp-json\/wp\/v2\/pages\/5020","targetHints":{"allow":["GET"]}}],"collection":[{"href":"https:\/\/fxprimus.com\/pt-br\/wp-json\/wp\/v2\/pages"}],"about":[{"href":"https:\/\/fxprimus.com\/pt-br\/wp-json\/wp\/v2\/types\/page"}],"author":[{"embeddable":true,"href":"https:\/\/fxprimus.com\/pt-br\/wp-json\/wp\/v2\/users\/1"}],"replies":[{"embeddable":true,"href":"https:\/\/fxprimus.com\/pt-br\/wp-json\/wp\/v2\/comments?post=5020"}],"version-history":[{"count":5,"href":"https:\/\/fxprimus.com\/pt-br\/wp-json\/wp\/v2\/pages\/5020\/revisions"}],"predecessor-version":[{"id":7536,"href":"https:\/\/fxprimus.com\/pt-br\/wp-json\/wp\/v2\/pages\/5020\/revisions\/7536"}],"wp:attachment":[{"href":"https:\/\/fxprimus.com\/pt-br\/wp-json\/wp\/v2\/media?parent=5020"}],"curies":[{"name":"wp","href":"https:\/\/api.w.org\/{rel}","templated":true}]}}