{"id":4991,"date":"2025-02-05T13:38:55","date_gmt":"2025-02-05T13:38:55","guid":{"rendered":"https:\/\/myprimusmarkets.com\/promocoes\/"},"modified":"2026-03-25T15:27:22","modified_gmt":"2026-03-25T15:27:22","slug":"promocoes","status":"publish","type":"page","link":"https:\/\/fxprimus.com\/pt-br\/promocoes\/","title":{"rendered":"Promo\u00e7\u00f5es"},"content":{"rendered":"\t\t<div data-elementor-type=\"wp-page\" data-elementor-id=\"4991\" class=\"elementor elementor-4991 elementor-1535\" data-elementor-post-type=\"page\">\n\t\t\t\t<div class=\"elementor-element elementor-element-381a61f e-flex e-con-boxed e-con e-parent\" data-id=\"381a61f\" data-element_type=\"container\" data-e-type=\"container\" data-settings=\"{&quot;background_background&quot;:&quot;classic&quot;}\">\n\t\t\t\t\t<div class=\"e-con-inner\">\n\t\t<div class=\"elementor-element elementor-element-9f064e1 e-con-full e-flex e-con e-child\" data-id=\"9f064e1\" data-element_type=\"container\" data-e-type=\"container\">\n\t\t\t\t<div class=\"elementor-element elementor-element-0cbc435 elementor-widget elementor-widget-heading\" data-id=\"0cbc435\" data-element_type=\"widget\" data-e-type=\"widget\" data-widget_type=\"heading.default\">\n\t\t\t\t<div class=\"elementor-widget-container\">\n\t\t\t\t\t<h1 class=\"elementor-heading-title elementor-size-default\">Promo\u00e7\u00f5es <\/h1>\t\t\t\t<\/div>\n\t\t\t\t<\/div>\n\t\t\t\t<div class=\"elementor-element elementor-element-4b98abb elementor-widget__width-initial elementor-widget elementor-widget-text-editor\" data-id=\"4b98abb\" data-element_type=\"widget\" data-e-type=\"widget\" data-widget_type=\"text-editor.default\">\n\t\t\t\t<div class=\"elementor-widget-container\">\n\t\t\t\t\t\t\t\t\t<p>Turbine suas opera\u00e7\u00f5es com as ofertas incr\u00edveis da FXPrimus, incluindo um b\u00f4nus de boas-vindas de 100%, recompensas em cashback e b\u00f4nus de dep\u00f3sito por tempo limitado.<\/p>\n\t\t\t\t\t\t\t\t<\/div>\n\t\t\t\t<\/div>\n\t\t\t\t<\/div>\n\t\t<div class=\"elementor-element elementor-element-0559916 e-con-full e-flex e-con e-child\" data-id=\"0559916\" data-element_type=\"container\" data-e-type=\"container\">\n\t\t\t\t<\/div>\n\t\t\t\t\t<\/div>\n\t\t\t\t<\/div>\n\t\t<div class=\"elementor-element elementor-element-64106c3 e-flex e-con-boxed e-con e-parent\" data-id=\"64106c3\" data-element_type=\"container\" data-e-type=\"container\">\n\t\t\t\t\t<div class=\"e-con-inner\">\n\t\t<div class=\"elementor-element elementor-element-ef94f51 e-con-full e-flex e-con e-child\" data-id=\"ef94f51\" data-element_type=\"container\" data-e-type=\"container\">\n\t\t\t\t<div class=\"elementor-element elementor-element-8618569 elementor-widget elementor-widget-heading\" data-id=\"8618569\" data-element_type=\"widget\" data-e-type=\"widget\" data-widget_type=\"heading.default\">\n\t\t\t\t<div class=\"elementor-widget-container\">\n\t\t\t\t\t<h2 class=\"elementor-heading-title elementor-size-default\"><a href=\"https:\/\/fxprimus.com\/pt-br\/promocoes\/presente-de-boas-vindas\/\" title=\"View promotion\"><strong>Welcome Gift $100<\/strong> - Cash Reward (MT4 Only)<\/a><\/h2>\t\t\t\t<\/div>\n\t\t\t\t<\/div>\n\t\t\t\t<div class=\"elementor-element elementor-element-3f6b56a elementor-widget elementor-widget-image\" data-id=\"3f6b56a\" data-element_type=\"widget\" data-e-type=\"widget\" data-widget_type=\"image.default\">\n\t\t\t\t<div class=\"elementor-widget-container\">\n\t\t\t\t\t\t\t\t\t\t\t\t\t\t\t\t<a href=\"https:\/\/fxprimus.com\/pt-br\/promocoes\/presente-de-boas-vindas\/\" title=\"View promotion\">\n\t\t\t\t\t\t\t<img fetchpriority=\"high\" decoding=\"async\" width=\"1920\" height=\"650\" src=\"https:\/\/fxprimus.com\/wp-content\/uploads\/2025\/07\/welcome-bonus-100-dn-1.webp\" class=\"attachment-full size-full wp-image-10016\" alt=\"Welcome Bonus\" srcset=\"https:\/\/fxprimus.com\/wp-content\/uploads\/2025\/07\/welcome-bonus-100-dn-1.webp 1920w, https:\/\/fxprimus.com\/wp-content\/uploads\/2025\/07\/welcome-bonus-100-dn-1-300x102.webp 300w, https:\/\/fxprimus.com\/wp-content\/uploads\/2025\/07\/welcome-bonus-100-dn-1-1024x347.webp 1024w, https:\/\/fxprimus.com\/wp-content\/uploads\/2025\/07\/welcome-bonus-100-dn-1-768x260.webp 768w, https:\/\/fxprimus.com\/wp-content\/uploads\/2025\/07\/welcome-bonus-100-dn-1-1536x520.webp 1536w\" sizes=\"(max-width: 1920px) 100vw, 1920px\" \/>\t\t\t\t\t\t\t\t<\/a>\n\t\t\t\t\t\t\t\t\t\t\t\t\t\t\t<\/div>\n\t\t\t\t<\/div>\n\t\t\t\t<\/div>\n\t\t<div class=\"elementor-element elementor-element-e9c61a8 e-con-full e-flex e-con e-child\" data-id=\"e9c61a8\" data-element_type=\"container\" data-e-type=\"container\">\n\t\t\t\t<div class=\"elementor-element elementor-element-f05e333 elementor-widget elementor-widget-heading\" data-id=\"f05e333\" data-element_type=\"widget\" data-e-type=\"widget\" data-widget_type=\"heading.default\">\n\t\t\t\t<div class=\"elementor-widget-container\">\n\t\t\t\t\t<h2 class=\"elementor-heading-title elementor-size-default\"><a href=\"https:\/\/fxprimus.com\/pt-br\/promocoes\/bonus-de-100\/\" title=\"View promotion\"><strong>B\u00f4nus de 100%<\/strong> - Oferta por tempo limitado<\/a><\/h2>\t\t\t\t<\/div>\n\t\t\t\t<\/div>\n\t\t\t\t<div class=\"elementor-element elementor-element-6b7dd6d elementor-widget elementor-widget-image\" data-id=\"6b7dd6d\" data-element_type=\"widget\" data-e-type=\"widget\" data-widget_type=\"image.default\">\n\t\t\t\t<div class=\"elementor-widget-container\">\n\t\t\t\t\t\t\t\t\t\t\t\t\t\t\t\t<a href=\"https:\/\/fxprimus.com\/pt-br\/promocoes\/bonus-de-100\/\" title=\"View promotion\">\n\t\t\t\t\t\t\t<img decoding=\"async\" width=\"1466\" height=\"650\" src=\"https:\/\/fxprimus.com\/wp-content\/uploads\/2025\/02\/100-Bonus-Promo-1466.jpg\" class=\"attachment-full size-full wp-image-3331\" alt=\"100% Bonus Promo\" srcset=\"https:\/\/fxprimus.com\/wp-content\/uploads\/2025\/02\/100-Bonus-Promo-1466.jpg 1466w, https:\/\/fxprimus.com\/wp-content\/uploads\/2025\/02\/100-Bonus-Promo-1466-300x133.jpg 300w, https:\/\/fxprimus.com\/wp-content\/uploads\/2025\/02\/100-Bonus-Promo-1466-1024x454.jpg 1024w, https:\/\/fxprimus.com\/wp-content\/uploads\/2025\/02\/100-Bonus-Promo-1466-768x341.jpg 768w\" sizes=\"(max-width: 1466px) 100vw, 1466px\" \/>\t\t\t\t\t\t\t\t<\/a>\n\t\t\t\t\t\t\t\t\t\t\t\t\t\t\t<\/div>\n\t\t\t\t<\/div>\n\t\t\t\t<\/div>\n\t\t<div class=\"elementor-element elementor-element-83fdd88 e-con-full e-flex e-con e-child\" data-id=\"83fdd88\" data-element_type=\"container\" data-e-type=\"container\">\n\t\t\t\t<div class=\"elementor-element elementor-element-2d7a263 elementor-widget elementor-widget-heading\" data-id=\"2d7a263\" data-element_type=\"widget\" data-e-type=\"widget\" data-widget_type=\"heading.default\">\n\t\t\t\t<div class=\"elementor-widget-container\">\n\t\t\t\t\t<h2 class=\"elementor-heading-title elementor-size-default\"><a href=\"https:\/\/fxprimus.com\/pt-br\/promocoes\/bonus-de-30\/\" title=\"View promotion\"><strong>B\u00f4nus de 30%<\/strong> - Oferta por tempo limitado<\/a><\/h2>\t\t\t\t<\/div>\n\t\t\t\t<\/div>\n\t\t\t\t<div class=\"elementor-element elementor-element-a196be1 elementor-widget elementor-widget-image\" data-id=\"a196be1\" data-element_type=\"widget\" data-e-type=\"widget\" data-widget_type=\"image.default\">\n\t\t\t\t<div class=\"elementor-widget-container\">\n\t\t\t\t\t\t\t\t\t\t\t\t\t\t\t\t<a href=\"https:\/\/fxprimus.com\/pt-br\/promocoes\/bonus-de-30\/\" title=\"View promotion\">\n\t\t\t\t\t\t\t<img decoding=\"async\" width=\"1466\" height=\"650\" src=\"https:\/\/fxprimus.com\/wp-content\/uploads\/2025\/02\/30-Promo-1466.jpg\" class=\"attachment-full size-full wp-image-3304\" alt=\"30% Promo 1466\" srcset=\"https:\/\/fxprimus.com\/wp-content\/uploads\/2025\/02\/30-Promo-1466.jpg 1466w, https:\/\/fxprimus.com\/wp-content\/uploads\/2025\/02\/30-Promo-1466-300x133.jpg 300w, https:\/\/fxprimus.com\/wp-content\/uploads\/2025\/02\/30-Promo-1466-1024x454.jpg 1024w, https:\/\/fxprimus.com\/wp-content\/uploads\/2025\/02\/30-Promo-1466-768x341.jpg 768w\" sizes=\"(max-width: 1466px) 100vw, 1466px\" \/>\t\t\t\t\t\t\t\t<\/a>\n\t\t\t\t\t\t\t\t\t\t\t\t\t\t\t<\/div>\n\t\t\t\t<\/div>\n\t\t\t\t<\/div>\n\t\t\t\t\t<\/div>\n\t\t\t\t<\/div>\n\t\t<div class=\"elementor-element elementor-element-a07842c e-flex e-con-boxed e-con e-parent\" data-id=\"a07842c\" data-element_type=\"container\" data-e-type=\"container\" data-settings=\"{&quot;background_background&quot;:&quot;gradient&quot;}\">\n\t\t\t\t\t<div class=\"e-con-inner\">\n\t\t\t\t<div class=\"elementor-element elementor-element-7643164 elementor-widget-mobile__width-initial elementor-absolute elementor-widget elementor-widget-image\" data-id=\"7643164\" data-element_type=\"widget\" data-e-type=\"widget\" data-settings=\"{&quot;_position&quot;:&quot;absolute&quot;}\" data-widget_type=\"image.default\">\n\t\t\t\t<div class=\"elementor-widget-container\">\n\t\t\t\t\t\t\t\t\t\t\t\t\t\t\t<img loading=\"lazy\" decoding=\"async\" width=\"375\" height=\"485\" src=\"https:\/\/fxprimus.com\/wp-content\/uploads\/2025\/01\/CTA-Bar-Left.png\" class=\"attachment-large size-large wp-image-486\" alt=\"CTA Bar Left\" srcset=\"https:\/\/fxprimus.com\/wp-content\/uploads\/2025\/01\/CTA-Bar-Left.png 375w, https:\/\/fxprimus.com\/wp-content\/uploads\/2025\/01\/CTA-Bar-Left-232x300.png 232w\" sizes=\"(max-width: 375px) 100vw, 375px\" \/>\t\t\t\t\t\t\t\t\t\t\t\t\t\t\t<\/div>\n\t\t\t\t<\/div>\n\t\t\t\t<div class=\"elementor-element elementor-element-4642ab2 elementor-absolute elementor-hidden-mobile elementor-widget elementor-widget-image\" data-id=\"4642ab2\" data-element_type=\"widget\" data-e-type=\"widget\" data-settings=\"{&quot;_position&quot;:&quot;absolute&quot;}\" data-widget_type=\"image.default\">\n\t\t\t\t<div class=\"elementor-widget-container\">\n\t\t\t\t\t\t\t\t\t\t\t\t\t\t\t<img loading=\"lazy\" decoding=\"async\" width=\"375\" height=\"485\" src=\"https:\/\/fxprimus.com\/wp-content\/uploads\/2025\/01\/CTA-Bar-Left-Actual.png\" class=\"attachment-large size-large wp-image-487\" alt=\"CTA Bar Left Actual\" srcset=\"https:\/\/fxprimus.com\/wp-content\/uploads\/2025\/01\/CTA-Bar-Left-Actual.png 375w, https:\/\/fxprimus.com\/wp-content\/uploads\/2025\/01\/CTA-Bar-Left-Actual-232x300.png 232w\" sizes=\"(max-width: 375px) 100vw, 375px\" \/>\t\t\t\t\t\t\t\t\t\t\t\t\t\t\t<\/div>\n\t\t\t\t<\/div>\n\t\t<div class=\"elementor-element elementor-element-36a79a0 e-con-full e-flex e-con e-child\" data-id=\"36a79a0\" data-element_type=\"container\" data-e-type=\"container\" data-settings=\"{&quot;background_background&quot;:&quot;classic&quot;}\">\n\t\t<div class=\"elementor-element elementor-element-c63f856 e-con-full e-flex e-con e-child\" data-id=\"c63f856\" data-element_type=\"container\" data-e-type=\"container\">\n\t\t\t\t<div class=\"elementor-element elementor-element-23e763a elementor-widget elementor-widget-heading\" data-id=\"23e763a\" data-element_type=\"widget\" data-e-type=\"widget\" data-widget_type=\"heading.default\">\n\t\t\t\t<div class=\"elementor-widget-container\">\n\t\t\t\t\t<span class=\"elementor-heading-title elementor-size-default\">Comece a negociar hoje<\/span>\t\t\t\t<\/div>\n\t\t\t\t<\/div>\n\t\t\t\t<div class=\"elementor-element elementor-element-751efb2 elementor-widget elementor-widget-heading\" data-id=\"751efb2\" data-element_type=\"widget\" data-e-type=\"widget\" data-widget_type=\"heading.default\">\n\t\t\t\t<div class=\"elementor-widget-container\">\n\t\t\t\t\t<h2 class=\"elementor-heading-title elementor-size-default\">Crie a sua conta<\/h2>\t\t\t\t<\/div>\n\t\t\t\t<\/div>\n\t\t\t\t<\/div>\n\t\t<div class=\"elementor-element elementor-element-10e3fe8 e-con-full e-flex e-con e-child\" data-id=\"10e3fe8\" data-element_type=\"container\" data-e-type=\"container\">\n\t\t\t\t<div class=\"elementor-element elementor-element-3cc6479 client-login-btn primusButton elementor-widget elementor-widget-global elementor-global-8036 elementor-global-7743 elementor-widget-button\" data-id=\"3cc6479\" data-element_type=\"widget\" data-e-type=\"widget\" data-widget_type=\"button.default\">\n\t\t\t\t<div class=\"elementor-widget-container\">\n\t\t\t\t\t\t\t\t\t<div class=\"elementor-button-wrapper\">\n\t\t\t\t\t<a class=\"elementor-button elementor-button-link elementor-size-sm\" href=\"#\" target=\"_blank\" title=\"Inicie sess\u00e3o na FXPrimus\">\n\t\t\t\t\t\t<span class=\"elementor-button-content-wrapper\">\n\t\t\t\t\t\t\t\t\t<span class=\"elementor-button-text\">Negocie agora<\/span>\n\t\t\t\t\t<\/span>\n\t\t\t\t\t<\/a>\n\t\t\t\t<\/div>\n\t\t\t\t\t\t\t\t<\/div>\n\t\t\t\t<\/div>\n\t\t\t\t<div class=\"elementor-element elementor-element-edecc67 client-register-btn primusButtonWhite elementor-widget elementor-widget-global elementor-global-8052 elementor-global-7740 elementor-widget-button\" data-id=\"edecc67\" data-element_type=\"widget\" data-e-type=\"widget\" data-widget_type=\"button.default\">\n\t\t\t\t<div class=\"elementor-widget-container\">\n\t\t\t\t\t\t\t\t\t<div class=\"elementor-button-wrapper\">\n\t\t\t\t\t<a class=\"elementor-button elementor-button-link elementor-size-sm\" href=\"#\" target=\"_blank\" title=\"Registre-se na FXPrimus\">\n\t\t\t\t\t\t<span class=\"elementor-button-content-wrapper\">\n\t\t\t\t\t\t\t\t\t<span class=\"elementor-button-text\">Abra uma conta<\/span>\n\t\t\t\t\t<\/span>\n\t\t\t\t\t<\/a>\n\t\t\t\t<\/div>\n\t\t\t\t\t\t\t\t<\/div>\n\t\t\t\t<\/div>\n\t\t\t\t<\/div>\n\t\t\t\t<\/div>\n\t\t\t\t\t<\/div>\n\t\t\t\t<\/div>\n\t\t\t\t<\/div>\n\t\t","protected":false},"excerpt":{"rendered":"<p>Promo\u00e7\u00f5es Turbine suas opera\u00e7\u00f5es com as ofertas incr\u00edveis da FXPrimus, incluindo um b\u00f4nus de boas-vindas de 100%, recompensas em cashback e b\u00f4nus de dep\u00f3sito por tempo limitado. Welcome Gift $100 &#8211; Cash Reward (MT4 Only) B\u00f4nus de 100% &#8211; Oferta por tempo limitado B\u00f4nus de 30% &#8211; Oferta por tempo limitado Comece a negociar hoje [&hellip;]<\/p>\n","protected":false},"author":1,"featured_media":0,"parent":0,"menu_order":0,"comment_status":"closed","ping_status":"closed","template":"","meta":{"footnotes":""},"class_list":["post-4991","page","type-page","status-publish","hentry"],"_links":{"self":[{"href":"https:\/\/fxprimus.com\/pt-br\/wp-json\/wp\/v2\/pages\/4991","targetHints":{"allow":["GET"]}}],"collection":[{"href":"https:\/\/fxprimus.com\/pt-br\/wp-json\/wp\/v2\/pages"}],"about":[{"href":"https:\/\/fxprimus.com\/pt-br\/wp-json\/wp\/v2\/types\/page"}],"author":[{"embeddable":true,"href":"https:\/\/fxprimus.com\/pt-br\/wp-json\/wp\/v2\/users\/1"}],"replies":[{"embeddable":true,"href":"https:\/\/fxprimus.com\/pt-br\/wp-json\/wp\/v2\/comments?post=4991"}],"version-history":[{"count":7,"href":"https:\/\/fxprimus.com\/pt-br\/wp-json\/wp\/v2\/pages\/4991\/revisions"}],"predecessor-version":[{"id":11786,"href":"https:\/\/fxprimus.com\/pt-br\/wp-json\/wp\/v2\/pages\/4991\/revisions\/11786"}],"wp:attachment":[{"href":"https:\/\/fxprimus.com\/pt-br\/wp-json\/wp\/v2\/media?parent=4991"}],"curies":[{"name":"wp","href":"https:\/\/api.w.org\/{rel}","templated":true}]}}