{"id":4972,"date":"2025-02-12T11:36:16","date_gmt":"2025-02-12T11:36:16","guid":{"rendered":"https:\/\/myprimusmarkets.com\/calculadora-de-pips\/"},"modified":"2025-03-21T15:06:51","modified_gmt":"2025-03-21T15:06:51","slug":"calculadora-de-pips","status":"publish","type":"page","link":"https:\/\/fxprimus.com\/pt-br\/recursos\/calculadora-de-pips\/","title":{"rendered":"Calculadora de pips"},"content":{"rendered":"\t\t<div data-elementor-type=\"wp-page\" data-elementor-id=\"4972\" class=\"elementor elementor-4972 elementor-2397\" data-elementor-post-type=\"page\">\n\t\t\t\t<div class=\"elementor-element elementor-element-da51357 e-flex e-con-boxed e-con e-parent\" data-id=\"da51357\" data-element_type=\"container\" data-e-type=\"container\">\n\t\t\t\t\t<div class=\"e-con-inner\">\n\t\t\t\t<div class=\"elementor-element elementor-element-4226461 elementor-widget elementor-widget-button\" data-id=\"4226461\" data-element_type=\"widget\" data-e-type=\"widget\" data-widget_type=\"button.default\">\n\t\t\t\t<div class=\"elementor-widget-container\">\n\t\t\t\t\t\t\t\t\t<div class=\"elementor-button-wrapper\">\n\t\t\t\t\t<a class=\"elementor-button elementor-button-link elementor-size-sm\" href=\"https:\/\/myprimusmarkets.com\/pt-br\/recursos\/\" title=\"Veja todos os recursos\" target=\"_blank\" rel=\"noopener\">\n\t\t\t\t\t\t<span class=\"elementor-button-content-wrapper\">\n\t\t\t\t\t\t\t\t\t<span class=\"elementor-button-text\">Veja todos os recursos<\/span>\n\t\t\t\t\t<\/span>\n\t\t\t\t\t<\/a>\n\t\t\t\t<\/div>\n\t\t\t\t\t\t\t\t<\/div>\n\t\t\t\t<\/div>\n\t\t\t\t<div class=\"elementor-element elementor-element-02d72ea elementor-widget elementor-widget-heading\" data-id=\"02d72ea\" data-element_type=\"widget\" data-e-type=\"widget\" data-widget_type=\"heading.default\">\n\t\t\t\t<div class=\"elementor-widget-container\">\n\t\t\t\t\t<h1 class=\"elementor-heading-title elementor-size-default\">Calculadora de pips<\/h1>\t\t\t\t<\/div>\n\t\t\t\t<\/div>\n\t\t\t\t<div class=\"elementor-element elementor-element-10fa294 elementor-widget__width-initial elementor-widget elementor-widget-shortcode\" data-id=\"10fa294\" data-element_type=\"widget\" data-e-type=\"widget\" data-widget_type=\"shortcode.default\">\n\t\t\t\t<div class=\"elementor-widget-container\">\n\t\t\t\t\t\t\t<div class=\"elementor-shortcode\"><iframe tabindex=\"-1\" data-calculator=\"pipvalue\" data-max-width=\"484\" width=\"484\" loading=\"lazy\" scrolling=\"no\" class=\"fxcalc_pipvalue\" src=\"https:\/\/calcs.forexcalcs.com\/pipvalue?pc=%23b43cb4&amp;align=left&amp;mode=1&amp;lang=en\"><\/iframe><\/div>\n\t\t\t\t\t\t<\/div>\n\t\t\t\t<\/div>\n\t\t\t\t<div class=\"elementor-element elementor-element-12e7339 elementor-widget__width-initial elementor-widget elementor-widget-text-editor\" data-id=\"12e7339\" data-element_type=\"widget\" data-e-type=\"widget\" data-widget_type=\"text-editor.default\">\n\t\t\t\t<div class=\"elementor-widget-container\">\n\t\t\t\t\t\t\t\t\t<p>Aviso legal: A calculadora de pips destina-se apenas a c\u00e1lculos de negocia\u00e7\u00e3o de Forex e para fins informativos. Alguns ativos mostrados podem n\u00e3o estar dispon\u00edveis para serem negociados em nossa plataforma.<\/p><p>\u00a0<\/p><p>\u00a0<\/p><p>\u00a0<\/p><p>\u00a0<\/p>\t\t\t\t\t\t\t\t<\/div>\n\t\t\t\t<\/div>\n\t\t\t\t\t<\/div>\n\t\t\t\t<\/div>\n\t\t\t\t<\/div>\n\t\t","protected":false},"excerpt":{"rendered":"<p>Veja todos os recursos Calculadora de pips Aviso legal: A calculadora de pips destina-se apenas a c\u00e1lculos de negocia\u00e7\u00e3o de Forex e para fins informativos. Alguns ativos mostrados podem n\u00e3o estar dispon\u00edveis para serem negociados em nossa plataforma. \u00a0 \u00a0 \u00a0 \u00a0<\/p>\n","protected":false},"author":1,"featured_media":0,"parent":4978,"menu_order":0,"comment_status":"closed","ping_status":"closed","template":"","meta":{"footnotes":""},"class_list":["post-4972","page","type-page","status-publish","hentry"],"_links":{"self":[{"href":"https:\/\/fxprimus.com\/pt-br\/wp-json\/wp\/v2\/pages\/4972","targetHints":{"allow":["GET"]}}],"collection":[{"href":"https:\/\/fxprimus.com\/pt-br\/wp-json\/wp\/v2\/pages"}],"about":[{"href":"https:\/\/fxprimus.com\/pt-br\/wp-json\/wp\/v2\/types\/page"}],"author":[{"embeddable":true,"href":"https:\/\/fxprimus.com\/pt-br\/wp-json\/wp\/v2\/users\/1"}],"replies":[{"embeddable":true,"href":"https:\/\/fxprimus.com\/pt-br\/wp-json\/wp\/v2\/comments?post=4972"}],"version-history":[{"count":4,"href":"https:\/\/fxprimus.com\/pt-br\/wp-json\/wp\/v2\/pages\/4972\/revisions"}],"predecessor-version":[{"id":5712,"href":"https:\/\/fxprimus.com\/pt-br\/wp-json\/wp\/v2\/pages\/4972\/revisions\/5712"}],"up":[{"embeddable":true,"href":"https:\/\/fxprimus.com\/pt-br\/wp-json\/wp\/v2\/pages\/4978"}],"wp:attachment":[{"href":"https:\/\/fxprimus.com\/pt-br\/wp-json\/wp\/v2\/media?parent=4972"}],"curies":[{"name":"wp","href":"https:\/\/api.w.org\/{rel}","templated":true}]}}