{"id":4952,"date":"2025-02-19T13:17:04","date_gmt":"2025-02-19T13:17:04","guid":{"rendered":"https:\/\/myprimusmarkets.com\/documentos-legais\/"},"modified":"2025-09-12T08:08:20","modified_gmt":"2025-09-12T08:08:20","slug":"documentos-legais","status":"publish","type":"page","link":"https:\/\/fxprimus.com\/pt-br\/documentos-legais\/","title":{"rendered":"Documentos legais"},"content":{"rendered":"\t\t<div data-elementor-type=\"wp-page\" data-elementor-id=\"4952\" class=\"elementor elementor-4952 elementor-2879\" data-elementor-post-type=\"page\">\n\t\t\t\t<div class=\"elementor-element elementor-element-24f698d e-flex e-con-boxed e-con e-parent\" data-id=\"24f698d\" data-element_type=\"container\" data-e-type=\"container\">\n\t\t\t\t\t<div class=\"e-con-inner\">\n\t\t\t\t<div class=\"elementor-element elementor-element-faa5c9b elementor-widget elementor-widget-heading\" data-id=\"faa5c9b\" data-element_type=\"widget\" data-e-type=\"widget\" data-widget_type=\"heading.default\">\n\t\t\t\t<div class=\"elementor-widget-container\">\n\t\t\t\t\t<h1 class=\"elementor-heading-title elementor-size-default\">Documentos legais<\/h1>\t\t\t\t<\/div>\n\t\t\t\t<\/div>\n\t\t\t\t<div class=\"elementor-element elementor-element-c1c0ac3 elementor-widget__width-initial elementor-widget-mobile__width-inherit elementor-widget elementor-widget-text-editor\" data-id=\"c1c0ac3\" data-element_type=\"widget\" data-e-type=\"widget\" data-widget_type=\"text-editor.default\">\n\t\t\t\t<div class=\"elementor-widget-container\">\n\t\t\t\t\t\t\t\t\t<p>A FXPrimus oferece um ambiente de trading seguro e \u00e9tico a todos os seus clientes e parceiros. Saiba mais sobre os documentos legais que regem nosso relacionamento e baixe facilmente os documentos do seu interesse.<\/p>\n\t\t\t\t\t\t\t\t<\/div>\n\t\t\t\t<\/div>\n\t\t<div class=\"elementor-element elementor-element-63bd9b6 e-con-full e-flex e-con e-child\" data-id=\"63bd9b6\" data-element_type=\"container\" data-e-type=\"container\" data-settings=\"{&quot;background_background&quot;:&quot;classic&quot;}\">\n\t\t<div class=\"elementor-element elementor-element-0a1ddb1 e-con-full e-flex e-con e-child\" data-id=\"0a1ddb1\" data-element_type=\"container\" data-e-type=\"container\">\n\t\t\t\t<div class=\"elementor-element elementor-element-6fa4bb9 elementor-widget elementor-widget-text-editor\" data-id=\"6fa4bb9\" data-element_type=\"widget\" data-e-type=\"widget\" data-widget_type=\"text-editor.default\">\n\t\t\t\t<div class=\"elementor-widget-container\">\n\t\t\t\t\t\t\t\t\t<h3 class=\"legal-documents__DocumentTitle-sc-y5ioxk-3 biRgNH\">Pol\u00edtica de Privacidade<\/h3>\n<p><\/p>\n<div class=\"legal-documents__DocumentDescription-sc-y5ioxk-4 jaoOGi\">A prote\u00e7\u00e3o da privacidade e das informa\u00e7\u00f5es pessoais e financeiras dos clientes da FXPrimus e dos visitantes do site \u00e9 uma de nossas maiores prioridades. A Declara\u00e7\u00e3o de Privacidade a seguir explica como coletamos e protegemos suas informa\u00e7\u00f5es.<\/div>\n\t\t\t\t\t\t\t\t<\/div>\n\t\t\t\t<\/div>\n\t\t\t\t<div class=\"elementor-element elementor-element-1046783 primusButton elementor-widget elementor-widget-button\" data-id=\"1046783\" data-element_type=\"widget\" data-e-type=\"widget\" data-widget_type=\"button.default\">\n\t\t\t\t<div class=\"elementor-widget-container\">\n\t\t\t\t\t\t\t\t\t<div class=\"elementor-button-wrapper\">\n\t\t\t\t\t<a class=\"elementor-button elementor-button-link elementor-size-sm\" href=\"https:\/\/fxprimus.com\/pt-br\/politica-de-privacidade\/\" title=\"Veja a Pol\u00edtica\">\n\t\t\t\t\t\t<span class=\"elementor-button-content-wrapper\">\n\t\t\t\t\t\t\t\t\t<span class=\"elementor-button-text\">Veja a Pol\u00edtica<\/span>\n\t\t\t\t\t<\/span>\n\t\t\t\t\t<\/a>\n\t\t\t\t<\/div>\n\t\t\t\t\t\t\t\t<\/div>\n\t\t\t\t<\/div>\n\t\t\t\t<div class=\"elementor-element elementor-element-0c23157 primusButton elementor-widget elementor-widget-button\" data-id=\"0c23157\" data-element_type=\"widget\" data-e-type=\"widget\" data-widget_type=\"button.default\">\n\t\t\t\t<div class=\"elementor-widget-container\">\n\t\t\t\t\t\t\t\t\t<div class=\"elementor-button-wrapper\">\n\t\t\t\t\t<a class=\"elementor-button elementor-button-link elementor-size-sm\" href=\"\/wp-content\/uploads\/2025\/02\/fxprimus-privacy-policy.pdf\" target=\"_blank\" title=\"Veja o PDF\">\n\t\t\t\t\t\t<span class=\"elementor-button-content-wrapper\">\n\t\t\t\t\t\t\t\t\t<span class=\"elementor-button-text\">Veja o PDF<\/span>\n\t\t\t\t\t<\/span>\n\t\t\t\t\t<\/a>\n\t\t\t\t<\/div>\n\t\t\t\t\t\t\t\t<\/div>\n\t\t\t\t<\/div>\n\t\t\t\t<\/div>\n\t\t\t\t<div class=\"elementor-element elementor-element-d8cb8c0 elementor-widget-divider--view-line elementor-widget elementor-widget-divider\" data-id=\"d8cb8c0\" data-element_type=\"widget\" data-e-type=\"widget\" data-widget_type=\"divider.default\">\n\t\t\t\t<div class=\"elementor-widget-container\">\n\t\t\t\t\t\t\t<div class=\"elementor-divider\">\n\t\t\t<span class=\"elementor-divider-separator\">\n\t\t\t\t\t\t<\/span>\n\t\t<\/div>\n\t\t\t\t\t\t<\/div>\n\t\t\t\t<\/div>\n\t\t<div class=\"elementor-element elementor-element-c91b152 e-con-full e-flex e-con e-child\" data-id=\"c91b152\" data-element_type=\"container\" data-e-type=\"container\">\n\t\t\t\t<div class=\"elementor-element elementor-element-2bb2b95 elementor-widget elementor-widget-text-editor\" data-id=\"2bb2b95\" data-element_type=\"widget\" data-e-type=\"widget\" data-widget_type=\"text-editor.default\">\n\t\t\t\t<div class=\"elementor-widget-container\">\n\t\t\t\t\t\t\t\t\t<h3 class=\"legal-documents__DocumentTitle-sc-y5ioxk-3 biRgNH\">Contrato do cliente<\/h3>\n<p><\/p>\n<div class=\"legal-documents__DocumentDescription-sc-y5ioxk-4 jaoOGi\">O Contrato do Cliente define as regras que regem o relacionamento entre a FXPrimus e o Cliente.<\/div>\n\t\t\t\t\t\t\t\t<\/div>\n\t\t\t\t<\/div>\n\t\t\t\t<div class=\"elementor-element elementor-element-2cd56d9 primusButton elementor-widget elementor-widget-button\" data-id=\"2cd56d9\" data-element_type=\"widget\" data-e-type=\"widget\" data-widget_type=\"button.default\">\n\t\t\t\t<div class=\"elementor-widget-container\">\n\t\t\t\t\t\t\t\t\t<div class=\"elementor-button-wrapper\">\n\t\t\t\t\t<a class=\"elementor-button elementor-button-link elementor-size-sm\" href=\"\/wp-content\/uploads\/2025\/09\/fxprimus-client-agreement-September-2025.pdf\" target=\"_blank\" title=\"Veja o Contrato\">\n\t\t\t\t\t\t<span class=\"elementor-button-content-wrapper\">\n\t\t\t\t\t\t\t\t\t<span class=\"elementor-button-text\">Veja o Contrato em PDF<\/span>\n\t\t\t\t\t<\/span>\n\t\t\t\t\t<\/a>\n\t\t\t\t<\/div>\n\t\t\t\t\t\t\t\t<\/div>\n\t\t\t\t<\/div>\n\t\t\t\t<\/div>\n\t\t\t\t<div class=\"elementor-element elementor-element-a79c133 elementor-widget-divider--view-line elementor-widget elementor-widget-divider\" data-id=\"a79c133\" data-element_type=\"widget\" data-e-type=\"widget\" data-widget_type=\"divider.default\">\n\t\t\t\t<div class=\"elementor-widget-container\">\n\t\t\t\t\t\t\t<div class=\"elementor-divider\">\n\t\t\t<span class=\"elementor-divider-separator\">\n\t\t\t\t\t\t<\/span>\n\t\t<\/div>\n\t\t\t\t\t\t<\/div>\n\t\t\t\t<\/div>\n\t\t<div class=\"elementor-element elementor-element-f5bf08f e-con-full e-flex e-con e-child\" data-id=\"f5bf08f\" data-element_type=\"container\" data-e-type=\"container\">\n\t\t\t\t<div class=\"elementor-element elementor-element-7332284 elementor-widget elementor-widget-text-editor\" data-id=\"7332284\" data-element_type=\"widget\" data-e-type=\"widget\" data-widget_type=\"text-editor.default\">\n\t\t\t\t<div class=\"elementor-widget-container\">\n\t\t\t\t\t\t\t\t\t<h3 class=\"legal-documents__DocumentTitle-sc-y5ioxk-3 biRgNH\">Declara\u00e7\u00e3o de Divulga\u00e7\u00e3o de Riscos<\/h3>\n<p><\/p>\n<div class=\"legal-documents__DocumentDescription-sc-y5ioxk-4 jaoOGi\">Este documento aborda os riscos associados \u00e0s opera\u00e7\u00f5es nos mercados financeiros.<\/div>\n\t\t\t\t\t\t\t\t<\/div>\n\t\t\t\t<\/div>\n\t\t\t\t<div class=\"elementor-element elementor-element-fe2b36f primusButton elementor-widget elementor-widget-button\" data-id=\"fe2b36f\" data-element_type=\"widget\" data-e-type=\"widget\" data-widget_type=\"button.default\">\n\t\t\t\t<div class=\"elementor-widget-container\">\n\t\t\t\t\t\t\t\t\t<div class=\"elementor-button-wrapper\">\n\t\t\t\t\t<a class=\"elementor-button elementor-button-link elementor-size-sm\" href=\"\/wp-content\/uploads\/2025\/02\/fxprimus-risk-disclosure.pdf\" target=\"_blank\" title=\"Veja a Declara\u00e7\u00e3o\">\n\t\t\t\t\t\t<span class=\"elementor-button-content-wrapper\">\n\t\t\t\t\t\t\t\t\t<span class=\"elementor-button-text\">Veja a Declara\u00e7\u00e3o em PDF<\/span>\n\t\t\t\t\t<\/span>\n\t\t\t\t\t<\/a>\n\t\t\t\t<\/div>\n\t\t\t\t\t\t\t\t<\/div>\n\t\t\t\t<\/div>\n\t\t\t\t<\/div>\n\t\t\t\t<div class=\"elementor-element elementor-element-14c7855 elementor-widget-divider--view-line elementor-widget elementor-widget-divider\" data-id=\"14c7855\" data-element_type=\"widget\" data-e-type=\"widget\" data-widget_type=\"divider.default\">\n\t\t\t\t<div class=\"elementor-widget-container\">\n\t\t\t\t\t\t\t<div class=\"elementor-divider\">\n\t\t\t<span class=\"elementor-divider-separator\">\n\t\t\t\t\t\t<\/span>\n\t\t<\/div>\n\t\t\t\t\t\t<\/div>\n\t\t\t\t<\/div>\n\t\t<div class=\"elementor-element elementor-element-1479d1c e-con-full e-flex e-con e-child\" data-id=\"1479d1c\" data-element_type=\"container\" data-e-type=\"container\">\n\t\t\t\t<div class=\"elementor-element elementor-element-3761305 elementor-widget elementor-widget-text-editor\" data-id=\"3761305\" data-element_type=\"widget\" data-e-type=\"widget\" data-widget_type=\"text-editor.default\">\n\t\t\t\t<div class=\"elementor-widget-container\">\n\t\t\t\t\t\t\t\t\t<h3 class=\"legal-documents__DocumentTitle-sc-y5ioxk-3 biRgNH\">Contrato de Corretor de Apresenta\u00e7\u00e3o<\/h3>\n<p><\/p>\n<div class=\"legal-documents__DocumentDescription-sc-y5ioxk-4 jaoOGi\">Este documento descreve os termos e condi\u00e7\u00f5es sob os quais um Corretor de Apresenta\u00e7\u00e3o encaminha clientes para a FXPrimus.<\/div>\n\t\t\t\t\t\t\t\t<\/div>\n\t\t\t\t<\/div>\n\t\t\t\t<div class=\"elementor-element elementor-element-8ddba15 primusButton elementor-widget elementor-widget-button\" data-id=\"8ddba15\" data-element_type=\"widget\" data-e-type=\"widget\" data-widget_type=\"button.default\">\n\t\t\t\t<div class=\"elementor-widget-container\">\n\t\t\t\t\t\t\t\t\t<div class=\"elementor-button-wrapper\">\n\t\t\t\t\t<a class=\"elementor-button elementor-button-link elementor-size-sm\" href=\"\/wp-content\/uploads\/2025\/02\/fxprimus-ib-agreement.pdf\" target=\"_blank\" title=\"Veja o Contrato\">\n\t\t\t\t\t\t<span class=\"elementor-button-content-wrapper\">\n\t\t\t\t\t\t\t\t\t<span class=\"elementor-button-text\">Veja o Contrato em PDF<\/span>\n\t\t\t\t\t<\/span>\n\t\t\t\t\t<\/a>\n\t\t\t\t<\/div>\n\t\t\t\t\t\t\t\t<\/div>\n\t\t\t\t<\/div>\n\t\t\t\t<\/div>\n\t\t\t\t<div class=\"elementor-element elementor-element-486e751 elementor-widget-divider--view-line elementor-widget elementor-widget-divider\" data-id=\"486e751\" data-element_type=\"widget\" data-e-type=\"widget\" data-widget_type=\"divider.default\">\n\t\t\t\t<div class=\"elementor-widget-container\">\n\t\t\t\t\t\t\t<div class=\"elementor-divider\">\n\t\t\t<span class=\"elementor-divider-separator\">\n\t\t\t\t\t\t<\/span>\n\t\t<\/div>\n\t\t\t\t\t\t<\/div>\n\t\t\t\t<\/div>\n\t\t<div class=\"elementor-element elementor-element-7dbfde4 e-con-full e-flex e-con e-child\" data-id=\"7dbfde4\" data-element_type=\"container\" data-e-type=\"container\">\n\t\t\t\t<div class=\"elementor-element elementor-element-7e7d9da elementor-widget elementor-widget-text-editor\" data-id=\"7e7d9da\" data-element_type=\"widget\" data-e-type=\"widget\" data-widget_type=\"text-editor.default\">\n\t\t\t\t<div class=\"elementor-widget-container\">\n\t\t\t\t\t\t\t\t\t<h3 class=\"legal-documents__DocumentTitle-sc-y5ioxk-3 biRgNH\">Termos e Condi\u00e7\u00f5es para Servi\u00e7os de Copy Trading<\/h3>\n<p><\/p>\n<div class=\"legal-documents__DocumentDescription-sc-y5ioxk-4 jaoOGi\">O documento descreve as regras, responsabilidades e condi\u00e7\u00f5es que regem o uso de servi\u00e7os de copy trading, incluindo obriga\u00e7\u00f5es do usu\u00e1rio, divulga\u00e7\u00f5es de risco e termos legais para provedores de servi\u00e7os e seguidores.<\/div>\n\t\t\t\t\t\t\t\t<\/div>\n\t\t\t\t<\/div>\n\t\t\t\t<div class=\"elementor-element elementor-element-9c1e333 primusButton elementor-widget elementor-widget-button\" data-id=\"9c1e333\" data-element_type=\"widget\" data-e-type=\"widget\" data-widget_type=\"button.default\">\n\t\t\t\t<div class=\"elementor-widget-container\">\n\t\t\t\t\t\t\t\t\t<div class=\"elementor-button-wrapper\">\n\t\t\t\t\t<a class=\"elementor-button elementor-button-link elementor-size-sm\" href=\"\/wp-content\/uploads\/2025\/02\/CopyTradingTermsandConditions.pdf\" target=\"_blank\" title=\"Veja a Pol\u00edtica\">\n\t\t\t\t\t\t<span class=\"elementor-button-content-wrapper\">\n\t\t\t\t\t\t\t\t\t<span class=\"elementor-button-text\">Veja a Pol\u00edtica em PDF<\/span>\n\t\t\t\t\t<\/span>\n\t\t\t\t\t<\/a>\n\t\t\t\t<\/div>\n\t\t\t\t\t\t\t\t<\/div>\n\t\t\t\t<\/div>\n\t\t\t\t<\/div>\n\t\t\t\t<\/div>\n\t\t\t\t\t<\/div>\n\t\t\t\t<\/div>\n\t\t\t\t<\/div>\n\t\t","protected":false},"excerpt":{"rendered":"<p>Documentos legais A FXPrimus oferece um ambiente de trading seguro e \u00e9tico a todos os seus clientes e parceiros. Saiba mais sobre os documentos legais que regem nosso relacionamento e baixe facilmente os documentos do seu interesse. Pol\u00edtica de Privacidade A prote\u00e7\u00e3o da privacidade e das informa\u00e7\u00f5es pessoais e financeiras dos clientes da FXPrimus e [&hellip;]<\/p>\n","protected":false},"author":1,"featured_media":0,"parent":0,"menu_order":0,"comment_status":"closed","ping_status":"closed","template":"","meta":{"footnotes":""},"class_list":["post-4952","page","type-page","status-publish","hentry"],"_links":{"self":[{"href":"https:\/\/fxprimus.com\/pt-br\/wp-json\/wp\/v2\/pages\/4952","targetHints":{"allow":["GET"]}}],"collection":[{"href":"https:\/\/fxprimus.com\/pt-br\/wp-json\/wp\/v2\/pages"}],"about":[{"href":"https:\/\/fxprimus.com\/pt-br\/wp-json\/wp\/v2\/types\/page"}],"author":[{"embeddable":true,"href":"https:\/\/fxprimus.com\/pt-br\/wp-json\/wp\/v2\/users\/1"}],"replies":[{"embeddable":true,"href":"https:\/\/fxprimus.com\/pt-br\/wp-json\/wp\/v2\/comments?post=4952"}],"version-history":[{"count":6,"href":"https:\/\/fxprimus.com\/pt-br\/wp-json\/wp\/v2\/pages\/4952\/revisions"}],"predecessor-version":[{"id":10790,"href":"https:\/\/fxprimus.com\/pt-br\/wp-json\/wp\/v2\/pages\/4952\/revisions\/10790"}],"wp:attachment":[{"href":"https:\/\/fxprimus.com\/pt-br\/wp-json\/wp\/v2\/media?parent=4952"}],"curies":[{"name":"wp","href":"https:\/\/api.w.org\/{rel}","templated":true}]}}