{"id":4948,"date":"2025-02-21T15:21:22","date_gmt":"2025-02-21T15:21:22","guid":{"rendered":"https:\/\/myprimusmarkets.com\/bonus-de-100\/"},"modified":"2025-12-03T15:24:47","modified_gmt":"2025-12-03T15:24:47","slug":"bonus-de-100","status":"publish","type":"page","link":"https:\/\/fxprimus.com\/pt-br\/promocoes\/bonus-de-100\/","title":{"rendered":"B\u00f4nus de 100%"},"content":{"rendered":"\t\t<div data-elementor-type=\"wp-page\" data-elementor-id=\"4948\" class=\"elementor elementor-4948 elementor-3253\" data-elementor-post-type=\"page\">\n\t\t\t\t<div class=\"elementor-element elementor-element-9791ed2 e-flex e-con-boxed e-con e-parent\" data-id=\"9791ed2\" data-element_type=\"container\" data-e-type=\"container\" data-settings=\"{&quot;background_background&quot;:&quot;classic&quot;}\">\n\t\t\t\t\t<div class=\"e-con-inner\">\n\t\t<div class=\"elementor-element elementor-element-ae3a08f e-con-full e-flex e-con e-child\" data-id=\"ae3a08f\" data-element_type=\"container\" data-e-type=\"container\">\n\t\t\t\t<div class=\"elementor-element elementor-element-3470441 elementor-widget elementor-widget-heading\" data-id=\"3470441\" data-element_type=\"widget\" data-e-type=\"widget\" data-widget_type=\"heading.default\">\n\t\t\t\t<div class=\"elementor-widget-container\">\n\t\t\t\t\t<h1 class=\"elementor-heading-title elementor-size-default\">B\u00f4nus de 100%<\/h1>\t\t\t\t<\/div>\n\t\t\t\t<\/div>\n\t\t\t\t<div class=\"elementor-element elementor-element-fb9738c elementor-widget__width-initial elementor-widget-laptop__width-initial elementor-widget elementor-widget-text-editor\" data-id=\"fb9738c\" data-element_type=\"widget\" data-e-type=\"widget\" data-widget_type=\"text-editor.default\">\n\t\t\t\t<div class=\"elementor-widget-container\">\n\t\t\t\t\t\t\t\t\tDobramos nossa oferta de cashback de $4 para $8! Ganhe um cashback de $8 para cada lote negociado, al\u00e9m do seu b\u00f4nus de 100%. Aumente seu potencial de trading e torne cada opera\u00e7\u00e3o ainda mais gratificante!\t\t\t\t\t\t\t\t<\/div>\n\t\t\t\t<\/div>\n\t\t<div class=\"elementor-element elementor-element-7a5fbd6 e-con-full e-flex e-con e-child\" data-id=\"7a5fbd6\" data-element_type=\"container\" data-e-type=\"container\">\n\t\t\t\t<div class=\"elementor-element elementor-element-043bf90 client-register-btn primusButton elementor-widget elementor-widget-button\" data-id=\"043bf90\" data-element_type=\"widget\" data-e-type=\"widget\" data-widget_type=\"button.default\">\n\t\t\t\t<div class=\"elementor-widget-container\">\n\t\t\t\t\t\t\t\t\t<div class=\"elementor-button-wrapper\">\n\t\t\t\t\t<a class=\"elementor-button elementor-button-link elementor-size-sm\" href=\"#\" target=\"_blank\" title=\"Resgate este b\u00f4nus\">\n\t\t\t\t\t\t<span class=\"elementor-button-content-wrapper\">\n\t\t\t\t\t\t\t\t\t<span class=\"elementor-button-text\">Resgate o b\u00f4nus<\/span>\n\t\t\t\t\t<\/span>\n\t\t\t\t\t<\/a>\n\t\t\t\t<\/div>\n\t\t\t\t\t\t\t\t<\/div>\n\t\t\t\t<\/div>\n\t\t\t\t<div class=\"elementor-element elementor-element-20624ab client-register-btn primusButtonWhite elementor-widget elementor-widget-button\" data-id=\"20624ab\" data-element_type=\"widget\" data-e-type=\"widget\" data-widget_type=\"button.default\">\n\t\t\t\t<div class=\"elementor-widget-container\">\n\t\t\t\t\t\t\t\t\t<div class=\"elementor-button-wrapper\">\n\t\t\t\t\t<a class=\"elementor-button elementor-button-link elementor-size-sm\" href=\"#\" target=\"_blank\" title=\"Registre-se na FXPrimus\">\n\t\t\t\t\t\t<span class=\"elementor-button-content-wrapper\">\n\t\t\t\t\t\t\t\t\t<span class=\"elementor-button-text\">Abra uma conta<\/span>\n\t\t\t\t\t<\/span>\n\t\t\t\t\t<\/a>\n\t\t\t\t<\/div>\n\t\t\t\t\t\t\t\t<\/div>\n\t\t\t\t<\/div>\n\t\t\t\t<\/div>\n\t\t\t\t<\/div>\n\t\t<div class=\"elementor-element elementor-element-f97841b e-con-full e-flex e-con e-child\" data-id=\"f97841b\" data-element_type=\"container\" data-e-type=\"container\">\n\t\t\t\t<\/div>\n\t\t\t\t\t<\/div>\n\t\t\t\t<\/div>\n\t\t<div class=\"elementor-element elementor-element-c16e2f5 e-flex e-con-boxed e-con e-parent\" data-id=\"c16e2f5\" data-element_type=\"container\" data-e-type=\"container\">\n\t\t\t\t\t<div class=\"e-con-inner\">\n\t\t\t\t<div class=\"elementor-element elementor-element-46cfccb elementor-widget__width-initial elementor-widget elementor-widget-heading\" data-id=\"46cfccb\" data-element_type=\"widget\" data-e-type=\"widget\" data-widget_type=\"heading.default\">\n\t\t\t\t<div class=\"elementor-widget-container\">\n\t\t\t\t\t<h2 class=\"elementor-heading-title elementor-size-default\">Negocie mais, ganhe mais:<span style=\"color:#00BDAF\"> O B\u00f4nus de 100%<\/span> ficou ainda melhor<\/h2>\t\t\t\t<\/div>\n\t\t\t\t<\/div>\n\t\t\t\t<div class=\"elementor-element elementor-element-76a947e elementor-widget__width-initial elementor-widget elementor-widget-text-editor\" data-id=\"76a947e\" data-element_type=\"widget\" data-e-type=\"widget\" data-widget_type=\"text-editor.default\">\n\t\t\t\t<div class=\"elementor-widget-container\">\n\t\t\t\t\t\t\t\t\tCom a FXPrimus, voc\u00ea tem a oportunidade exclusiva de duplicar seu dep\u00f3sito inicial e de aproveitar 100% mais poder de trading. Aproveite ao m\u00e1ximo esta oferta por tempo limitado e comece a negociar com confian\u00e7a, sabendo que seu b\u00f4nus e cashback lhe d\u00e3o uma vantagem extra no mercado.\t\t\t\t\t\t\t\t<\/div>\n\t\t\t\t<\/div>\n\t\t<div class=\"elementor-element elementor-element-9efb635 e-con-full e-flex e-con e-child\" data-id=\"9efb635\" data-element_type=\"container\" data-e-type=\"container\">\n\t\t<div class=\"elementor-element elementor-element-4131875 e-con-full e-flex e-con e-child\" data-id=\"4131875\" data-element_type=\"container\" data-e-type=\"container\" data-settings=\"{&quot;background_background&quot;:&quot;classic&quot;}\">\n\t\t\t\t<div class=\"elementor-element elementor-element-eec1626 elementor-widget elementor-widget-heading\" data-id=\"eec1626\" data-element_type=\"widget\" data-e-type=\"widget\" data-widget_type=\"heading.default\">\n\t\t\t\t<div class=\"elementor-widget-container\">\n\t\t\t\t\t<h3 class=\"elementor-heading-title elementor-size-default\">Elegibilidade<\/h3>\t\t\t\t<\/div>\n\t\t\t\t<\/div>\n\t\t\t\t<div class=\"elementor-element elementor-element-aaaa5c0 elementor-widget elementor-widget-text-editor\" data-id=\"aaaa5c0\" data-element_type=\"widget\" data-e-type=\"widget\" data-widget_type=\"text-editor.default\">\n\t\t\t\t<div class=\"elementor-widget-container\">\n\t\t\t\t\t\t\t\t\t<strong>Clientes eleg\u00edveis:<\/strong> A oferta est\u00e1 dispon\u00edvel para clientes novos e existentes com contas em qualquer moeda.<br><br><strong>Tipos de contas:<\/strong> As contas PrimusClassic e PrimusPro s\u00e3o eleg\u00edveis.<br><br><strong>Dep\u00f3sito m\u00ednimo:<\/strong> Para se qualificar para essa oferta, o dep\u00f3sito m\u00ednimo \u00e9 de $200 ou o equivalente em outra moeda.<br><br><strong>Cr\u00e9dito m\u00e1ximo:<\/strong> O b\u00f4nus m\u00e1ximo que voc\u00ea pode receber \u00e9 de $20.000.<br><br><strong>Instrumentos eleg\u00edveis<\/strong>: Todos os instrumentos oferecidos pela PRIMUS MARKETS, exceto a\u00e7\u00f5es dos EUA, s\u00e3o eleg\u00edveis.<br><br><strong>Alavancagem:<\/strong> A alavancagem m\u00e1xima para esta oferta \u00e9 de 300:1.\t\t\t\t\t\t\t\t<\/div>\n\t\t\t\t<\/div>\n\t\t\t\t<\/div>\n\t\t<div class=\"elementor-element elementor-element-ff600d7 e-con-full e-flex e-con e-child\" data-id=\"ff600d7\" data-element_type=\"container\" data-e-type=\"container\" data-settings=\"{&quot;background_background&quot;:&quot;classic&quot;}\">\n\t\t\t\t<div class=\"elementor-element elementor-element-6543ec6 elementor-widget elementor-widget-heading\" data-id=\"6543ec6\" data-element_type=\"widget\" data-e-type=\"widget\" data-widget_type=\"heading.default\">\n\t\t\t\t<div class=\"elementor-widget-container\">\n\t\t\t\t\t<h3 class=\"elementor-heading-title elementor-size-default\">Como pedir<\/h3>\t\t\t\t<\/div>\n\t\t\t\t<\/div>\n\t\t\t\t<div class=\"elementor-element elementor-element-c0ee90b elementor-widget elementor-widget-text-editor\" data-id=\"c0ee90b\" data-element_type=\"widget\" data-e-type=\"widget\" data-widget_type=\"text-editor.default\">\n\t\t\t\t<div class=\"elementor-widget-container\">\n\t\t\t\t\t\t\t\t\t<h4><strong>\u00c9 f\u00e1cil! Basta seguir estes passos:<\/strong><\/h4><br><strong>1) Fa\u00e7a login:<\/strong> Fa\u00e7a login em sua conta FXPrimus ou registre-se se for novo.<br><br><strong>2) Fa\u00e7a um dep\u00f3sito:<\/strong> Deposite o m\u00ednimo de $200 ou mais para se qualificar para a promo\u00e7\u00e3o.<br><br><strong>3) Ative o seu b\u00f4nus:<\/strong> V\u00e1 para a guia &#8220;Promo\u00e7\u00f5es&#8221; na \u00c1rea do cliente, selecione o &#8220;B\u00f4nus de 100%&#8221; e clique em &#8220;Ativar&#8221;.<br><br><strong>4) Comece a negociar:<\/strong> O seu b\u00f4nus ser\u00e1 creditado na hora. Cada lote padr\u00e3o negociado recebe cashback de acordo com seu tipo de conta.\t\t\t\t\t\t\t\t<\/div>\n\t\t\t\t<\/div>\n\t\t\t\t<\/div>\n\t\t\t\t<\/div>\n\t\t\t\t<div class=\"elementor-element elementor-element-45fd5bc elementor-widget__width-initial elementor-widget elementor-widget-text-editor\" data-id=\"45fd5bc\" data-element_type=\"widget\" data-e-type=\"widget\" data-widget_type=\"text-editor.default\">\n\t\t\t\t<div class=\"elementor-widget-container\">\n\t\t\t\t\t\t\t\t\t<h3><strong>Termos e Condi\u00e7\u00f5es<\/strong><\/h3><br><strong>Pontos importantes a serem lembrados:<\/strong><br><br><strong>Oferta por tempo limitado:<\/strong> Seu b\u00f4nus est\u00e1 dispon\u00edvel por tempo limitado.<br><br><strong>Uso do b\u00f4nus:<\/strong> O b\u00f4nus \u00e9 apenas para uso em negocia\u00e7\u00f5es e n\u00e3o pode ser retirado.<br><br><strong>Taxas de cashback:<\/strong> O cashback para as contas PrimusPro \u00e9 de USD 8 por lote, e para as contas PrimusClassic \u00e9 de USD 4 por lote.<br><br><strong>Impacto da perda de b\u00f4nus:<\/strong> Se o b\u00f4nus for perdido, nenhum cashback ser\u00e1 concedido para quaisquer posi\u00e7\u00f5es em aberto.<br><br><strong>Efeito da retirada<\/strong>: Qualquer retirada da conta resultar\u00e1 na remo\u00e7\u00e3o proporcional do valor do b\u00f4nus.<br><br><strong>Limita\u00e7\u00e3o da alavancagem:<\/strong> A alavancagem \u00e9 limitada a 300:1. Se a sua alavancagem atual exceder esse limite, ela ser\u00e1 ajustada quando voc\u00ea aceitar o b\u00f4nus.<br><br><strong>N\u00edvel de stop-out:<\/strong> Os n\u00edveis de stop-out s\u00e3o definidos em 100%. Quando sua margem atingir 100%, o sistema fechar\u00e1 suas posi\u00e7\u00f5es, come\u00e7ando pela que tiver a maior perda.<br><br><strong>N\u00e3o elegibilidade:<\/strong> A oferta n\u00e3o est\u00e1 dispon\u00edvel para contas MAM, PAMM, Copy Trading ou PrimusZero.<br><br><strong>Exclusividade da oferta:<\/strong> Esta promo\u00e7\u00e3o n\u00e3o pode ser combinada com nenhum outro b\u00f4nus ou promo\u00e7\u00e3o.<br><br>Consulte os <a href=\"\/wp-content\/uploads\/2025\/06\/100BonusTCs_Jan2025.pdf\" target=\"_blank\" rel=\"noopener\">termos e condi\u00e7\u00f5es completos<\/a> para garantir que voc\u00ea esteja qualificado e atenda aos requisitos.\t\t\t\t\t\t\t\t<\/div>\n\t\t\t\t<\/div>\n\t\t\t\t\t<\/div>\n\t\t\t\t<\/div>\n\t\t<div class=\"elementor-element elementor-element-1b08511 e-flex e-con-boxed e-con e-parent\" data-id=\"1b08511\" data-element_type=\"container\" data-e-type=\"container\" data-settings=\"{&quot;background_background&quot;:&quot;gradient&quot;}\">\n\t\t\t\t\t<div class=\"e-con-inner\">\n\t\t\t\t<div class=\"elementor-element elementor-element-8ed3dc8 elementor-widget-mobile__width-initial elementor-absolute elementor-widget elementor-widget-image\" data-id=\"8ed3dc8\" data-element_type=\"widget\" data-e-type=\"widget\" data-settings=\"{&quot;_position&quot;:&quot;absolute&quot;}\" data-widget_type=\"image.default\">\n\t\t\t\t<div class=\"elementor-widget-container\">\n\t\t\t\t\t\t\t\t\t\t\t\t\t\t\t<img fetchpriority=\"high\" decoding=\"async\" width=\"375\" height=\"485\" src=\"https:\/\/fxprimus.com\/wp-content\/uploads\/2025\/01\/CTA-Bar-Left.png\" class=\"attachment-large size-large wp-image-486\" alt=\"CTA Bar Left\" srcset=\"https:\/\/fxprimus.com\/wp-content\/uploads\/2025\/01\/CTA-Bar-Left.png 375w, https:\/\/fxprimus.com\/wp-content\/uploads\/2025\/01\/CTA-Bar-Left-232x300.png 232w\" sizes=\"(max-width: 375px) 100vw, 375px\" \/>\t\t\t\t\t\t\t\t\t\t\t\t\t\t\t<\/div>\n\t\t\t\t<\/div>\n\t\t\t\t<div class=\"elementor-element elementor-element-f23602c elementor-absolute elementor-hidden-mobile elementor-widget elementor-widget-image\" data-id=\"f23602c\" data-element_type=\"widget\" data-e-type=\"widget\" data-settings=\"{&quot;_position&quot;:&quot;absolute&quot;}\" data-widget_type=\"image.default\">\n\t\t\t\t<div class=\"elementor-widget-container\">\n\t\t\t\t\t\t\t\t\t\t\t\t\t\t\t<img decoding=\"async\" width=\"375\" height=\"485\" src=\"https:\/\/fxprimus.com\/wp-content\/uploads\/2025\/01\/CTA-Bar-Left-Actual.png\" class=\"attachment-large size-large wp-image-487\" alt=\"CTA Bar Left Actual\" srcset=\"https:\/\/fxprimus.com\/wp-content\/uploads\/2025\/01\/CTA-Bar-Left-Actual.png 375w, https:\/\/fxprimus.com\/wp-content\/uploads\/2025\/01\/CTA-Bar-Left-Actual-232x300.png 232w\" sizes=\"(max-width: 375px) 100vw, 375px\" \/>\t\t\t\t\t\t\t\t\t\t\t\t\t\t\t<\/div>\n\t\t\t\t<\/div>\n\t\t<div class=\"elementor-element elementor-element-8392dff e-con-full e-flex e-con e-child\" data-id=\"8392dff\" data-element_type=\"container\" data-e-type=\"container\" data-settings=\"{&quot;background_background&quot;:&quot;classic&quot;}\">\n\t\t<div class=\"elementor-element elementor-element-29c9b4b e-con-full e-flex e-con e-child\" data-id=\"29c9b4b\" data-element_type=\"container\" data-e-type=\"container\">\n\t\t\t\t<div class=\"elementor-element elementor-element-aef8bc0 elementor-widget elementor-widget-heading\" data-id=\"aef8bc0\" data-element_type=\"widget\" data-e-type=\"widget\" data-widget_type=\"heading.default\">\n\t\t\t\t<div class=\"elementor-widget-container\">\n\t\t\t\t\t<span class=\"elementor-heading-title elementor-size-default\">Comece a negociar hoje<\/span>\t\t\t\t<\/div>\n\t\t\t\t<\/div>\n\t\t\t\t<div class=\"elementor-element elementor-element-1bd44d3 elementor-widget elementor-widget-heading\" data-id=\"1bd44d3\" data-element_type=\"widget\" data-e-type=\"widget\" data-widget_type=\"heading.default\">\n\t\t\t\t<div class=\"elementor-widget-container\">\n\t\t\t\t\t<h2 class=\"elementor-heading-title elementor-size-default\">Crie a sua conta<\/h2>\t\t\t\t<\/div>\n\t\t\t\t<\/div>\n\t\t\t\t<\/div>\n\t\t<div class=\"elementor-element elementor-element-9af6ce5 e-con-full e-flex e-con e-child\" data-id=\"9af6ce5\" data-element_type=\"container\" data-e-type=\"container\">\n\t\t\t\t<div class=\"elementor-element elementor-element-1dcfe38 client-login-btn primusButton elementor-widget elementor-widget-global elementor-global-8036 elementor-global-7743 elementor-widget-button\" data-id=\"1dcfe38\" data-element_type=\"widget\" data-e-type=\"widget\" data-widget_type=\"button.default\">\n\t\t\t\t<div class=\"elementor-widget-container\">\n\t\t\t\t\t\t\t\t\t<div class=\"elementor-button-wrapper\">\n\t\t\t\t\t<a class=\"elementor-button elementor-button-link elementor-size-sm\" href=\"#\" target=\"_blank\" title=\"Inicie sess\u00e3o na FXPrimus\">\n\t\t\t\t\t\t<span class=\"elementor-button-content-wrapper\">\n\t\t\t\t\t\t\t\t\t<span class=\"elementor-button-text\">Negocie agora<\/span>\n\t\t\t\t\t<\/span>\n\t\t\t\t\t<\/a>\n\t\t\t\t<\/div>\n\t\t\t\t\t\t\t\t<\/div>\n\t\t\t\t<\/div>\n\t\t\t\t<div class=\"elementor-element elementor-element-f4ca8e1 client-register-btn primusButtonWhite elementor-widget elementor-widget-global elementor-global-8052 elementor-global-7740 elementor-widget-button\" data-id=\"f4ca8e1\" data-element_type=\"widget\" data-e-type=\"widget\" data-widget_type=\"button.default\">\n\t\t\t\t<div class=\"elementor-widget-container\">\n\t\t\t\t\t\t\t\t\t<div class=\"elementor-button-wrapper\">\n\t\t\t\t\t<a class=\"elementor-button elementor-button-link elementor-size-sm\" href=\"#\" target=\"_blank\" title=\"Registre-se na FXPrimus\">\n\t\t\t\t\t\t<span class=\"elementor-button-content-wrapper\">\n\t\t\t\t\t\t\t\t\t<span class=\"elementor-button-text\">Abra uma conta<\/span>\n\t\t\t\t\t<\/span>\n\t\t\t\t\t<\/a>\n\t\t\t\t<\/div>\n\t\t\t\t\t\t\t\t<\/div>\n\t\t\t\t<\/div>\n\t\t\t\t<\/div>\n\t\t\t\t<\/div>\n\t\t\t\t\t<\/div>\n\t\t\t\t<\/div>\n\t\t\t\t<\/div>\n\t\t","protected":false},"excerpt":{"rendered":"<p>B\u00f4nus de 100% Dobramos nossa oferta de cashback de $4 para $8! Ganhe um cashback de $8 para cada lote negociado, al\u00e9m do seu b\u00f4nus de 100%. Aumente seu potencial de trading e torne cada opera\u00e7\u00e3o ainda mais gratificante! Resgate o b\u00f4nus Abra uma conta Negocie mais, ganhe mais: O B\u00f4nus de 100% ficou ainda [&hellip;]<\/p>\n","protected":false},"author":1,"featured_media":0,"parent":4991,"menu_order":0,"comment_status":"closed","ping_status":"closed","template":"","meta":{"footnotes":""},"class_list":["post-4948","page","type-page","status-publish","hentry"],"_links":{"self":[{"href":"https:\/\/fxprimus.com\/pt-br\/wp-json\/wp\/v2\/pages\/4948","targetHints":{"allow":["GET"]}}],"collection":[{"href":"https:\/\/fxprimus.com\/pt-br\/wp-json\/wp\/v2\/pages"}],"about":[{"href":"https:\/\/fxprimus.com\/pt-br\/wp-json\/wp\/v2\/types\/page"}],"author":[{"embeddable":true,"href":"https:\/\/fxprimus.com\/pt-br\/wp-json\/wp\/v2\/users\/1"}],"replies":[{"embeddable":true,"href":"https:\/\/fxprimus.com\/pt-br\/wp-json\/wp\/v2\/comments?post=4948"}],"version-history":[{"count":6,"href":"https:\/\/fxprimus.com\/pt-br\/wp-json\/wp\/v2\/pages\/4948\/revisions"}],"predecessor-version":[{"id":11458,"href":"https:\/\/fxprimus.com\/pt-br\/wp-json\/wp\/v2\/pages\/4948\/revisions\/11458"}],"up":[{"embeddable":true,"href":"https:\/\/fxprimus.com\/pt-br\/wp-json\/wp\/v2\/pages\/4991"}],"wp:attachment":[{"href":"https:\/\/fxprimus.com\/pt-br\/wp-json\/wp\/v2\/media?parent=4948"}],"curies":[{"name":"wp","href":"https:\/\/api.w.org\/{rel}","templated":true}]}}