{"id":4946,"date":"2025-02-21T15:33:22","date_gmt":"2025-02-21T15:33:22","guid":{"rendered":"https:\/\/myprimusmarkets.com\/bonus-de-30\/"},"modified":"2025-06-02T13:16:26","modified_gmt":"2025-06-02T13:16:26","slug":"bonus-de-30","status":"publish","type":"page","link":"https:\/\/fxprimus.com\/pt-br\/promocoes\/bonus-de-30\/","title":{"rendered":"B\u00f4nus de 30%"},"content":{"rendered":"\t\t<div data-elementor-type=\"wp-page\" data-elementor-id=\"4946\" class=\"elementor elementor-4946 elementor-3270\" data-elementor-post-type=\"page\">\n\t\t\t\t<div class=\"elementor-element elementor-element-0cb27bd e-flex e-con-boxed e-con e-parent\" data-id=\"0cb27bd\" data-element_type=\"container\" data-e-type=\"container\" data-settings=\"{&quot;background_background&quot;:&quot;classic&quot;}\">\n\t\t\t\t\t<div class=\"e-con-inner\">\n\t\t<div class=\"elementor-element elementor-element-147a187 e-con-full e-flex e-con e-child\" data-id=\"147a187\" data-element_type=\"container\" data-e-type=\"container\">\n\t\t\t\t<div class=\"elementor-element elementor-element-2c86f66 elementor-widget elementor-widget-heading\" data-id=\"2c86f66\" data-element_type=\"widget\" data-e-type=\"widget\" data-widget_type=\"heading.default\">\n\t\t\t\t<div class=\"elementor-widget-container\">\n\t\t\t\t\t<h1 class=\"elementor-heading-title elementor-size-default\">Recarregue seu B\u00f4nus de 30%<\/h1>\t\t\t\t<\/div>\n\t\t\t\t<\/div>\n\t\t\t\t<div class=\"elementor-element elementor-element-ed68f3a elementor-widget__width-initial elementor-widget-laptop__width-initial elementor-widget elementor-widget-text-editor\" data-id=\"ed68f3a\" data-element_type=\"widget\" data-e-type=\"widget\" data-widget_type=\"text-editor.default\">\n\t\t\t\t<div class=\"elementor-widget-container\">\n\t\t\t\t\t\t\t\t\t<p>Temos a satisfa\u00e7\u00e3o de oferecer uma promo\u00e7\u00e3o especial que d\u00e1 a voc\u00ea um b\u00f4nus adicional de 30% em seus dep\u00f3sitos na FXPrimus. Essa oferta por tempo limitado foi pensada para melhorar ainda mais sua experi\u00eancia de trading, fornecendo fundos extras para que voc\u00ea explore novas oportunidades e aumente seu potencial de retorno. N\u00e3o perca essa chance de turbinar suas opera\u00e7\u00f5es. Participe e comece a se beneficiar agora!<\/p>\n\t\t\t\t\t\t\t\t<\/div>\n\t\t\t\t<\/div>\n\t\t<div class=\"elementor-element elementor-element-b20020e e-con-full e-flex e-con e-child\" data-id=\"b20020e\" data-element_type=\"container\" data-e-type=\"container\">\n\t\t\t\t<div class=\"elementor-element elementor-element-ab0ac9e client-login-btn primusButton elementor-widget elementor-widget-button\" data-id=\"ab0ac9e\" data-element_type=\"widget\" data-e-type=\"widget\" data-widget_type=\"button.default\">\n\t\t\t\t<div class=\"elementor-widget-container\">\n\t\t\t\t\t\t\t\t\t<div class=\"elementor-button-wrapper\">\n\t\t\t\t\t<a class=\"elementor-button elementor-button-link elementor-size-sm\" href=\"#\" target=\"_blank\" title=\"Resgate este b\u00f4nus\">\n\t\t\t\t\t\t<span class=\"elementor-button-content-wrapper\">\n\t\t\t\t\t\t\t\t\t<span class=\"elementor-button-text\">Resgate o b\u00f4nus<\/span>\n\t\t\t\t\t<\/span>\n\t\t\t\t\t<\/a>\n\t\t\t\t<\/div>\n\t\t\t\t\t\t\t\t<\/div>\n\t\t\t\t<\/div>\n\t\t\t\t<div class=\"elementor-element elementor-element-28a5646 client-register-btn primusButtonWhite elementor-widget elementor-widget-button\" data-id=\"28a5646\" data-element_type=\"widget\" data-e-type=\"widget\" data-widget_type=\"button.default\">\n\t\t\t\t<div class=\"elementor-widget-container\">\n\t\t\t\t\t\t\t\t\t<div class=\"elementor-button-wrapper\">\n\t\t\t\t\t<a class=\"elementor-button elementor-button-link elementor-size-sm\" href=\"#\" target=\"_blank\" title=\"Registre-se na FXPrimus\">\n\t\t\t\t\t\t<span class=\"elementor-button-content-wrapper\">\n\t\t\t\t\t\t\t\t\t<span class=\"elementor-button-text\">Abra uma conta<\/span>\n\t\t\t\t\t<\/span>\n\t\t\t\t\t<\/a>\n\t\t\t\t<\/div>\n\t\t\t\t\t\t\t\t<\/div>\n\t\t\t\t<\/div>\n\t\t\t\t<\/div>\n\t\t\t\t<\/div>\n\t\t<div class=\"elementor-element elementor-element-59a7e1b e-con-full e-flex e-con e-child\" data-id=\"59a7e1b\" data-element_type=\"container\" data-e-type=\"container\">\n\t\t\t\t<\/div>\n\t\t\t\t\t<\/div>\n\t\t\t\t<\/div>\n\t\t<div class=\"elementor-element elementor-element-d0e42eb e-flex e-con-boxed e-con e-parent\" data-id=\"d0e42eb\" data-element_type=\"container\" data-e-type=\"container\">\n\t\t\t\t\t<div class=\"e-con-inner\">\n\t\t\t\t<div class=\"elementor-element elementor-element-d07e99a elementor-widget__width-initial elementor-widget elementor-widget-heading\" data-id=\"d07e99a\" data-element_type=\"widget\" data-e-type=\"widget\" data-widget_type=\"heading.default\">\n\t\t\t\t<div class=\"elementor-widget-container\">\n\t\t\t\t\t<h2 class=\"elementor-heading-title elementor-size-default\"><span style=\"color:#00BDAF\">Ganhe at\u00e9 $1.500!<\/span><\/h2>\t\t\t\t<\/div>\n\t\t\t\t<\/div>\n\t\t\t\t<div class=\"elementor-element elementor-element-2ef5025 elementor-widget__width-initial elementor-widget elementor-widget-text-editor\" data-id=\"2ef5025\" data-element_type=\"widget\" data-e-type=\"widget\" data-widget_type=\"text-editor.default\">\n\t\t\t\t<div class=\"elementor-widget-container\">\n\t\t\t\t\t\t\t\t\t<p>Comece sua trajet\u00f3ria em trading com um extra de 30% ao se unir \u00e0 FXPrimus. Com esse b\u00f4nus seu dep\u00f3sito aumenta, permitindo que voc\u00ea opere com mais confian\u00e7a. N\u00e3o importa se voc\u00ea \u00e9 um trader experiente ou est\u00e1 apenas come\u00e7ando, o B\u00f4nus de 30% \u00e9 feito sob medida para impulsionar sua experi\u00eancia com negocia\u00e7\u00f5es desde o primeiro dia. Pe\u00e7a seu b\u00f4nus agora e aproveite uma experi\u00eancia de trading perfeita na plataforma mais segura. Chega de esperar: clique abaixo para liberar seu b\u00f4nus hoje mesmo!<\/p>\n\t\t\t\t\t\t\t\t<\/div>\n\t\t\t\t<\/div>\n\t\t<div class=\"elementor-element elementor-element-66efb73 e-con-full e-flex e-con e-child\" data-id=\"66efb73\" data-element_type=\"container\" data-e-type=\"container\">\n\t\t<div class=\"elementor-element elementor-element-c4f3df1 e-con-full e-flex e-con e-child\" data-id=\"c4f3df1\" data-element_type=\"container\" data-e-type=\"container\" data-settings=\"{&quot;background_background&quot;:&quot;classic&quot;}\">\n\t\t\t\t<div class=\"elementor-element elementor-element-eb5f5a9 elementor-widget elementor-widget-heading\" data-id=\"eb5f5a9\" data-element_type=\"widget\" data-e-type=\"widget\" data-widget_type=\"heading.default\">\n\t\t\t\t<div class=\"elementor-widget-container\">\n\t\t\t\t\t<h3 class=\"elementor-heading-title elementor-size-default\">Elegibilidade<\/h3>\t\t\t\t<\/div>\n\t\t\t\t<\/div>\n\t\t\t\t<div class=\"elementor-element elementor-element-bef30d2 elementor-widget elementor-widget-text-editor\" data-id=\"bef30d2\" data-element_type=\"widget\" data-e-type=\"widget\" data-widget_type=\"text-editor.default\">\n\t\t\t\t<div class=\"elementor-widget-container\">\n\t\t\t\t\t\t\t\t\t<p><strong>Clientes eleg\u00edveis:<\/strong> A oferta est\u00e1 dispon\u00edvel para clientes novos e existentes com contas em qualquer moeda.<\/p>\n<p><strong>Tipos de contas:<\/strong> As contas PrimusClassic e PrimusPro s\u00e3o eleg\u00edveis.<\/p>\n<p><strong>Dep\u00f3sito m\u00ednimo:<\/strong> Para se qualificar para essa oferta, o dep\u00f3sito m\u00ednimo \u00e9 de $ 200 ou o equivalente em outra moeda.<\/p>\n<p><strong>Cr\u00e9dito m\u00e1ximo:<\/strong> O b\u00f4nus m\u00e1ximo que voc\u00ea pode receber \u00e9 de $1.500.<\/p>\n<p><strong>Instrumentos eleg\u00edveis<\/strong>: Todos os instrumentos oferecidos pela PRIMUS MARKETS, exceto a\u00e7\u00f5es dos EUA, s\u00e3o eleg\u00edveis.<\/p>\n<p><strong>Alavancagem:<\/strong> A alavancagem m\u00e1xima para esta oferta \u00e9 de 200:1.<\/p>\n\t\t\t\t\t\t\t\t<\/div>\n\t\t\t\t<\/div>\n\t\t\t\t<\/div>\n\t\t<div class=\"elementor-element elementor-element-74cd324 e-con-full e-flex e-con e-child\" data-id=\"74cd324\" data-element_type=\"container\" data-e-type=\"container\" data-settings=\"{&quot;background_background&quot;:&quot;classic&quot;}\">\n\t\t\t\t<div class=\"elementor-element elementor-element-b45e74f elementor-widget elementor-widget-heading\" data-id=\"b45e74f\" data-element_type=\"widget\" data-e-type=\"widget\" data-widget_type=\"heading.default\">\n\t\t\t\t<div class=\"elementor-widget-container\">\n\t\t\t\t\t<h3 class=\"elementor-heading-title elementor-size-default\">Como pedir<\/h3>\t\t\t\t<\/div>\n\t\t\t\t<\/div>\n\t\t\t\t<div class=\"elementor-element elementor-element-78373f7 elementor-widget elementor-widget-text-editor\" data-id=\"78373f7\" data-element_type=\"widget\" data-e-type=\"widget\" data-widget_type=\"text-editor.default\">\n\t\t\t\t<div class=\"elementor-widget-container\">\n\t\t\t\t\t\t\t\t\t<h4>Pronto para turbinar o seu trading? Veja como:<\/h4>\n<p><strong>1) Fa\u00e7a login:<\/strong> Fa\u00e7a login em sua conta FXPrimus ou registre-se se for novo.<\/p>\n<p><strong>2) Fa\u00e7a um dep\u00f3sito:<\/strong> Deposite o m\u00ednimo de $200 ou mais para se qualificar para a promo\u00e7\u00e3o.<\/p>\n<p><strong>3) Ative o seu b\u00f4nus:<\/strong> V\u00e1 para a guia &#8220;Promo\u00e7\u00f5es&#8221; na \u00c1rea do cliente, selecione o &#8220;B\u00f4nus de 30%&#8221; e clique em &#8220;Ativar&#8221;.<\/p>\n<p><strong>4) Comece a negociar:<\/strong> O seu b\u00f4nus ser\u00e1 creditado na hora. Use-o para explorar novas estrat\u00e9gias de trading e ampliar seus resultados.<\/p>\n\t\t\t\t\t\t\t\t<\/div>\n\t\t\t\t<\/div>\n\t\t\t\t<\/div>\n\t\t\t\t<\/div>\n\t\t\t\t<div class=\"elementor-element elementor-element-902c94b elementor-widget__width-initial elementor-widget elementor-widget-text-editor\" data-id=\"902c94b\" data-element_type=\"widget\" data-e-type=\"widget\" data-widget_type=\"text-editor.default\">\n\t\t\t\t<div class=\"elementor-widget-container\">\n\t\t\t\t\t\t\t\t\t<h3><strong>Termos e Condi\u00e7\u00f5es<\/strong><\/h3>\n<p><strong>Pontos importantes a serem lembrados:<\/strong><\/p>\n<p><strong>Oferta por tempo limitado:<\/strong> Seu b\u00f4nus est\u00e1 dispon\u00edvel por tempo limitado.<\/p>\n<p><strong>Uso do b\u00f4nus:<\/strong> O b\u00f4nus \u00e9 apenas para uso em negocia\u00e7\u00f5es e n\u00e3o pode ser retirado.<\/p>\n<p><strong>B\u00f4nus m\u00e1ximo:<\/strong> O cr\u00e9dito m\u00e1ximo que voc\u00ea pode receber \u00e9 de $1.500.<\/p>\n<p><strong>Taxas de cashback:<\/strong> O cashback ser\u00e1 aplicado a cada negocia\u00e7\u00e3o qualificada, conforme descrito na tabela abaixo.<\/p>\n<p><strong>Impacto da retirada:<\/strong> Qualquer retirada da conta resultar\u00e1 na remo\u00e7\u00e3o proporcional do b\u00f4nus.<\/p>\n<p><strong>Limita\u00e7\u00e3o da alavancagem:<\/strong> A alavancagem \u00e9 limitada a 200:1. Se a sua alavancagem atual for maior, ela ser\u00e1 reduzida a esse limite quando o b\u00f4nus for aplicado.<\/p>\n<p><strong>N\u00edvel de stop-out:<\/strong> O n\u00edvel de stop-out para contas com essa oferta \u00e9 definido em 100%.<\/p>\n<p><strong>Remo\u00e7\u00e3o do b\u00f4nus:<\/strong> Quando o capital da conta atingir $50 ou menos, o b\u00f4nus ser\u00e1 automaticamente removido da conta de trading.<\/p>\n<p><strong>N\u00e3o elegibilidade:<\/strong> A oferta n\u00e3o est\u00e1 dispon\u00edvel para contas MAM, PAMM, Copy Trading ou PrimusZero.<\/p>\n<p><strong>Exclusividade da oferta:<\/strong> Esta promo\u00e7\u00e3o n\u00e3o pode ser combinada com nenhum outro b\u00f4nus ou promo\u00e7\u00e3o.<\/p>\n<p>Consulte os <a href=\"\/wp-content\/uploads\/2025\/06\/FXPRIMUS30Bonus_Jan2025.pdf\" target=\"_blank\" rel=\"noopener\">termos e condi\u00e7\u00f5es completos<\/a> para garantir que voc\u00ea esteja qualificado e atenda aos requisitos.<\/p>\n\t\t\t\t\t\t\t\t<\/div>\n\t\t\t\t<\/div>\n\t\t\t\t\t<\/div>\n\t\t\t\t<\/div>\n\t\t<div class=\"elementor-element elementor-element-c977eca e-flex e-con-boxed e-con e-parent\" data-id=\"c977eca\" data-element_type=\"container\" data-e-type=\"container\" data-settings=\"{&quot;background_background&quot;:&quot;gradient&quot;}\">\n\t\t\t\t\t<div class=\"e-con-inner\">\n\t\t\t\t<div class=\"elementor-element elementor-element-fbdbde7 elementor-widget-mobile__width-initial elementor-absolute elementor-widget elementor-widget-image\" data-id=\"fbdbde7\" data-element_type=\"widget\" data-e-type=\"widget\" data-settings=\"{&quot;_position&quot;:&quot;absolute&quot;}\" data-widget_type=\"image.default\">\n\t\t\t\t<div class=\"elementor-widget-container\">\n\t\t\t\t\t\t\t\t\t\t\t\t\t\t\t<img fetchpriority=\"high\" decoding=\"async\" width=\"375\" height=\"485\" src=\"https:\/\/fxprimus.com\/wp-content\/uploads\/2025\/01\/CTA-Bar-Left.png\" class=\"attachment-large size-large wp-image-486\" alt=\"CTA Bar Left\" srcset=\"https:\/\/fxprimus.com\/wp-content\/uploads\/2025\/01\/CTA-Bar-Left.png 375w, https:\/\/fxprimus.com\/wp-content\/uploads\/2025\/01\/CTA-Bar-Left-232x300.png 232w\" sizes=\"(max-width: 375px) 100vw, 375px\" \/>\t\t\t\t\t\t\t\t\t\t\t\t\t\t\t<\/div>\n\t\t\t\t<\/div>\n\t\t\t\t<div class=\"elementor-element elementor-element-c688d9e elementor-absolute elementor-hidden-mobile elementor-widget elementor-widget-image\" data-id=\"c688d9e\" data-element_type=\"widget\" data-e-type=\"widget\" data-settings=\"{&quot;_position&quot;:&quot;absolute&quot;}\" data-widget_type=\"image.default\">\n\t\t\t\t<div class=\"elementor-widget-container\">\n\t\t\t\t\t\t\t\t\t\t\t\t\t\t\t<img decoding=\"async\" width=\"375\" height=\"485\" src=\"https:\/\/fxprimus.com\/wp-content\/uploads\/2025\/01\/CTA-Bar-Left-Actual.png\" class=\"attachment-large size-large wp-image-487\" alt=\"CTA Bar Left Actual\" srcset=\"https:\/\/fxprimus.com\/wp-content\/uploads\/2025\/01\/CTA-Bar-Left-Actual.png 375w, https:\/\/fxprimus.com\/wp-content\/uploads\/2025\/01\/CTA-Bar-Left-Actual-232x300.png 232w\" sizes=\"(max-width: 375px) 100vw, 375px\" \/>\t\t\t\t\t\t\t\t\t\t\t\t\t\t\t<\/div>\n\t\t\t\t<\/div>\n\t\t<div class=\"elementor-element elementor-element-623536b e-con-full e-flex e-con e-child\" data-id=\"623536b\" data-element_type=\"container\" data-e-type=\"container\" data-settings=\"{&quot;background_background&quot;:&quot;classic&quot;}\">\n\t\t<div class=\"elementor-element elementor-element-aef7421 e-con-full e-flex e-con e-child\" data-id=\"aef7421\" data-element_type=\"container\" data-e-type=\"container\">\n\t\t\t\t<div class=\"elementor-element elementor-element-dadcd22 elementor-widget elementor-widget-heading\" data-id=\"dadcd22\" data-element_type=\"widget\" data-e-type=\"widget\" data-widget_type=\"heading.default\">\n\t\t\t\t<div class=\"elementor-widget-container\">\n\t\t\t\t\t<span class=\"elementor-heading-title elementor-size-default\">Comece a negociar hoje<\/span>\t\t\t\t<\/div>\n\t\t\t\t<\/div>\n\t\t\t\t<div class=\"elementor-element elementor-element-c60c096 elementor-widget elementor-widget-heading\" data-id=\"c60c096\" data-element_type=\"widget\" data-e-type=\"widget\" data-widget_type=\"heading.default\">\n\t\t\t\t<div class=\"elementor-widget-container\">\n\t\t\t\t\t<h2 class=\"elementor-heading-title elementor-size-default\">Crie a sua conta<\/h2>\t\t\t\t<\/div>\n\t\t\t\t<\/div>\n\t\t\t\t<\/div>\n\t\t<div class=\"elementor-element elementor-element-e89af3e e-con-full e-flex e-con e-child\" data-id=\"e89af3e\" data-element_type=\"container\" data-e-type=\"container\">\n\t\t\t\t<div class=\"elementor-element elementor-element-c957a49 client-login-btn primusButton elementor-widget elementor-widget-global elementor-global-8036 elementor-global-7743 elementor-widget-button\" data-id=\"c957a49\" data-element_type=\"widget\" data-e-type=\"widget\" data-widget_type=\"button.default\">\n\t\t\t\t<div class=\"elementor-widget-container\">\n\t\t\t\t\t\t\t\t\t<div class=\"elementor-button-wrapper\">\n\t\t\t\t\t<a class=\"elementor-button elementor-button-link elementor-size-sm\" href=\"#\" target=\"_blank\" title=\"Inicie sess\u00e3o na FXPrimus\">\n\t\t\t\t\t\t<span class=\"elementor-button-content-wrapper\">\n\t\t\t\t\t\t\t\t\t<span class=\"elementor-button-text\">Negocie agora<\/span>\n\t\t\t\t\t<\/span>\n\t\t\t\t\t<\/a>\n\t\t\t\t<\/div>\n\t\t\t\t\t\t\t\t<\/div>\n\t\t\t\t<\/div>\n\t\t\t\t<div class=\"elementor-element elementor-element-7b3d551 client-register-btn primusButtonWhite elementor-widget elementor-widget-global elementor-global-8052 elementor-global-7740 elementor-widget-button\" data-id=\"7b3d551\" data-element_type=\"widget\" data-e-type=\"widget\" data-widget_type=\"button.default\">\n\t\t\t\t<div class=\"elementor-widget-container\">\n\t\t\t\t\t\t\t\t\t<div class=\"elementor-button-wrapper\">\n\t\t\t\t\t<a class=\"elementor-button elementor-button-link elementor-size-sm\" href=\"#\" target=\"_blank\" title=\"Registre-se na FXPrimus\">\n\t\t\t\t\t\t<span class=\"elementor-button-content-wrapper\">\n\t\t\t\t\t\t\t\t\t<span class=\"elementor-button-text\">Abra uma conta<\/span>\n\t\t\t\t\t<\/span>\n\t\t\t\t\t<\/a>\n\t\t\t\t<\/div>\n\t\t\t\t\t\t\t\t<\/div>\n\t\t\t\t<\/div>\n\t\t\t\t<\/div>\n\t\t\t\t<\/div>\n\t\t\t\t\t<\/div>\n\t\t\t\t<\/div>\n\t\t\t\t<\/div>\n\t\t","protected":false},"excerpt":{"rendered":"<p>Recarregue seu B\u00f4nus de 30% Temos a satisfa\u00e7\u00e3o de oferecer uma promo\u00e7\u00e3o especial que d\u00e1 a voc\u00ea um b\u00f4nus adicional de 30% em seus dep\u00f3sitos na FXPrimus. Essa oferta por tempo limitado foi pensada para melhorar ainda mais sua experi\u00eancia de trading, fornecendo fundos extras para que voc\u00ea explore novas oportunidades e aumente seu potencial [&hellip;]<\/p>\n","protected":false},"author":1,"featured_media":0,"parent":4991,"menu_order":0,"comment_status":"closed","ping_status":"closed","template":"","meta":{"footnotes":""},"class_list":["post-4946","page","type-page","status-publish","hentry"],"_links":{"self":[{"href":"https:\/\/fxprimus.com\/pt-br\/wp-json\/wp\/v2\/pages\/4946","targetHints":{"allow":["GET"]}}],"collection":[{"href":"https:\/\/fxprimus.com\/pt-br\/wp-json\/wp\/v2\/pages"}],"about":[{"href":"https:\/\/fxprimus.com\/pt-br\/wp-json\/wp\/v2\/types\/page"}],"author":[{"embeddable":true,"href":"https:\/\/fxprimus.com\/pt-br\/wp-json\/wp\/v2\/users\/1"}],"replies":[{"embeddable":true,"href":"https:\/\/fxprimus.com\/pt-br\/wp-json\/wp\/v2\/comments?post=4946"}],"version-history":[{"count":5,"href":"https:\/\/fxprimus.com\/pt-br\/wp-json\/wp\/v2\/pages\/4946\/revisions"}],"predecessor-version":[{"id":8652,"href":"https:\/\/fxprimus.com\/pt-br\/wp-json\/wp\/v2\/pages\/4946\/revisions\/8652"}],"up":[{"embeddable":true,"href":"https:\/\/fxprimus.com\/pt-br\/wp-json\/wp\/v2\/pages\/4991"}],"wp:attachment":[{"href":"https:\/\/fxprimus.com\/pt-br\/wp-json\/wp\/v2\/media?parent=4946"}],"curies":[{"name":"wp","href":"https:\/\/api.w.org\/{rel}","templated":true}]}}