{"id":4793,"date":"2024-12-10T08:53:40","date_gmt":"2024-12-10T08:53:40","guid":{"rendered":"https:\/\/myprimusmarkets.com\/politica-de-privacidade\/"},"modified":"2025-03-21T15:07:04","modified_gmt":"2025-03-21T15:07:04","slug":"politica-de-privacidade","status":"publish","type":"page","link":"https:\/\/fxprimus.com\/pt-br\/politica-de-privacidade\/","title":{"rendered":"Pol\u00edtica de Privacidade"},"content":{"rendered":"\t\t<div data-elementor-type=\"wp-page\" data-elementor-id=\"4793\" class=\"elementor elementor-4793 elementor-3\" data-elementor-post-type=\"page\">\n\t\t\t\t<div class=\"elementor-element elementor-element-7f3c24ad e-flex e-con-boxed e-con e-parent\" data-id=\"7f3c24ad\" data-element_type=\"container\" data-e-type=\"container\" data-settings=\"{&quot;background_background&quot;:&quot;classic&quot;}\">\n\t\t\t\t\t<div class=\"e-con-inner\">\n\t\t\t\t<div class=\"elementor-element elementor-element-16b94789 privacyPolicy elementor-widget elementor-widget-text-editor\" data-id=\"16b94789\" data-element_type=\"widget\" data-e-type=\"widget\" data-widget_type=\"text-editor.default\">\n\t\t\t\t<div class=\"elementor-widget-container\">\n\t\t\t\t\t\t\t\t\t\n<h1>Pol\u00edtica de Privacidade<\/h1>\n<p>\u00a0<\/p>\n<h3 class=\"FXPElements__H3Title-sc-h4chqj-9 fONFay\">1. INTRODU\u00c7\u00c3O<\/h3>\n<div class=\"privacy-policy__PrivacyText-sc-1mpd193-0 eWdbxI\">A Primus Markets INTL Limited (a \u201cFXPrimus\u201d ou \u201cEmpresa\u201d) \u00e9 uma Empresa Internacional de Investimentos (a \u201cIF\u201d) constitu\u00edda na Rep\u00fablica de Vanuatu com o n\u00famero de empresa 14595.<\/div>\n<div class=\"privacy-policy__PrivacyText-sc-1mpd193-0 eWdbxI\">A empresa \u00e9 autorizada e regulamentada pela Comiss\u00e3o de Valores Mobili\u00e1rios e C\u00e2mbio de Vanuatu (a &quot;VFSC&quot;), com uma Licen\u00e7a de Negocia\u00e7\u00e3o de Valores Mobili\u00e1rios (a &quot;Licen\u00e7a&quot;) concedida pelo Ministro das Finan\u00e7as e Gest\u00e3o Econ\u00f4mica de Vanuatu. A estrutura dos servi\u00e7os oferecidos aos Clientes \u00e9 baseada na Licen\u00e7a da Empresa.<\/div>\n<div class=\"privacy-policy__PrivacyText-sc-1mpd193-0 eWdbxI\">A Primus Markets INFL Limited (a \u201cFXPrimus\u201d ou \u201cEmpresa\u201d) est\u00e1 comprometida em proteger sua privacidade e tratar seus dados de maneira aberta e transparente. Os dados pessoais que coletamos e processamos dependem do produto ou servi\u00e7o solicitado e acordado em cada caso.<\/div>\n<h3 class=\"FXPElements__H3Title-sc-h4chqj-9 fONFay\">2. REGULAMENTO GERAL DE PROTE\u00c7\u00c3O DE DADOS<\/h3>\n<div class=\"privacy-policy__PrivacyText-sc-1mpd193-0 eWdbxI\">A prote\u00e7\u00e3o da privacidade e das informa\u00e7\u00f5es pessoais e financeiras dos clientes da FXPrimus e dos visitantes do site \u00e9 uma de nossas maiores prioridades. A Pol\u00edtica Geral de Prote\u00e7\u00e3o de Dados (a \u201cGDP\u201d) a seguir explica como coletamos, armazenamos e protegemos suas informa\u00e7\u00f5es.<\/div>\n<p class=\"FXPElements__Paragraph-sc-h4chqj-10 bzrA-DT\"><strong>Esta declara\u00e7\u00e3o de privacidade:<\/strong><\/p>\n<ul class=\"privacy-policy__PrvcListStyle-sc-1mpd193-1 kUpvZw\">\n<li>oferece um detalhamento de como a Empresa coleta e processa suas informa\u00e7\u00f5es pessoais e o informa sobre os direitos que possui segundo a lei local de prote\u00e7\u00e3o de dados,<\/li>\n<li>aplica-se apenas a pessoas f\u00edsicas que sejam clientes atuais ou potenciais do CIF, ou que sejam representantes autorizados\/Corretores de Apresenta\u00e7\u00e3o (IBs) ou propriet\u00e1rios benefici\u00e1rios de pessoas jur\u00eddicas ou de pessoas f\u00edsicas que sejam clientes atuais ou potenciais da Empresa,<\/li>\n<li>aplica-se a pessoas f\u00edsicas que tiveram tal relacionamento comercial com a Empresa no passado<\/li>\n<li>cont\u00e9m informa\u00e7\u00f5es sobre como e por que compartilhamos seus dados pessoais com outros membros da Empresa e outros terceiros (por exemplo, prestadores de servi\u00e7os ou fornecedores confi\u00e1veis).<\/li>\n<\/ul>\n<div class=\"privacy-policy__PrivacyText-sc-1mpd193-0 eWdbxI\">Seus dados podem ser chamados de \u201cinforma\u00e7\u00f5es pessoais\u201d ou \u201cdados pessoais\u201d. \u00c0s vezes, tamb\u00e9m podemos nos referir coletivamente ao manuseio, \u00e0 coleta, \u00e0 prote\u00e7\u00e3o e ao armazenamento de seus dados pessoais ou a qualquer a\u00e7\u00e3o desse tipo como \u201cprocessamento\u201d desses dados pessoais.<\/div>\n<div class=\"privacy-policy__PrivacyText-sc-1mpd193-0 eWdbxI\">Para os fins desta pol\u00edtica, dados pessoais significam qualquer informa\u00e7\u00e3o relacionada a voc\u00ea que o identifique ou possa identific\u00e1-lo e que inclua, por exemplo, seu nome, endere\u00e7o, n\u00famero de identifica\u00e7\u00e3o.<\/div>\n<h3 class=\"FXPElements__H3Title-sc-h4chqj-9 izLUNj\">3. QUAIS DADOS PESSOAIS PROCESSAMOS E DE ONDE OS COLETAMOS<\/h3>\n<div class=\"privacy-policy__PrivacyText-sc-1mpd193-0 hPMIPk\">N\u00f3s coletamos e processamos diferentes tipos de dados pessoais que recebemos de nossos clientes (potenciais e atuais) por meio de seus representantes ou de nossos canais alternativos de comunica\u00e7\u00e3o, como nosso site ou \u00e1rea de membros, no contexto de nosso relacionamento comercial.<\/div>\n<div class=\"privacy-policy__PrivacyText-sc-1mpd193-0 eWdbxI\">Tamb\u00e9m podemos coletar e processar dados pessoais que obtemos legalmente n\u00e3o apenas de voc\u00ea, mas de outras entidades do Grupo da Empresa ou de terceiros, por exemplo, indiv\u00edduos, autoridades p\u00fablicas, empresas que o apresentam a n\u00f3s, empresas que processam pagamentos com cart\u00e3o.<\/div>\n<div class=\"privacy-policy__PrivacyText-sc-1mpd193-0 eWdbxI\">Al\u00e9m disso, tamb\u00e9m podemos coletar e processar dados pessoais de fontes publicamente dispon\u00edveis (por exemplo, o Departamento de Registro de Empresas e o Receptor Oficial, registros comerciais e meios de comunica\u00e7\u00e3o) que obtivermos legalmente e que tenhamos permiss\u00e3o para processar.<\/div>\n<p class=\"FXPElements__Paragraph-sc-h4chqj-10 beKDnD\"><strong>1. Se voc\u00ea for um cliente em potencial, os dados pessoais relevantes que coletamos podem incluir:<\/strong><\/p>\n<ul class=\"privacy-policy__PrvcListStyle-sc-1mpd193-1 TiSVg\">\n<li>Nome;<\/li>\n<li>Identidade e Passaporte;<\/li>\n<li>N\u00famero de telefone;<\/li>\n<li>Endere\u00e7o;<\/li>\n<li>Data de nascimento;<\/li>\n<li>Educa\u00e7\u00e3o;<\/li>\n<li>Experi\u00eancia;<\/li>\n<li>Volume;<\/li>\n<li>Situa\u00e7\u00e3o laboral;<\/li>\n<li>G\u00eanero;<\/li>\n<li>Estimativa de patrim\u00f4nio l\u00edquido; <\/li>\n<li>Fonte dos fundos;<\/li>\n<li>Se voc\u00ea exerce\/exerceu uma fun\u00e7\u00e3o p\u00fablica de destaque (para PEPs);<\/li>\n<li>Dados de autentica\u00e7\u00e3o (por exemplo, assinatura).<\/li>\n<li>Certid\u00e3o de \u00f3bito;<\/li>\n<li>Certid\u00e3o de casamento; e<\/li>\n<li>Dados banc\u00e1rios.<\/li>\n<\/ul>\n<p class=\"FXPElements__Paragraph-sc-h4chqj-10 lhXvJM\"><strong>2. Se voc\u00ea for um Corretor de Apresenta\u00e7\u00e3o\/Afiliado em potencial, os dados pessoais relevantes que coletamos podem incluir:<\/strong><\/p>\n<ul class=\"privacy-policy__PrvcListStyle-sc-1mpd193-1 etDMTw\">\n<li>Identidade e Passaporte;<\/li>\n<li>N\u00famero de telefone;<\/li>\n<li>Endere\u00e7o;<\/li>\n<li>Cidade\/localidade;<\/li>\n<li>Estado;<\/li>\n<li>Pa\u00eds;<\/li>\n<li>G\u00eanero, e;<\/li>\n<li>Dados banc\u00e1rios.<\/li>\n<\/ul>\n<p class=\"FXPElements__Paragraph-sc-h4chqj-10 gWltSj\"><strong>3. Se voc\u00ea \u00e9 uma empresa em potencial, podemos fornecer uma conta corporativa para voc\u00ea, e os dados pessoais relevantes que coletamos podem incluir:<\/strong><\/p>\n<p class=\"FXPElements__Paragraph-sc-h4chqj-10 jSZwCx\">Dados da empresa:<\/p>\n<ul class=\"privacy-policy__PrvcListStyle-sc-1mpd193-1 hdzCBh\">\n<li>Nome;<\/li>\n<li>Endere\u00e7o;<\/li>\n<li>Estado;<\/li>\n<li>Pa\u00eds;<\/li>\n<li>Diretores;<\/li>\n<li>Acionistas (que detenham 10% ou mais das a\u00e7\u00f5es); e<\/li>\n<li>Dados banc\u00e1rios.<\/li>\n<\/ul>\n<p class=\"FXPElements__Paragraph-sc-h4chqj-10 jSZwCx\">Dados do contato principal (Diretor)<\/p>\n<ul class=\"privacy-policy__PrvcListStyle-sc-1mpd193-1 hdzCBh\">\n<li>Nome;<\/li>\n<li>Data de nascimento;<\/li>\n<li>Endere\u00e7o;<\/li>\n<li>Estado;<\/li>\n<li>Pa\u00eds;<\/li>\n<li>G\u00eanero;<\/li>\n<li>N\u00famero de telefone;<\/li>\n<li>E-mail;<\/li>\n<li>Licen\u00e7as que a empresa obteve;<\/li>\n<li>\u00d3rg\u00e3os reguladores dos quais a empresa faz parte; e<\/li>\n<li>Hist\u00f3rico\/Experi\u00eancia do Diretor\/Acionista da Empresa<\/li>\n<\/ul>\n<h3 class=\"FXPElements__H3Title-sc-h4chqj-9 izLUNj\">4. VOC\u00ca TEM A OBRIGA\u00c7\u00c3O DE NOS FORNECER SEUS DADOS PESSOAIS?<\/h3>\n<div class=\"privacy-policy__PrivacyText-sc-1mpd193-0 eWdbxI\">Para que possamos estabelecer um relacionamento comercial com voc\u00ea, \u00e9 necess\u00e1rio que voc\u00ea nos forne\u00e7a seus dados pessoais, que s\u00e3o indispens\u00e1veis para o in\u00edcio e a execu\u00e7\u00e3o de um relacionamento comercial e para o cumprimento de nossas obriga\u00e7\u00f5es contratuais. Al\u00e9m disso, somos obrigados a coletar esses dados pessoais devido \u00e0s disposi\u00e7\u00f5es da Lei de Lavagem de Dinheiro, que exige que verifiquemos sua identidade antes de firmarmos um contrato ou um relacionamento comercial com voc\u00ea (ou com a entidade legal da qual voc\u00ea \u00e9 o representante\/agente autorizado ou propriet\u00e1rio benefici\u00e1rio). Portanto, voc\u00ea deve nos fornecer, pelo menos, sua carteira de identidade\/passaporte, seu nome completo, local de nascimento (cidade e pa\u00eds) e seu endere\u00e7o residencial para que possamos cumprir nossa obriga\u00e7\u00e3o legal, conforme mencionado acima.<\/div>\n<h3 class=\"FXPElements__H3Title-sc-h4chqj-9 izLUNj\">5. POR QUE PROCESSAMOS SEUS DADOS PESSOAIS E EM QUE BASE LEGAL<\/h3>\n<div class=\"privacy-policy__PrivacyText-sc-1mpd193-0 eWdbxI\">Como j\u00e1 mencionado, temos o compromisso de proteger sua privacidade e tratar seus dados de forma aberta e transparente e, como tal, processamos seus dados pessoais de acordo com o GDPR e a lei local de prote\u00e7\u00e3o de dados por um ou mais dos seguintes motivos:<\/div>\n<p class=\"FXPElements__Paragraph-sc-h4chqj-10 cpfjRS\"><strong>Para a execu\u00e7\u00e3o de um contrato<\/strong><\/p>\n<div class=\"privacy-policy__PrivacyText-sc-1mpd193-0 eWdbxI\">Processamos dados pessoais para oferecer servi\u00e7os financeiros a voc\u00ea. Portanto, solicitamos que voc\u00ea preencha o formul\u00e1rio de adequa\u00e7\u00e3o com dados adicionais, o que nos permitir\u00e1 oferecer o produto mais adequado. Essas informa\u00e7\u00f5es, que somos obrigados a coletar, s\u00e3o necess\u00e1rias para que possamos prestar nossos servi\u00e7os a voc\u00ea. A finalidade do processamento de dados pessoais depende dos requisitos de cada produto ou servi\u00e7o. Nosso Contrato com o Cliente fornece mais detalhes com rela\u00e7\u00e3o a esse assunto.<\/div>\n<p class=\"FXPElements__Paragraph-sc-h4chqj-10 cpfjRS\"><strong>Para cumprir uma obriga\u00e7\u00e3o legal<\/strong><\/p>\n<div class=\"privacy-policy__PrivacyText-sc-1mpd193-0 eWdbxI\">H\u00e1 diversas obriga\u00e7\u00f5es legais decorrentes das leis relevantes \u00e0s quais estamos sujeitos, bem como de requisitos jur\u00eddicos, por exemplo, a Lei de Lavagem de Dinheiro e diversas autoridades de supervis\u00e3o a cujas leis e regulamenta\u00e7\u00f5es estamos sujeitos. Essas obriga\u00e7\u00f5es e requisitos nos imp\u00f5em as atividades necess\u00e1rias de processamento de dados pessoais para verifica\u00e7\u00e3o de identidade, cumprimento de ordens judiciais, leis tribut\u00e1rias ou outras obriga\u00e7\u00f5es de relat\u00f3rios e controles contra lavagem de dinheiro.<\/div>\n<p class=\"FXPElements__Paragraph-sc-h4chqj-10 cpfjRS\"><strong>Para fins de prote\u00e7\u00e3o de interesses leg\u00edtimos<\/strong><\/p>\n<div class=\"privacy-policy__PrivacyText-sc-1mpd193-0 eWdbxI\">Processamos dados pessoais para proteger os interesses leg\u00edtimos buscados por n\u00f3s ou por terceiros. Um interesse leg\u00edtimo \u00e9 quando temos um motivo comercial ou de neg\u00f3cios para usar suas informa\u00e7\u00f5es. Por\u00e9m, isso n\u00e3o deve ir injustamente contra o que \u00e9 certo e melhor para voc\u00ea. Portanto, nosso objetivo \u00e9 processar seus dados de maneira justa, transparente e legal. Exemplos de tais atividades de processamento incluem:<\/div>\n<ul class=\"privacy-policy__PrvcListStyle-sc-1mpd193-1 kALofw\">\n<li>Medidas e processos que adotamos para garantir a seguran\u00e7a do sistema e da TI da Empresa, evitando poss\u00edveis crimes, seguran\u00e7a de ativos, controles de entrada e medidas anti-invas\u00e3o;<\/li>\n<li>Instala\u00e7\u00e3o de sistemas de CCTV, por exemplo, em caixas eletr\u00f4nicos, para a preven\u00e7\u00e3o de crimes ou fraudes;<\/li>\n<li>Medidas para gerenciar os neg\u00f3cios e para desenvolver produtos e servi\u00e7os.<\/li>\n<li>Compartilhamento de seus dados pessoais dentro do Grupo da Empresa com a finalidade de atualizar\/verificar seus dados pessoais de acordo com a estrutura de conformidade relevante de combate \u00e0 lavagem de dinheiro; e<\/li>\n<li>Gerenciamento de riscos do Grupo da Empresa.<\/li>\n<\/ul>\n<h3 class=\"FXPElements__H3Title-sc-h4chqj-9 izLUNj\">6. VOC\u00ca FORNECEU SEU CONSENTIMENTO<\/h3>\n<div class=\"privacy-policy__PrivacyText-sc-1mpd193-0 eWdbxI\">Se voc\u00ea tiver nos dado seu consentimento espec\u00edfico para o processamento (exceto pelos motivos estabelecidos acima), a legalidade de tal processamento ser\u00e1 baseada nesse consentimento. Voc\u00ea tem o direito de revogar o consentimento a qualquer momento. Entretanto, qualquer processamento de dados pessoais anterior ao recebimento de sua revoga\u00e7\u00e3o n\u00e3o ser\u00e1 afetado.<\/div>\n<h3 class=\"FXPElements__H3Title-sc-h4chqj-9 izLUNj\">7. QUEM RECEBE SEUS DADOS PESSOAIS<\/h3>\n<div class=\"privacy-policy__PrivacyText-sc-1mpd193-0 eWdbxI\">No decorrer da execu\u00e7\u00e3o de nossas obriga\u00e7\u00f5es contratuais e estatut\u00e1rias, seus dados pessoais podem ser fornecidos a v\u00e1rios departamentos da Empresa, mas tamb\u00e9m a outras empresas da FXPrimus. Diferentes prestadores de servi\u00e7os e fornecedores\/contratados tamb\u00e9m podem receber seus dados pessoais para que possamos cumprir nossas obriga\u00e7\u00f5es. Esses prestadores de servi\u00e7os e fornecedores firmam acordos contratuais com a Empresa pelos quais observam a confidencialidade e a prote\u00e7\u00e3o de dados de acordo com a lei de prote\u00e7\u00e3o de dados.<\/div>\n<div class=\"privacy-policy__PrivacyText-sc-1mpd193-0 eWdbxI\">\u00c9 importante observar que podemos divulgar dados sobre o usu\u00e1rio por qualquer um dos motivos descritos acima, ou se formos legalmente obrigados a faz\u00ea-lo, ou se formos autorizados por nossas obriga\u00e7\u00f5es contratuais e regulamentares ou se o usu\u00e1rio tiver dado seu consentimento.<\/div>\n<div class=\"privacy-policy__PrivacyText-sc-1mpd193-0 eWdbxI\">Nas circunst\u00e2ncias acima referidas,\u00a0<strong>os destinat\u00e1rios dos dados pessoais podem ser<\/strong>, por exemplo:<\/div>\n<ul class=\"privacy-policy__PrvcListStyle-sc-1mpd193-1 kALofw\">\n<li>Autoridades de supervis\u00e3o e outras autoridades regulat\u00f3rias e p\u00fablicas, na medida em que exista uma obriga\u00e7\u00e3o estatut\u00e1ria.<\/li>\n<li>Alguns exemplos s\u00e3o a VFSC, as autoridades de imposto de renda e as autoridades de processo criminal;<\/li>\n<li>Institui\u00e7\u00f5es financeiras e de cr\u00e9dito, como bancos correspondentes;<\/li>\n<li>Para nosso processo de combate \u00e0 lavagem de dinheiro;<\/li>\n<li>Consultores jur\u00eddicos externos;<\/li>\n<li>Auditores e contadores;<\/li>\n<li>Empresas de marketing e empresas de pesquisa de mercado;<\/li>\n<li>Empresas que nos ajudam a fornecer nossos servi\u00e7os a voc\u00ea;<\/li>\n<li>Empresas de processamento de pagamentos com cart\u00e3o;<\/li>\n<li>Ag\u00eancias de preven\u00e7\u00e3o a fraudes;<\/li>\n<li>Empresas de armazenamento de arquivos, empresas de arquivamento e\/ou gerenciamento de registros, empresas de armazenamento em nuvem;<\/li>\n<li>Empresas de consultoria em compliance;<\/li>\n<li>Empresas que nos auxiliam no fornecimento eficaz de nossos servi\u00e7os a voc\u00ea, oferecendo conhecimento tecnol\u00f3gico, solu\u00e7\u00f5es e suporte e facilitando pagamentos;<\/li>\n<li>Ag\u00eancias de compras e aquisi\u00e7\u00f5es, sites e publicidade;<\/li>\n<li>Corretores de Apresenta\u00e7\u00e3o e Afiliados com os quais temos relacionamento m\u00fatuo;<\/li>\n<li>Fornecedores que nos ajudam a oferecer a voc\u00ea sinais\/alertas de trading e\/ou servi\u00e7os de copy trading.<\/li>\n<\/ul>\n<h3 class=\"FXPElements__H3Title-sc-h4chqj-9 izLUNj\">8. COMO TRATAMOS SEUS DADOS PESSOAIS PARA ATIVIDADES DE MARKETING E SE A CRIA\u00c7\u00c3O DE PERFIS \u00c9 USADA PARA ESSAS ATIVIDADES<\/h3>\n<div class=\"privacy-policy__PrivacyText-sc-1mpd193-0 eWdbxI\">Podemos processar seus dados pessoais para inform\u00e1-lo sobre produtos, servi\u00e7os e ofertas que possam ser de seu interesse ou de sua empresa.<\/div>\n<div class=\"privacy-policy__PrivacyText-sc-1mpd193-0 eWdbxI\">Para essa finalidade, os dados pessoais que processamos consistem em informa\u00e7\u00f5es que voc\u00ea nos fornece e em dados que coletamos e\/ou inferimos quando voc\u00ea usa nossos servi\u00e7os, como informa\u00e7\u00f5es sobre suas transa\u00e7\u00f5es. Estudamos todas essas informa\u00e7\u00f5es para formar uma opini\u00e3o sobre o que achamos que voc\u00ea pode precisar ou o que pode lhe interessar. Em alguns casos, realizamos a cria\u00e7\u00e3o de perfis, ou seja, processamos seus dados automaticamente com o objetivo de avaliar determinados aspectos pessoais para fornecer informa\u00e7\u00f5es de marketing direcionadas sobre produtos.<\/div>\n<div class=\"privacy-policy__PrivacyText-sc-1mpd193-0 eWdbxI\">S\u00f3 podemos usar seus dados pessoais para promover nossos produtos e servi\u00e7os para voc\u00ea se tivermos seu consentimento expl\u00edcito para isso ou, em determinados casos, se considerarmos que \u00e9 de nosso interesse leg\u00edtimo agir dessa forma. Voc\u00ea tem o direito de se opor, a qualquer momento, ao processamento de seus dados pessoais para fins de marketing, o que inclui a cria\u00e7\u00e3o de perfis, entrando em contato com a Empresa, por escrito, a qualquer momento, pelo e-mail privacy@fxprimus.com.<\/div>\n<h3 class=\"FXPElements__H3Title-sc-h4chqj-9 izLUNj\">9. POR QUANTO TEMPO MANTEMOS SUAS INFORMA\u00c7\u00d5ES PESSOAIS<\/h3>\n<div class=\"privacy-policy__PrivacyText-sc-1mpd193-0 eWdbxI\">Conservaremos seus dados pessoais enquanto tivermos um relacionamento comercial com voc\u00ea (como pessoa f\u00edsica ou em rela\u00e7\u00e3o \u00e0s nossas negocia\u00e7\u00f5es com uma pessoa jur\u00eddica que voc\u00ea est\u00e1 autorizado a representar ou \u00e9 propriet\u00e1rio benefici\u00e1rio). Depois que nosso relacionamento comercial com voc\u00ea terminar, poderemos manter seus dados por at\u00e9 dez (10) anos. Poderemos manter seus dados por mais de 10 anos se n\u00e3o pudermos exclu\u00ed-los por motivos legais, regulamentares ou t\u00e9cnicos.<\/div>\n<div class=\"privacy-policy__PrivacyText-sc-1mpd193-0 eWdbxI\">Para dados pessoais de clientes potenciais (ou representantes\/agentes autorizados ou propriet\u00e1rios benefici\u00e1rios de um cliente potencial de pessoa jur\u00eddica), manteremos seus dados pessoais por seis meses a partir da data de notifica\u00e7\u00e3o da rejei\u00e7\u00e3o de sua solicita\u00e7\u00e3o de nossos servi\u00e7os e\/ou instala\u00e7\u00f5es ou da data de retirada de tal solicita\u00e7\u00e3o.<\/div>\n<h3 class=\"FXPElements__H3Title-sc-h4chqj-9 izLUNj\">10. SEUS DIREITOS DE PROTE\u00c7\u00c3O DE DADOS:<\/h3>\n<div class=\"privacy-policy__PrivacyText-sc-1mpd193-0 eWdbxI\">Voc\u00ea tem os seguintes direitos em rela\u00e7\u00e3o aos dados pessoais que mantemos sobre voc\u00ea:<\/div>\n<ul class=\"privacy-policy__PrvcListStyle-sc-1mpd193-1 dnYBuE\">\n<li><strong>Receber acesso aos seus dados pessoais.<\/strong>\u00a0Isso permite, por exemplo, que voc\u00ea receba uma c\u00f3pia dos dados pessoais que mantemos sobre voc\u00ea e verifique se estamos processando-os legalmente. Para receber essa c\u00f3pia, voc\u00ea pode preencher o formul\u00e1rio no site da Empresa (https:\/\/www.fxprimus. com\/en\/contact-us).<\/li>\n<li><strong>Solicitar corre\u00e7\u00e3o (retifica\u00e7\u00e3o)\u00a0<\/strong>dos dados pessoais que mantemos sobre voc\u00ea. Isso permite que voc\u00ea corrija quaisquer dados incompletos ou imprecisos que tenhamos sobre voc\u00ea.<\/li>\n<li><strong>Solicitar a exclus\u00e3o de suas informa\u00e7\u00f5es pessoais.\u00a0<\/strong>Isso permite que voc\u00ea nos pe\u00e7a para apagar seus dados pessoais (conhecido como o \u201cdireito de ser esquecido\u201d) quando n\u00e3o houver um bom motivo para continuarmos a process\u00e1-los.<\/li>\n<li><strong>Se opor ao processamento de seus dados pessoais<\/strong> quando estivermos nos baseando em um interesse leg\u00edtimo e houver algo sobre sua situa\u00e7\u00e3o espec\u00edfica que o fa\u00e7a querer se opor ao processamento por esse motivo. Se voc\u00ea apresentar uma obje\u00e7\u00e3o, n\u00e3o processaremos mais seus dados pessoais, a menos que possamos demonstrar motivos leg\u00edtimos e convincentes para o processamento que prevale\u00e7am sobre seus interesses, direitos e liberdades. Voc\u00ea tamb\u00e9m tem o direito de se opor quando estivermos processando seus dados pessoais para fins de marketing direto. Isso tamb\u00e9m inclui a cria\u00e7\u00e3o de perfis, na medida em que esteja relacionada ao marketing direto. Se voc\u00ea se opuser ao processamento para fins de marketing direto, interromperemos o processamento de seus dados pessoais para tais fins.<\/li>\n<li><strong>Solicitar a restri\u00e7\u00e3o do processamento\u00a0<\/strong>dos seus dados pessoais. Isso permite que voc\u00ea nos pe\u00e7a para restringir o processamento de seus dados pessoais, ou seja, us\u00e1-los apenas para determinados fins, se:<ul class=\"privacy-policy__PrvcListStyle-sc-1mpd193-1 fOrpCF\">\n<li>eles n\u00e3o forem precisos;<\/li>\n<li>tiverem sido usados ilegalmente, mas voc\u00ea n\u00e3o quiser que os excluamos;<\/li>\n<li>n\u00e3o forem mais relevantes, mas voc\u00ea desejar que os mantenhamos para uso em poss\u00edveis a\u00e7\u00f5es judiciais; e<\/li>\n<li>voc\u00ea j\u00e1 tiver solicitado que deixemos de usar seus dados pessoais, mas estiver aguardando que confirmemos se temos motivos leg\u00edtimos para usar seus dados.<\/li>\n<\/ul>\n<\/li>\n<li><strong>Pedir para receber uma c\u00f3pia<\/strong> dos dados pessoais que lhe dizem respeito em um formato estruturado e comumente usado e transmitir esses dados a outras organiza\u00e7\u00f5es. Voc\u00ea tamb\u00e9m tem o direito de ter seus dados pessoais transmitidos diretamente por n\u00f3s a outras organiza\u00e7\u00f5es que voc\u00ea indicar (conhecido como o direito \u00e0 portabilidade de dados).<\/li>\n<li><strong>Retirar o consentimento que voc\u00ea nos deu<\/strong> com rela\u00e7\u00e3o ao processamento de seus dados pessoais a qualquer momento. Observe que a retirada do consentimento n\u00e3o afetar\u00e1 a legalidade do processamento com base no consentimento anterior \u00e0 sua retirada ou revoga\u00e7\u00e3o.<\/li>\n<\/ul>\n<p class=\"FXPElements__Paragraph-sc-h4chqj-10 cQjQrZ\">Para exercer qualquer um de seus direitos ou se tiver qualquer outra d\u00favida sobre o uso de seus dados pessoais, entre em contato com seu gerente de conta, visite qualquer um de nossos escrit\u00f3rios ou envie um e-mail para privacy@fxprimus.com.<\/p>\n<h3 class=\"FXPElements__H3Title-sc-h4chqj-9 izLUNj\">11. DIREITO DE APRESENTAR UMA QUEIXA<\/h3>\n<div class=\"privacy-policy__PrivacyText-sc-1mpd193-0 eWdbxI\">Se voc\u00ea tiver exercido algum ou todos os seus direitos de prote\u00e7\u00e3o de dados e ainda achar que suas d\u00favidas sobre como usamos seus dados pessoais n\u00e3o foram adequadamente tratadas por n\u00f3s, voc\u00ea tem o direito de reclamar entrando em contato com o suporte (https:\/\/www.fxprimus.com\/en\/contact-us).<\/div>\n<h3 class=\"FXPElements__H3Title-sc-h4chqj-9 izLUNj\">12. ALTERA\u00c7\u00d5ES A ESTA DECLARA\u00c7\u00c3O DE PRIVACIDADE<\/h3>\n<div class=\"privacy-policy__PrivacyText-sc-1mpd193-0 eWdbxI\">Podemos modificar ou alterar esta declara\u00e7\u00e3o de privacidade periodicamente.<\/div>\n<div class=\"privacy-policy__PrivacyText-sc-1mpd193-0 eWdbxI\">N\u00f3s o notificaremos adequadamente quando fizermos altera\u00e7\u00f5es nesta declara\u00e7\u00e3o de privacidade e alteraremos a data de revis\u00e3o na parte superior desta p\u00e1gina. No entanto, recomendamos que voc\u00ea revise esta pol\u00edtica periodicamente para estar sempre informado sobre como estamos processando e protegendo suas informa\u00e7\u00f5es pessoais.<\/div>\t\t\t\t\t\t\t\t<\/div>\n\t\t\t\t<\/div>\n\t\t\t\t\t<\/div>\n\t\t\t\t<\/div>\n\t\t\t\t<\/div>\n\t\t","protected":false},"excerpt":{"rendered":"<p>Pol\u00edtica de Privacidade \u00a0 1. INTRODU\u00c7\u00c3O A Primus Markets INTL Limited (a \u201cFXPrimus\u201d ou \u201cEmpresa\u201d) \u00e9 uma Empresa Internacional de Investimentos (a \u201cIF\u201d) constitu\u00edda na Rep\u00fablica de Vanuatu com o n\u00famero de empresa 14595. A empresa \u00e9 autorizada e regulamentada pela Comiss\u00e3o de Valores Mobili\u00e1rios e C\u00e2mbio de Vanuatu (a &quot;VFSC&quot;), com uma Licen\u00e7a de [&hellip;]<\/p>\n","protected":false},"author":1,"featured_media":0,"parent":0,"menu_order":0,"comment_status":"closed","ping_status":"closed","template":"","meta":{"footnotes":""},"class_list":["post-4793","page","type-page","status-publish","hentry"],"_links":{"self":[{"href":"https:\/\/fxprimus.com\/pt-br\/wp-json\/wp\/v2\/pages\/4793","targetHints":{"allow":["GET"]}}],"collection":[{"href":"https:\/\/fxprimus.com\/pt-br\/wp-json\/wp\/v2\/pages"}],"about":[{"href":"https:\/\/fxprimus.com\/pt-br\/wp-json\/wp\/v2\/types\/page"}],"author":[{"embeddable":true,"href":"https:\/\/fxprimus.com\/pt-br\/wp-json\/wp\/v2\/users\/1"}],"replies":[{"embeddable":true,"href":"https:\/\/fxprimus.com\/pt-br\/wp-json\/wp\/v2\/comments?post=4793"}],"version-history":[{"count":5,"href":"https:\/\/fxprimus.com\/pt-br\/wp-json\/wp\/v2\/pages\/4793\/revisions"}],"predecessor-version":[{"id":5913,"href":"https:\/\/fxprimus.com\/pt-br\/wp-json\/wp\/v2\/pages\/4793\/revisions\/5913"}],"wp:attachment":[{"href":"https:\/\/fxprimus.com\/pt-br\/wp-json\/wp\/v2\/media?parent=4793"}],"curies":[{"name":"wp","href":"https:\/\/api.w.org\/{rel}","templated":true}]}}