{"id":3629,"date":"2025-02-12T11:36:16","date_gmt":"2025-02-12T11:36:16","guid":{"rendered":"https:\/\/myprimusmarkets.com\/calculadora-de-pips\/"},"modified":"2025-03-21T15:06:01","modified_gmt":"2025-03-21T15:06:01","slug":"calculadora-de-pips","status":"publish","type":"page","link":"https:\/\/fxprimus.com\/es\/recursos\/calculadora-de-pips\/","title":{"rendered":"Calculadora de pips"},"content":{"rendered":"\t\t<div data-elementor-type=\"wp-page\" data-elementor-id=\"3629\" class=\"elementor elementor-3629 elementor-2397\" data-elementor-post-type=\"page\">\n\t\t\t\t<div class=\"elementor-element elementor-element-da51357 e-flex e-con-boxed e-con e-parent\" data-id=\"da51357\" data-element_type=\"container\" data-e-type=\"container\">\n\t\t\t\t\t<div class=\"e-con-inner\">\n\t\t\t\t<div class=\"elementor-element elementor-element-4226461 elementor-widget elementor-widget-button\" data-id=\"4226461\" data-element_type=\"widget\" data-e-type=\"widget\" data-widget_type=\"button.default\">\n\t\t\t\t<div class=\"elementor-widget-container\">\n\t\t\t\t\t\t\t\t\t<div class=\"elementor-button-wrapper\">\n\t\t\t\t\t<a class=\"elementor-button elementor-button-link elementor-size-sm\" href=\"https:\/\/myprimusmarkets.com\/es\/recursos\/\" title=\"Ver todos los recursos\" target=\"_blank\" rel=\"noopener\">\n\t\t\t\t\t\t<span class=\"elementor-button-content-wrapper\">\n\t\t\t\t\t\t\t\t\t<span class=\"elementor-button-text\">Ver todos los recursos<\/span>\n\t\t\t\t\t<\/span>\n\t\t\t\t\t<\/a>\n\t\t\t\t<\/div>\n\t\t\t\t\t\t\t\t<\/div>\n\t\t\t\t<\/div>\n\t\t\t\t<div class=\"elementor-element elementor-element-02d72ea elementor-widget elementor-widget-heading\" data-id=\"02d72ea\" data-element_type=\"widget\" data-e-type=\"widget\" data-widget_type=\"heading.default\">\n\t\t\t\t<div class=\"elementor-widget-container\">\n\t\t\t\t\t<h1 class=\"elementor-heading-title elementor-size-default\">Calculadora de pips<\/h1>\t\t\t\t<\/div>\n\t\t\t\t<\/div>\n\t\t\t\t<div class=\"elementor-element elementor-element-10fa294 elementor-widget__width-initial elementor-widget elementor-widget-shortcode\" data-id=\"10fa294\" data-element_type=\"widget\" data-e-type=\"widget\" data-widget_type=\"shortcode.default\">\n\t\t\t\t<div class=\"elementor-widget-container\">\n\t\t\t\t\t\t\t<div class=\"elementor-shortcode\"><iframe tabindex=\"-1\" data-calculator=\"pipvalue\" data-max-width=\"484\" width=\"484\" loading=\"lazy\" scrolling=\"no\" class=\"fxcalc_pipvalue\" src=\"https:\/\/calcs.forexcalcs.com\/pipvalue?pc=%23b43cb4&amp;align=left&amp;mode=1&amp;lang=en\"><\/iframe><\/div>\n\t\t\t\t\t\t<\/div>\n\t\t\t\t<\/div>\n\t\t\t\t<div class=\"elementor-element elementor-element-12e7339 elementor-widget__width-initial elementor-widget elementor-widget-text-editor\" data-id=\"12e7339\" data-element_type=\"widget\" data-e-type=\"widget\" data-widget_type=\"text-editor.default\">\n\t\t\t\t<div class=\"elementor-widget-container\">\n\t\t\t\t\t\t\t\t\t<p>Aviso: Esta calculadora de pips se ofrece \u00fanicamente para realizar c\u00e1lculos para el trading de divisas y para fines informativos. Es posible que algunos de los activos que aparecen aqu\u00ed no est\u00e9n disponibles para operar en nuestra plataforma.<\/p><p>\u00a0<\/p><p>\u00a0<\/p><p>\u00a0<\/p><p>\u00a0<\/p>\t\t\t\t\t\t\t\t<\/div>\n\t\t\t\t<\/div>\n\t\t\t\t\t<\/div>\n\t\t\t\t<\/div>\n\t\t\t\t<\/div>\n\t\t","protected":false},"excerpt":{"rendered":"<p>Ver todos los recursos Calculadora de pips Aviso: Esta calculadora de pips se ofrece \u00fanicamente para realizar c\u00e1lculos para el trading de divisas y para fines informativos. Es posible que algunos de los activos que aparecen aqu\u00ed no est\u00e9n disponibles para operar en nuestra plataforma. \u00a0 \u00a0 \u00a0 \u00a0<\/p>\n","protected":false},"author":1,"featured_media":0,"parent":3635,"menu_order":0,"comment_status":"closed","ping_status":"closed","template":"","meta":{"footnotes":""},"class_list":["post-3629","page","type-page","status-publish","hentry"],"_links":{"self":[{"href":"https:\/\/fxprimus.com\/es\/wp-json\/wp\/v2\/pages\/3629","targetHints":{"allow":["GET"]}}],"collection":[{"href":"https:\/\/fxprimus.com\/es\/wp-json\/wp\/v2\/pages"}],"about":[{"href":"https:\/\/fxprimus.com\/es\/wp-json\/wp\/v2\/types\/page"}],"author":[{"embeddable":true,"href":"https:\/\/fxprimus.com\/es\/wp-json\/wp\/v2\/users\/1"}],"replies":[{"embeddable":true,"href":"https:\/\/fxprimus.com\/es\/wp-json\/wp\/v2\/comments?post=3629"}],"version-history":[{"count":14,"href":"https:\/\/fxprimus.com\/es\/wp-json\/wp\/v2\/pages\/3629\/revisions"}],"predecessor-version":[{"id":5679,"href":"https:\/\/fxprimus.com\/es\/wp-json\/wp\/v2\/pages\/3629\/revisions\/5679"}],"up":[{"embeddable":true,"href":"https:\/\/fxprimus.com\/es\/wp-json\/wp\/v2\/pages\/3635"}],"wp:attachment":[{"href":"https:\/\/fxprimus.com\/es\/wp-json\/wp\/v2\/media?parent=3629"}],"curies":[{"name":"wp","href":"https:\/\/api.w.org\/{rel}","templated":true}]}}