{"id":3582,"date":"2025-02-19T13:17:04","date_gmt":"2025-02-19T13:17:04","guid":{"rendered":"https:\/\/myprimusmarkets.com\/documentos-legales\/"},"modified":"2025-09-12T08:07:52","modified_gmt":"2025-09-12T08:07:52","slug":"documentos-legales","status":"publish","type":"page","link":"https:\/\/fxprimus.com\/es\/documentos-legales\/","title":{"rendered":"Documentos legales"},"content":{"rendered":"\t\t<div data-elementor-type=\"wp-page\" data-elementor-id=\"3582\" class=\"elementor elementor-3582 elementor-2879\" data-elementor-post-type=\"page\">\n\t\t\t\t<div class=\"elementor-element elementor-element-24f698d e-flex e-con-boxed e-con e-parent\" data-id=\"24f698d\" data-element_type=\"container\" data-e-type=\"container\">\n\t\t\t\t\t<div class=\"e-con-inner\">\n\t\t\t\t<div class=\"elementor-element elementor-element-faa5c9b elementor-widget elementor-widget-heading\" data-id=\"faa5c9b\" data-element_type=\"widget\" data-e-type=\"widget\" data-widget_type=\"heading.default\">\n\t\t\t\t<div class=\"elementor-widget-container\">\n\t\t\t\t\t<h1 class=\"elementor-heading-title elementor-size-default\">Documentos legales<\/h1>\t\t\t\t<\/div>\n\t\t\t\t<\/div>\n\t\t\t\t<div class=\"elementor-element elementor-element-c1c0ac3 elementor-widget__width-initial elementor-widget-mobile__width-inherit elementor-widget elementor-widget-text-editor\" data-id=\"c1c0ac3\" data-element_type=\"widget\" data-e-type=\"widget\" data-widget_type=\"text-editor.default\">\n\t\t\t\t<div class=\"elementor-widget-container\">\n\t\t\t\t\t\t\t\t\t<p>FXPrimus pone en manos de clientes y partners un entorno de trading seguro y \u00e9tico. Inf\u00f3rmese sobre los documentos legales que rigen su relaci\u00f3n con nosotros y desc\u00e1rguese los que le interesen con facilidad.<\/p>\n\t\t\t\t\t\t\t\t<\/div>\n\t\t\t\t<\/div>\n\t\t<div class=\"elementor-element elementor-element-63bd9b6 e-con-full e-flex e-con e-child\" data-id=\"63bd9b6\" data-element_type=\"container\" data-e-type=\"container\" data-settings=\"{&quot;background_background&quot;:&quot;classic&quot;}\">\n\t\t<div class=\"elementor-element elementor-element-0a1ddb1 e-con-full e-flex e-con e-child\" data-id=\"0a1ddb1\" data-element_type=\"container\" data-e-type=\"container\">\n\t\t\t\t<div class=\"elementor-element elementor-element-6fa4bb9 elementor-widget elementor-widget-text-editor\" data-id=\"6fa4bb9\" data-element_type=\"widget\" data-e-type=\"widget\" data-widget_type=\"text-editor.default\">\n\t\t\t\t<div class=\"elementor-widget-container\">\n\t\t\t\t\t\t\t\t\t<h3 class=\"legal-documents__DocumentTitle-sc-y5ioxk-3 biRgNH\">Pol\u00edtica de privacidad<\/h3>\n<p><\/p>\n<div class=\"legal-documents__DocumentDescription-sc-y5ioxk-4 jaoOGi\">Una de las principales prioridades de FXPrimus es proteger la privacidad y salvaguardar la informaci\u00f3n personal y financiera de nuestros clientes y de los usuarios que visitan el sitio web de la empresa. La siguiente Declaraci\u00f3n de Privacidad explica de qu\u00e9 manera recopilamos y protegemos su informaci\u00f3n.<\/div>\n\t\t\t\t\t\t\t\t<\/div>\n\t\t\t\t<\/div>\n\t\t\t\t<div class=\"elementor-element elementor-element-1046783 primusButton elementor-widget elementor-widget-button\" data-id=\"1046783\" data-element_type=\"widget\" data-e-type=\"widget\" data-widget_type=\"button.default\">\n\t\t\t\t<div class=\"elementor-widget-container\">\n\t\t\t\t\t\t\t\t\t<div class=\"elementor-button-wrapper\">\n\t\t\t\t\t<a class=\"elementor-button elementor-button-link elementor-size-sm\" href=\"https:\/\/fxprimus.com\/es\/politica-de-privacidad\/\" title=\"Ver pol\u00edtica\">\n\t\t\t\t\t\t<span class=\"elementor-button-content-wrapper\">\n\t\t\t\t\t\t\t\t\t<span class=\"elementor-button-text\">Ver pol\u00edtica<\/span>\n\t\t\t\t\t<\/span>\n\t\t\t\t\t<\/a>\n\t\t\t\t<\/div>\n\t\t\t\t\t\t\t\t<\/div>\n\t\t\t\t<\/div>\n\t\t\t\t<div class=\"elementor-element elementor-element-0c23157 primusButton elementor-widget elementor-widget-button\" data-id=\"0c23157\" data-element_type=\"widget\" data-e-type=\"widget\" data-widget_type=\"button.default\">\n\t\t\t\t<div class=\"elementor-widget-container\">\n\t\t\t\t\t\t\t\t\t<div class=\"elementor-button-wrapper\">\n\t\t\t\t\t<a class=\"elementor-button elementor-button-link elementor-size-sm\" href=\"\/wp-content\/uploads\/2025\/02\/fxprimus-privacy-policy.pdf\" target=\"_blank\" title=\"Ver PDF\">\n\t\t\t\t\t\t<span class=\"elementor-button-content-wrapper\">\n\t\t\t\t\t\t\t\t\t<span class=\"elementor-button-text\">Ver PDF<\/span>\n\t\t\t\t\t<\/span>\n\t\t\t\t\t<\/a>\n\t\t\t\t<\/div>\n\t\t\t\t\t\t\t\t<\/div>\n\t\t\t\t<\/div>\n\t\t\t\t<\/div>\n\t\t\t\t<div class=\"elementor-element elementor-element-d8cb8c0 elementor-widget-divider--view-line elementor-widget elementor-widget-divider\" data-id=\"d8cb8c0\" data-element_type=\"widget\" data-e-type=\"widget\" data-widget_type=\"divider.default\">\n\t\t\t\t<div class=\"elementor-widget-container\">\n\t\t\t\t\t\t\t<div class=\"elementor-divider\">\n\t\t\t<span class=\"elementor-divider-separator\">\n\t\t\t\t\t\t<\/span>\n\t\t<\/div>\n\t\t\t\t\t\t<\/div>\n\t\t\t\t<\/div>\n\t\t<div class=\"elementor-element elementor-element-c91b152 e-con-full e-flex e-con e-child\" data-id=\"c91b152\" data-element_type=\"container\" data-e-type=\"container\">\n\t\t\t\t<div class=\"elementor-element elementor-element-2bb2b95 elementor-widget elementor-widget-text-editor\" data-id=\"2bb2b95\" data-element_type=\"widget\" data-e-type=\"widget\" data-widget_type=\"text-editor.default\">\n\t\t\t\t<div class=\"elementor-widget-container\">\n\t\t\t\t\t\t\t\t\t<h3 class=\"legal-documents__DocumentTitle-sc-y5ioxk-3 biRgNH\">Contrato de cliente<\/h3>\n<p><\/p>\n<div class=\"legal-documents__DocumentDescription-sc-y5ioxk-4 jaoOGi\">El Contrato de cliente define las reglas que rigen la relaci\u00f3n entre FXPrimus y el Cliente.<\/div>\n\t\t\t\t\t\t\t\t<\/div>\n\t\t\t\t<\/div>\n\t\t\t\t<div class=\"elementor-element elementor-element-2cd56d9 primusButton elementor-widget elementor-widget-button\" data-id=\"2cd56d9\" data-element_type=\"widget\" data-e-type=\"widget\" data-widget_type=\"button.default\">\n\t\t\t\t<div class=\"elementor-widget-container\">\n\t\t\t\t\t\t\t\t\t<div class=\"elementor-button-wrapper\">\n\t\t\t\t\t<a class=\"elementor-button elementor-button-link elementor-size-sm\" href=\"\/wp-content\/uploads\/2025\/09\/fxprimus-client-agreement-September-2025.pdf\" target=\"_blank\" title=\"Ver contrato\">\n\t\t\t\t\t\t<span class=\"elementor-button-content-wrapper\">\n\t\t\t\t\t\t\t\t\t<span class=\"elementor-button-text\">Ver contrato en PDF<\/span>\n\t\t\t\t\t<\/span>\n\t\t\t\t\t<\/a>\n\t\t\t\t<\/div>\n\t\t\t\t\t\t\t\t<\/div>\n\t\t\t\t<\/div>\n\t\t\t\t<\/div>\n\t\t\t\t<div class=\"elementor-element elementor-element-a79c133 elementor-widget-divider--view-line elementor-widget elementor-widget-divider\" data-id=\"a79c133\" data-element_type=\"widget\" data-e-type=\"widget\" data-widget_type=\"divider.default\">\n\t\t\t\t<div class=\"elementor-widget-container\">\n\t\t\t\t\t\t\t<div class=\"elementor-divider\">\n\t\t\t<span class=\"elementor-divider-separator\">\n\t\t\t\t\t\t<\/span>\n\t\t<\/div>\n\t\t\t\t\t\t<\/div>\n\t\t\t\t<\/div>\n\t\t<div class=\"elementor-element elementor-element-f5bf08f e-con-full e-flex e-con e-child\" data-id=\"f5bf08f\" data-element_type=\"container\" data-e-type=\"container\">\n\t\t\t\t<div class=\"elementor-element elementor-element-7332284 elementor-widget elementor-widget-text-editor\" data-id=\"7332284\" data-element_type=\"widget\" data-e-type=\"widget\" data-widget_type=\"text-editor.default\">\n\t\t\t\t<div class=\"elementor-widget-container\">\n\t\t\t\t\t\t\t\t\t<h3 class=\"legal-documents__DocumentTitle-sc-y5ioxk-3 biRgNH\">Divulgaci\u00f3n de riesgos<\/h3>\n<p><\/p>\n<div class=\"legal-documents__DocumentDescription-sc-y5ioxk-4 jaoOGi\">En este documento se abordan los riesgos asociados con el trading o la inversiones en los mercados financieros.<\/div>\n\t\t\t\t\t\t\t\t<\/div>\n\t\t\t\t<\/div>\n\t\t\t\t<div class=\"elementor-element elementor-element-fe2b36f primusButton elementor-widget elementor-widget-button\" data-id=\"fe2b36f\" data-element_type=\"widget\" data-e-type=\"widget\" data-widget_type=\"button.default\">\n\t\t\t\t<div class=\"elementor-widget-container\">\n\t\t\t\t\t\t\t\t\t<div class=\"elementor-button-wrapper\">\n\t\t\t\t\t<a class=\"elementor-button elementor-button-link elementor-size-sm\" href=\"\/wp-content\/uploads\/2025\/02\/fxprimus-risk-disclosure.pdf\" target=\"_blank\" title=\"Ver Divulgaci\u00f3n de riesgos\">\n\t\t\t\t\t\t<span class=\"elementor-button-content-wrapper\">\n\t\t\t\t\t\t\t\t\t<span class=\"elementor-button-text\">Ver Divulgaci\u00f3n de riesgos en PDF<\/span>\n\t\t\t\t\t<\/span>\n\t\t\t\t\t<\/a>\n\t\t\t\t<\/div>\n\t\t\t\t\t\t\t\t<\/div>\n\t\t\t\t<\/div>\n\t\t\t\t<\/div>\n\t\t\t\t<div class=\"elementor-element elementor-element-14c7855 elementor-widget-divider--view-line elementor-widget elementor-widget-divider\" data-id=\"14c7855\" data-element_type=\"widget\" data-e-type=\"widget\" data-widget_type=\"divider.default\">\n\t\t\t\t<div class=\"elementor-widget-container\">\n\t\t\t\t\t\t\t<div class=\"elementor-divider\">\n\t\t\t<span class=\"elementor-divider-separator\">\n\t\t\t\t\t\t<\/span>\n\t\t<\/div>\n\t\t\t\t\t\t<\/div>\n\t\t\t\t<\/div>\n\t\t<div class=\"elementor-element elementor-element-1479d1c e-con-full e-flex e-con e-child\" data-id=\"1479d1c\" data-element_type=\"container\" data-e-type=\"container\">\n\t\t\t\t<div class=\"elementor-element elementor-element-3761305 elementor-widget elementor-widget-text-editor\" data-id=\"3761305\" data-element_type=\"widget\" data-e-type=\"widget\" data-widget_type=\"text-editor.default\">\n\t\t\t\t<div class=\"elementor-widget-container\">\n\t\t\t\t\t\t\t\t\t<h3 class=\"legal-documents__DocumentTitle-sc-y5ioxk-3 biRgNH\">Contrato de IB (Br\u00f3ker Introductor)<\/h3>\n<p><\/p>\n<div class=\"legal-documents__DocumentDescription-sc-y5ioxk-4 jaoOGi\">En este documento se detallan los t\u00e9rminos y condiciones bajo los cuales un IB (br\u00f3ker introductor o presentador) refiere clientes a FXPRIMUS.<\/div>\n\t\t\t\t\t\t\t\t<\/div>\n\t\t\t\t<\/div>\n\t\t\t\t<div class=\"elementor-element elementor-element-8ddba15 primusButton elementor-widget elementor-widget-button\" data-id=\"8ddba15\" data-element_type=\"widget\" data-e-type=\"widget\" data-widget_type=\"button.default\">\n\t\t\t\t<div class=\"elementor-widget-container\">\n\t\t\t\t\t\t\t\t\t<div class=\"elementor-button-wrapper\">\n\t\t\t\t\t<a class=\"elementor-button elementor-button-link elementor-size-sm\" href=\"\/wp-content\/uploads\/2025\/02\/fxprimus-client-agreement.pdf\" target=\"_blank\" title=\"Ver contrato\">\n\t\t\t\t\t\t<span class=\"elementor-button-content-wrapper\">\n\t\t\t\t\t\t\t\t\t<span class=\"elementor-button-text\">Ver contrato en PDF<\/span>\n\t\t\t\t\t<\/span>\n\t\t\t\t\t<\/a>\n\t\t\t\t<\/div>\n\t\t\t\t\t\t\t\t<\/div>\n\t\t\t\t<\/div>\n\t\t\t\t<\/div>\n\t\t\t\t<div class=\"elementor-element elementor-element-486e751 elementor-widget-divider--view-line elementor-widget elementor-widget-divider\" data-id=\"486e751\" data-element_type=\"widget\" data-e-type=\"widget\" data-widget_type=\"divider.default\">\n\t\t\t\t<div class=\"elementor-widget-container\">\n\t\t\t\t\t\t\t<div class=\"elementor-divider\">\n\t\t\t<span class=\"elementor-divider-separator\">\n\t\t\t\t\t\t<\/span>\n\t\t<\/div>\n\t\t\t\t\t\t<\/div>\n\t\t\t\t<\/div>\n\t\t<div class=\"elementor-element elementor-element-7dbfde4 e-con-full e-flex e-con e-child\" data-id=\"7dbfde4\" data-element_type=\"container\" data-e-type=\"container\">\n\t\t\t\t<div class=\"elementor-element elementor-element-7e7d9da elementor-widget elementor-widget-text-editor\" data-id=\"7e7d9da\" data-element_type=\"widget\" data-e-type=\"widget\" data-widget_type=\"text-editor.default\">\n\t\t\t\t<div class=\"elementor-widget-container\">\n\t\t\t\t\t\t\t\t\t<h3 class=\"legal-documents__DocumentTitle-sc-y5ioxk-3 biRgNH\">T\u00e9rminos y condiciones de los servicios de copy trading<\/h3>\n<p><\/p>\n<div class=\"legal-documents__DocumentDescription-sc-y5ioxk-4 jaoOGi\">Este documento describe las normas, responsabilidades y condiciones que rigen el uso de los servicios de copy trading, incluidas las obligaciones del usuario, la divulgaci\u00f3n de riesgos y las condiciones legales de Proveedores de servicios (Masters) y Seguidores.<\/div>\n\t\t\t\t\t\t\t\t<\/div>\n\t\t\t\t<\/div>\n\t\t\t\t<div class=\"elementor-element elementor-element-9c1e333 primusButton elementor-widget elementor-widget-button\" data-id=\"9c1e333\" data-element_type=\"widget\" data-e-type=\"widget\" data-widget_type=\"button.default\">\n\t\t\t\t<div class=\"elementor-widget-container\">\n\t\t\t\t\t\t\t\t\t<div class=\"elementor-button-wrapper\">\n\t\t\t\t\t<a class=\"elementor-button elementor-button-link elementor-size-sm\" href=\"\/wp-content\/uploads\/2025\/02\/CopyTradingTermsandConditions.pdf\" target=\"_blank\" title=\"Ver pol\u00edtica\">\n\t\t\t\t\t\t<span class=\"elementor-button-content-wrapper\">\n\t\t\t\t\t\t\t\t\t<span class=\"elementor-button-text\">Ver Pol\u00edtica en PDF<\/span>\n\t\t\t\t\t<\/span>\n\t\t\t\t\t<\/a>\n\t\t\t\t<\/div>\n\t\t\t\t\t\t\t\t<\/div>\n\t\t\t\t<\/div>\n\t\t\t\t<\/div>\n\t\t\t\t<\/div>\n\t\t\t\t\t<\/div>\n\t\t\t\t<\/div>\n\t\t\t\t<\/div>\n\t\t","protected":false},"excerpt":{"rendered":"<p>Documentos legales FXPrimus pone en manos de clientes y partners un entorno de trading seguro y \u00e9tico. Inf\u00f3rmese sobre los documentos legales que rigen su relaci\u00f3n con nosotros y desc\u00e1rguese los que le interesen con facilidad. Pol\u00edtica de privacidad Una de las principales prioridades de FXPrimus es proteger la privacidad y salvaguardar la informaci\u00f3n personal [&hellip;]<\/p>\n","protected":false},"author":1,"featured_media":0,"parent":0,"menu_order":0,"comment_status":"closed","ping_status":"closed","template":"","meta":{"footnotes":""},"class_list":["post-3582","page","type-page","status-publish","hentry"],"_links":{"self":[{"href":"https:\/\/fxprimus.com\/es\/wp-json\/wp\/v2\/pages\/3582","targetHints":{"allow":["GET"]}}],"collection":[{"href":"https:\/\/fxprimus.com\/es\/wp-json\/wp\/v2\/pages"}],"about":[{"href":"https:\/\/fxprimus.com\/es\/wp-json\/wp\/v2\/types\/page"}],"author":[{"embeddable":true,"href":"https:\/\/fxprimus.com\/es\/wp-json\/wp\/v2\/users\/1"}],"replies":[{"embeddable":true,"href":"https:\/\/fxprimus.com\/es\/wp-json\/wp\/v2\/comments?post=3582"}],"version-history":[{"count":14,"href":"https:\/\/fxprimus.com\/es\/wp-json\/wp\/v2\/pages\/3582\/revisions"}],"predecessor-version":[{"id":10788,"href":"https:\/\/fxprimus.com\/es\/wp-json\/wp\/v2\/pages\/3582\/revisions\/10788"}],"wp:attachment":[{"href":"https:\/\/fxprimus.com\/es\/wp-json\/wp\/v2\/media?parent=3582"}],"curies":[{"name":"wp","href":"https:\/\/api.w.org\/{rel}","templated":true}]}}