{"id":3578,"date":"2025-02-21T15:21:22","date_gmt":"2025-02-21T15:21:22","guid":{"rendered":"https:\/\/myprimusmarkets.com\/bono-del-100\/"},"modified":"2025-12-03T15:24:46","modified_gmt":"2025-12-03T15:24:46","slug":"bono-del-100","status":"publish","type":"page","link":"https:\/\/fxprimus.com\/es\/promociones\/bono-del-100\/","title":{"rendered":"Bono del 100%"},"content":{"rendered":"\t\t<div data-elementor-type=\"wp-page\" data-elementor-id=\"3578\" class=\"elementor elementor-3578 elementor-3253\" data-elementor-post-type=\"page\">\n\t\t\t\t<div class=\"elementor-element elementor-element-9791ed2 e-flex e-con-boxed e-con e-parent\" data-id=\"9791ed2\" data-element_type=\"container\" data-e-type=\"container\" data-settings=\"{&quot;background_background&quot;:&quot;classic&quot;}\">\n\t\t\t\t\t<div class=\"e-con-inner\">\n\t\t<div class=\"elementor-element elementor-element-ae3a08f e-con-full e-flex e-con e-child\" data-id=\"ae3a08f\" data-element_type=\"container\" data-e-type=\"container\">\n\t\t\t\t<div class=\"elementor-element elementor-element-3470441 elementor-widget elementor-widget-heading\" data-id=\"3470441\" data-element_type=\"widget\" data-e-type=\"widget\" data-widget_type=\"heading.default\">\n\t\t\t\t<div class=\"elementor-widget-container\">\n\t\t\t\t\t<h1 class=\"elementor-heading-title elementor-size-default\">Bono del 100%<\/h1>\t\t\t\t<\/div>\n\t\t\t\t<\/div>\n\t\t\t\t<div class=\"elementor-element elementor-element-fb9738c elementor-widget__width-initial elementor-widget-laptop__width-initial elementor-widget elementor-widget-text-editor\" data-id=\"fb9738c\" data-element_type=\"widget\" data-e-type=\"widget\" data-widget_type=\"text-editor.default\">\n\t\t\t\t<div class=\"elementor-widget-container\">\n\t\t\t\t\t\t\t\t\t\u00a1Duplicamos la oferta de reembolso, de $4 a $8! Adem\u00e1s del bono del 100%, recupere $8 por cada LOTE que opere. \u00a1Potencie su trading y saque a\u00fan m\u00e1s partido de cada operaci\u00f3n!\t\t\t\t\t\t\t\t<\/div>\n\t\t\t\t<\/div>\n\t\t<div class=\"elementor-element elementor-element-7a5fbd6 e-con-full e-flex e-con e-child\" data-id=\"7a5fbd6\" data-element_type=\"container\" data-e-type=\"container\">\n\t\t\t\t<div class=\"elementor-element elementor-element-043bf90 client-register-btn primusButton elementor-widget elementor-widget-button\" data-id=\"043bf90\" data-element_type=\"widget\" data-e-type=\"widget\" data-widget_type=\"button.default\">\n\t\t\t\t<div class=\"elementor-widget-container\">\n\t\t\t\t\t\t\t\t\t<div class=\"elementor-button-wrapper\">\n\t\t\t\t\t<a class=\"elementor-button elementor-button-link elementor-size-sm\" href=\"#\" target=\"_blank\" title=\"Canjear este bono\">\n\t\t\t\t\t\t<span class=\"elementor-button-content-wrapper\">\n\t\t\t\t\t\t\t\t\t<span class=\"elementor-button-text\">Canjear bono<\/span>\n\t\t\t\t\t<\/span>\n\t\t\t\t\t<\/a>\n\t\t\t\t<\/div>\n\t\t\t\t\t\t\t\t<\/div>\n\t\t\t\t<\/div>\n\t\t\t\t<div class=\"elementor-element elementor-element-20624ab client-register-btn primusButtonWhite elementor-widget elementor-widget-button\" data-id=\"20624ab\" data-element_type=\"widget\" data-e-type=\"widget\" data-widget_type=\"button.default\">\n\t\t\t\t<div class=\"elementor-widget-container\">\n\t\t\t\t\t\t\t\t\t<div class=\"elementor-button-wrapper\">\n\t\t\t\t\t<a class=\"elementor-button elementor-button-link elementor-size-sm\" href=\"#\" target=\"_blank\" title=\"Reg\u00edstrese en FXPrimus\">\n\t\t\t\t\t\t<span class=\"elementor-button-content-wrapper\">\n\t\t\t\t\t\t\t\t\t<span class=\"elementor-button-text\">Abra una cuenta<\/span>\n\t\t\t\t\t<\/span>\n\t\t\t\t\t<\/a>\n\t\t\t\t<\/div>\n\t\t\t\t\t\t\t\t<\/div>\n\t\t\t\t<\/div>\n\t\t\t\t<\/div>\n\t\t\t\t<\/div>\n\t\t<div class=\"elementor-element elementor-element-f97841b e-con-full e-flex e-con e-child\" data-id=\"f97841b\" data-element_type=\"container\" data-e-type=\"container\">\n\t\t\t\t<\/div>\n\t\t\t\t\t<\/div>\n\t\t\t\t<\/div>\n\t\t<div class=\"elementor-element elementor-element-c16e2f5 e-flex e-con-boxed e-con e-parent\" data-id=\"c16e2f5\" data-element_type=\"container\" data-e-type=\"container\">\n\t\t\t\t\t<div class=\"e-con-inner\">\n\t\t\t\t<div class=\"elementor-element elementor-element-46cfccb elementor-widget__width-initial elementor-widget elementor-widget-heading\" data-id=\"46cfccb\" data-element_type=\"widget\" data-e-type=\"widget\" data-widget_type=\"heading.default\">\n\t\t\t\t<div class=\"elementor-widget-container\">\n\t\t\t\t\t<h2 class=\"elementor-heading-title elementor-size-default\">Opere m\u00e1s, gane m\u00e1s:<span style=\"color:#00BDAF\"> Bono del 100%<\/span> Ahora, a\u00fan mejor<\/h2>\t\t\t\t<\/div>\n\t\t\t\t<\/div>\n\t\t\t\t<div class=\"elementor-element elementor-element-76a947e elementor-widget__width-initial elementor-widget elementor-widget-text-editor\" data-id=\"76a947e\" data-element_type=\"widget\" data-e-type=\"widget\" data-widget_type=\"text-editor.default\">\n\t\t\t\t<div class=\"elementor-widget-container\">\n\t\t\t\t\t\t\t\t\tNo se pierda esta oportunidad exclusiva para duplicar su dep\u00f3sito inicial y disfrutar de un 100% m\u00e1s de potencia de trading. Todo, con FXPrimus. Aproveche al m\u00e1ximo esta oferta y empiece a operar con la confianza de saber que bono y reembolsos le aportan una ventaja adicional en el mercado. \u00a1Por tiempo limitado!\t\t\t\t\t\t\t\t<\/div>\n\t\t\t\t<\/div>\n\t\t<div class=\"elementor-element elementor-element-9efb635 e-con-full e-flex e-con e-child\" data-id=\"9efb635\" data-element_type=\"container\" data-e-type=\"container\">\n\t\t<div class=\"elementor-element elementor-element-4131875 e-con-full e-flex e-con e-child\" data-id=\"4131875\" data-element_type=\"container\" data-e-type=\"container\" data-settings=\"{&quot;background_background&quot;:&quot;classic&quot;}\">\n\t\t\t\t<div class=\"elementor-element elementor-element-eec1626 elementor-widget elementor-widget-heading\" data-id=\"eec1626\" data-element_type=\"widget\" data-e-type=\"widget\" data-widget_type=\"heading.default\">\n\t\t\t\t<div class=\"elementor-widget-container\">\n\t\t\t\t\t<h3 class=\"elementor-heading-title elementor-size-default\">Qui\u00e9n puede optar al bono<\/h3>\t\t\t\t<\/div>\n\t\t\t\t<\/div>\n\t\t\t\t<div class=\"elementor-element elementor-element-aaaa5c0 elementor-widget elementor-widget-text-editor\" data-id=\"aaaa5c0\" data-element_type=\"widget\" data-e-type=\"widget\" data-widget_type=\"text-editor.default\">\n\t\t\t\t<div class=\"elementor-widget-container\">\n\t\t\t\t\t\t\t\t\t<strong>Clientes que pueden participar de la promo:<\/strong> Pueden acogerse a la oferta clientes nuevos y existentes con cuentas denominadas en cualquier divisa.<br><br><strong>Tipos de cuenta:<\/strong> Pueden recibir el bono los clientes con cuentas PrimusClassic y PrimusPro.<br><br><strong>Dep\u00f3sito m\u00ednimo<\/strong> El dep\u00f3sito m\u00ednimo para poder participar de esta oferta es de $200 o equivalente en otra divisa.<br><br><strong>Cr\u00e9dito m\u00e1ximo:<\/strong> El bono m\u00e1ximo que puede recibir es de $20.000.<br><br><strong>Instrumentos aceptados en la promoci\u00f3n<\/strong>: Se puede participar de la oferta con todos los instrumentos de PRIMUS MARKETS, a excepci\u00f3n de las acciones de EE.UU..<br><br><strong>Apalancamiento<\/strong> El apalancamiento m\u00e1ximo con esta oferta es de 300:1.\t\t\t\t\t\t\t\t<\/div>\n\t\t\t\t<\/div>\n\t\t\t\t<\/div>\n\t\t<div class=\"elementor-element elementor-element-ff600d7 e-con-full e-flex e-con e-child\" data-id=\"ff600d7\" data-element_type=\"container\" data-e-type=\"container\" data-settings=\"{&quot;background_background&quot;:&quot;classic&quot;}\">\n\t\t\t\t<div class=\"elementor-element elementor-element-6543ec6 elementor-widget elementor-widget-heading\" data-id=\"6543ec6\" data-element_type=\"widget\" data-e-type=\"widget\" data-widget_type=\"heading.default\">\n\t\t\t\t<div class=\"elementor-widget-container\">\n\t\t\t\t\t<h3 class=\"elementor-heading-title elementor-size-default\">C\u00f3mo reclamar el bono<\/h3>\t\t\t\t<\/div>\n\t\t\t\t<\/div>\n\t\t\t\t<div class=\"elementor-element elementor-element-c0ee90b elementor-widget elementor-widget-text-editor\" data-id=\"c0ee90b\" data-element_type=\"widget\" data-e-type=\"widget\" data-widget_type=\"text-editor.default\">\n\t\t\t\t<div class=\"elementor-widget-container\">\n\t\t\t\t\t\t\t\t\t<h4><strong>\u00a1Es muy f\u00e1cil! Solo siga estos pasos:<\/strong><\/h4><br><strong>1) Inicie sesi\u00f3n:<\/strong> Inicie sesi\u00f3n en su cuenta de FXPrimus o, si es nuevo aqu\u00ed, reg\u00edstrese.<br><br><strong>2) Ordene un dep\u00f3sito:<\/strong> Deposite al menos $200 para poder participar de la promoci\u00f3n.<br><br><strong>3) Active su bono:<\/strong> Vaya al \u00e1rea de cliente y busque la pesta\u00f1a \u00abPromociones\u00bb. All\u00ed, seleccione la opci\u00f3n \u00abBono 100%\u00bb y haga clic en \u00abActivar\u00bb.<br><br><strong>Empiece a operar<\/strong> Su bono se acreditar\u00e1 al instante. Con cada lote est\u00e1ndar que opere, recuperar\u00e1 dinero en forma de reembolso en funci\u00f3n del tipo de cuenta con el que trabaje.\t\t\t\t\t\t\t\t<\/div>\n\t\t\t\t<\/div>\n\t\t\t\t<\/div>\n\t\t\t\t<\/div>\n\t\t\t\t<div class=\"elementor-element elementor-element-45fd5bc elementor-widget__width-initial elementor-widget elementor-widget-text-editor\" data-id=\"45fd5bc\" data-element_type=\"widget\" data-e-type=\"widget\" data-widget_type=\"text-editor.default\">\n\t\t\t\t<div class=\"elementor-widget-container\">\n\t\t\t\t\t\t\t\t\t<h3><strong>T\u00e9rminos y condiciones<\/strong><\/h3><br><strong>Recuerde:<\/strong><br><br><strong>La oferta es por tiempo limitado:<\/strong> El bono solo est\u00e1 disponible durante un tiempo.<br><br><strong>Uso del bono:<\/strong> Este bono solo puede emplearse para hacer trading y no se puede retirar.<br><br><strong>Reembolsos:<\/strong> En la cuenta PrimusPro, el reembolso es de 8 USD por lote y, en el caso de PrimusClassic, de 4 USD por lote.<br><br><strong>C\u00f3mo le afectar\u00e1 si pierde el bono<\/strong> Si el bono se pierde, no le otorgaremos ning\u00fan reembolso por las posiciones abiertas.<br><br>Efecto de un <strong>retiro<\/strong>: Si retira cualquier cantidad de la cuenta, eliminaremos una parte del monto del bono de forma proporcional.<br><br><strong>Limitaci\u00f3n de apalancamiento:<\/strong> El apalancamiento tiene un l\u00edmite de 300:1. Si ahora mismo trabaja con un nivel superior, se ajustar\u00e1 cuando acepte el bono.<br><br><strong>Nivel de stop-out:<\/strong> El nivel de stop-out, o cierre forzoso, se establece en el 100%. Cuando su margen alcance el 100%, el sistema cerrar\u00e1 sus posiciones, empezando con la que est\u00e9 sufriendo la p\u00e9rdida m\u00e1s importante.<br><br><strong>Qui\u00e9n no puede participar de la promoci\u00f3n:<\/strong> La oferta no est\u00e1 disponible en las cuentas MAM, PAMM, Copy Trading o PrimusZero.<br><br><strong>Exclusividad de la oferta:<\/strong> Esta promoci\u00f3n no se puede combinar con ning\u00fan otro bono ni promoci\u00f3n.<br><br>Consulte los <a href=\"\/wp-content\/uploads\/2025\/06\/100BonusTCs_Jan2025.pdf\" target=\"_blank\" rel=\"noopener\">t\u00e9rminos y condiciones<\/a> de la promo y aseg\u00farese de que cumple con los requisitos necesarios para participar.\t\t\t\t\t\t\t\t<\/div>\n\t\t\t\t<\/div>\n\t\t\t\t\t<\/div>\n\t\t\t\t<\/div>\n\t\t<div class=\"elementor-element elementor-element-1b08511 e-flex e-con-boxed e-con e-parent\" data-id=\"1b08511\" data-element_type=\"container\" data-e-type=\"container\" data-settings=\"{&quot;background_background&quot;:&quot;gradient&quot;}\">\n\t\t\t\t\t<div class=\"e-con-inner\">\n\t\t\t\t<div class=\"elementor-element elementor-element-8ed3dc8 elementor-widget-mobile__width-initial elementor-absolute elementor-widget elementor-widget-image\" data-id=\"8ed3dc8\" data-element_type=\"widget\" data-e-type=\"widget\" data-settings=\"{&quot;_position&quot;:&quot;absolute&quot;}\" data-widget_type=\"image.default\">\n\t\t\t\t<div class=\"elementor-widget-container\">\n\t\t\t\t\t\t\t\t\t\t\t\t\t\t\t<img fetchpriority=\"high\" decoding=\"async\" width=\"375\" height=\"485\" src=\"https:\/\/fxprimus.com\/wp-content\/uploads\/2025\/01\/CTA-Bar-Left.png\" class=\"attachment-large size-large wp-image-1712\" alt=\"\" srcset=\"https:\/\/fxprimus.com\/wp-content\/uploads\/2025\/01\/CTA-Bar-Left.png 375w, https:\/\/fxprimus.com\/wp-content\/uploads\/2025\/01\/CTA-Bar-Left-232x300.png 232w\" sizes=\"(max-width: 375px) 100vw, 375px\" \/>\t\t\t\t\t\t\t\t\t\t\t\t\t\t\t<\/div>\n\t\t\t\t<\/div>\n\t\t\t\t<div class=\"elementor-element elementor-element-f23602c elementor-absolute elementor-hidden-mobile elementor-widget elementor-widget-image\" data-id=\"f23602c\" data-element_type=\"widget\" data-e-type=\"widget\" data-settings=\"{&quot;_position&quot;:&quot;absolute&quot;}\" data-widget_type=\"image.default\">\n\t\t\t\t<div class=\"elementor-widget-container\">\n\t\t\t\t\t\t\t\t\t\t\t\t\t\t\t<img decoding=\"async\" width=\"375\" height=\"485\" src=\"https:\/\/fxprimus.com\/wp-content\/uploads\/2025\/01\/CTA-Bar-Left-Actual.png\" class=\"attachment-large size-large wp-image-1713\" alt=\"\" srcset=\"https:\/\/fxprimus.com\/wp-content\/uploads\/2025\/01\/CTA-Bar-Left-Actual.png 375w, https:\/\/fxprimus.com\/wp-content\/uploads\/2025\/01\/CTA-Bar-Left-Actual-232x300.png 232w\" sizes=\"(max-width: 375px) 100vw, 375px\" \/>\t\t\t\t\t\t\t\t\t\t\t\t\t\t\t<\/div>\n\t\t\t\t<\/div>\n\t\t<div class=\"elementor-element elementor-element-8392dff e-con-full e-flex e-con e-child\" data-id=\"8392dff\" data-element_type=\"container\" data-e-type=\"container\" data-settings=\"{&quot;background_background&quot;:&quot;classic&quot;}\">\n\t\t<div class=\"elementor-element elementor-element-29c9b4b e-con-full e-flex e-con e-child\" data-id=\"29c9b4b\" data-element_type=\"container\" data-e-type=\"container\">\n\t\t\t\t<div class=\"elementor-element elementor-element-aef8bc0 elementor-widget elementor-widget-heading\" data-id=\"aef8bc0\" data-element_type=\"widget\" data-e-type=\"widget\" data-widget_type=\"heading.default\">\n\t\t\t\t<div class=\"elementor-widget-container\">\n\t\t\t\t\t<span class=\"elementor-heading-title elementor-size-default\">Empiece a operar hoy<\/span>\t\t\t\t<\/div>\n\t\t\t\t<\/div>\n\t\t\t\t<div class=\"elementor-element elementor-element-1bd44d3 elementor-widget elementor-widget-heading\" data-id=\"1bd44d3\" data-element_type=\"widget\" data-e-type=\"widget\" data-widget_type=\"heading.default\">\n\t\t\t\t<div class=\"elementor-widget-container\">\n\t\t\t\t\t<h2 class=\"elementor-heading-title elementor-size-default\">Abra una cuenta<\/h2>\t\t\t\t<\/div>\n\t\t\t\t<\/div>\n\t\t\t\t<\/div>\n\t\t<div class=\"elementor-element elementor-element-9af6ce5 e-con-full e-flex e-con e-child\" data-id=\"9af6ce5\" data-element_type=\"container\" data-e-type=\"container\">\n\t\t\t\t<div class=\"elementor-element elementor-element-1dcfe38 client-login-btn primusButton elementor-widget elementor-widget-global elementor-global-8026 elementor-global-7743 elementor-widget-button\" data-id=\"1dcfe38\" data-element_type=\"widget\" data-e-type=\"widget\" data-widget_type=\"button.default\">\n\t\t\t\t<div class=\"elementor-widget-container\">\n\t\t\t\t\t\t\t\t\t<div class=\"elementor-button-wrapper\">\n\t\t\t\t\t<a class=\"elementor-button elementor-button-link elementor-size-sm\" href=\"#\" target=\"_blank\" title=\"Reg\u00edstrese en FXPrimus\">\n\t\t\t\t\t\t<span class=\"elementor-button-content-wrapper\">\n\t\t\t\t\t\t\t\t\t<span class=\"elementor-button-text\">Opere ahora<\/span>\n\t\t\t\t\t<\/span>\n\t\t\t\t\t<\/a>\n\t\t\t\t<\/div>\n\t\t\t\t\t\t\t\t<\/div>\n\t\t\t\t<\/div>\n\t\t\t\t<div class=\"elementor-element elementor-element-f4ca8e1 client-register-btn primusButtonWhite elementor-widget elementor-widget-global elementor-global-8028 elementor-global-7740 elementor-widget-button\" data-id=\"f4ca8e1\" data-element_type=\"widget\" data-e-type=\"widget\" data-widget_type=\"button.default\">\n\t\t\t\t<div class=\"elementor-widget-container\">\n\t\t\t\t\t\t\t\t\t<div class=\"elementor-button-wrapper\">\n\t\t\t\t\t<a class=\"elementor-button elementor-button-link elementor-size-sm\" href=\"#\" target=\"_blank\" title=\"Reg\u00edstrese en FXPrimus\">\n\t\t\t\t\t\t<span class=\"elementor-button-content-wrapper\">\n\t\t\t\t\t\t\t\t\t<span class=\"elementor-button-text\">Abra una cuenta<\/span>\n\t\t\t\t\t<\/span>\n\t\t\t\t\t<\/a>\n\t\t\t\t<\/div>\n\t\t\t\t\t\t\t\t<\/div>\n\t\t\t\t<\/div>\n\t\t\t\t<\/div>\n\t\t\t\t<\/div>\n\t\t\t\t\t<\/div>\n\t\t\t\t<\/div>\n\t\t\t\t<\/div>\n\t\t","protected":false},"excerpt":{"rendered":"<p>Bono del 100% \u00a1Duplicamos la oferta de reembolso, de $4 a $8! Adem\u00e1s del bono del 100%, recupere $8 por cada LOTE que opere. \u00a1Potencie su trading y saque a\u00fan m\u00e1s partido de cada operaci\u00f3n! Canjear bono Abra una cuenta Opere m\u00e1s, gane m\u00e1s: Bono del 100% Ahora, a\u00fan mejor No se pierda esta oportunidad [&hellip;]<\/p>\n","protected":false},"author":1,"featured_media":0,"parent":3718,"menu_order":0,"comment_status":"closed","ping_status":"closed","template":"","meta":{"footnotes":""},"class_list":["post-3578","page","type-page","status-publish","hentry"],"_links":{"self":[{"href":"https:\/\/fxprimus.com\/es\/wp-json\/wp\/v2\/pages\/3578","targetHints":{"allow":["GET"]}}],"collection":[{"href":"https:\/\/fxprimus.com\/es\/wp-json\/wp\/v2\/pages"}],"about":[{"href":"https:\/\/fxprimus.com\/es\/wp-json\/wp\/v2\/types\/page"}],"author":[{"embeddable":true,"href":"https:\/\/fxprimus.com\/es\/wp-json\/wp\/v2\/users\/1"}],"replies":[{"embeddable":true,"href":"https:\/\/fxprimus.com\/es\/wp-json\/wp\/v2\/comments?post=3578"}],"version-history":[{"count":14,"href":"https:\/\/fxprimus.com\/es\/wp-json\/wp\/v2\/pages\/3578\/revisions"}],"predecessor-version":[{"id":11454,"href":"https:\/\/fxprimus.com\/es\/wp-json\/wp\/v2\/pages\/3578\/revisions\/11454"}],"up":[{"embeddable":true,"href":"https:\/\/fxprimus.com\/es\/wp-json\/wp\/v2\/pages\/3718"}],"wp:attachment":[{"href":"https:\/\/fxprimus.com\/es\/wp-json\/wp\/v2\/media?parent=3578"}],"curies":[{"name":"wp","href":"https:\/\/api.w.org\/{rel}","templated":true}]}}