{"id":3576,"date":"2025-02-21T15:33:22","date_gmt":"2025-02-21T15:33:22","guid":{"rendered":"https:\/\/myprimusmarkets.com\/bono-del-30\/"},"modified":"2025-06-02T13:15:23","modified_gmt":"2025-06-02T13:15:23","slug":"bono-del-30","status":"publish","type":"page","link":"https:\/\/fxprimus.com\/es\/promociones\/bono-del-30\/","title":{"rendered":"Bono del 30%"},"content":{"rendered":"\t\t<div data-elementor-type=\"wp-page\" data-elementor-id=\"3576\" class=\"elementor elementor-3576 elementor-3270\" data-elementor-post-type=\"page\">\n\t\t\t\t<div class=\"elementor-element elementor-element-0cb27bd e-flex e-con-boxed e-con e-parent\" data-id=\"0cb27bd\" data-element_type=\"container\" data-e-type=\"container\" data-settings=\"{&quot;background_background&quot;:&quot;classic&quot;}\">\n\t\t\t\t\t<div class=\"e-con-inner\">\n\t\t<div class=\"elementor-element elementor-element-147a187 e-con-full e-flex e-con e-child\" data-id=\"147a187\" data-element_type=\"container\" data-e-type=\"container\">\n\t\t\t\t<div class=\"elementor-element elementor-element-2c86f66 elementor-widget elementor-widget-heading\" data-id=\"2c86f66\" data-element_type=\"widget\" data-e-type=\"widget\" data-widget_type=\"heading.default\">\n\t\t\t\t<div class=\"elementor-widget-container\">\n\t\t\t\t\t<h1 class=\"elementor-heading-title elementor-size-default\">ReCARGUE su bono del 30%<\/h1>\t\t\t\t<\/div>\n\t\t\t\t<\/div>\n\t\t\t\t<div class=\"elementor-element elementor-element-ed68f3a elementor-widget__width-initial elementor-widget-laptop__width-initial elementor-widget elementor-widget-text-editor\" data-id=\"ed68f3a\" data-element_type=\"widget\" data-e-type=\"widget\" data-widget_type=\"text-editor.default\">\n\t\t\t\t<div class=\"elementor-widget-container\">\n\t\t\t\t\t\t\t\t\t<p>Tenemos grandes noticias para usted: una promoci\u00f3n especial, que le ofrece un bono adicional del 30% por los dep\u00f3sitos que realice con FXPrimus. Una oferta por tiempo limitado dise\u00f1ada para sacar m\u00e1s partido de su experiencia de trading, ya que pone en sus manos fondos adicionales para explorar nuevas oportunidades y optimizar posibles rendimientos. No se pierda esta extraordinaria oportunidad de potenciar sus operaciones: \u00a1\u00fanase a nosotros ahora y aprov\u00e9chela de inmediato!<\/p>\n\t\t\t\t\t\t\t\t<\/div>\n\t\t\t\t<\/div>\n\t\t<div class=\"elementor-element elementor-element-b20020e e-con-full e-flex e-con e-child\" data-id=\"b20020e\" data-element_type=\"container\" data-e-type=\"container\">\n\t\t\t\t<div class=\"elementor-element elementor-element-ab0ac9e client-login-btn primusButton elementor-widget elementor-widget-button\" data-id=\"ab0ac9e\" data-element_type=\"widget\" data-e-type=\"widget\" data-widget_type=\"button.default\">\n\t\t\t\t<div class=\"elementor-widget-container\">\n\t\t\t\t\t\t\t\t\t<div class=\"elementor-button-wrapper\">\n\t\t\t\t\t<a class=\"elementor-button elementor-button-link elementor-size-sm\" href=\"#\" target=\"_blank\" title=\"Canjear este bono\">\n\t\t\t\t\t\t<span class=\"elementor-button-content-wrapper\">\n\t\t\t\t\t\t\t\t\t<span class=\"elementor-button-text\">Canjear bono<\/span>\n\t\t\t\t\t<\/span>\n\t\t\t\t\t<\/a>\n\t\t\t\t<\/div>\n\t\t\t\t\t\t\t\t<\/div>\n\t\t\t\t<\/div>\n\t\t\t\t<div class=\"elementor-element elementor-element-28a5646 client-register-btn primusButtonWhite elementor-widget elementor-widget-button\" data-id=\"28a5646\" data-element_type=\"widget\" data-e-type=\"widget\" data-widget_type=\"button.default\">\n\t\t\t\t<div class=\"elementor-widget-container\">\n\t\t\t\t\t\t\t\t\t<div class=\"elementor-button-wrapper\">\n\t\t\t\t\t<a class=\"elementor-button elementor-button-link elementor-size-sm\" href=\"#\" target=\"_blank\" title=\"Reg\u00edstrese en FXPrimus\">\n\t\t\t\t\t\t<span class=\"elementor-button-content-wrapper\">\n\t\t\t\t\t\t\t\t\t<span class=\"elementor-button-text\">Abra una cuenta<\/span>\n\t\t\t\t\t<\/span>\n\t\t\t\t\t<\/a>\n\t\t\t\t<\/div>\n\t\t\t\t\t\t\t\t<\/div>\n\t\t\t\t<\/div>\n\t\t\t\t<\/div>\n\t\t\t\t<\/div>\n\t\t<div class=\"elementor-element elementor-element-59a7e1b e-con-full e-flex e-con e-child\" data-id=\"59a7e1b\" data-element_type=\"container\" data-e-type=\"container\">\n\t\t\t\t<\/div>\n\t\t\t\t\t<\/div>\n\t\t\t\t<\/div>\n\t\t<div class=\"elementor-element elementor-element-d0e42eb e-flex e-con-boxed e-con e-parent\" data-id=\"d0e42eb\" data-element_type=\"container\" data-e-type=\"container\">\n\t\t\t\t\t<div class=\"e-con-inner\">\n\t\t\t\t<div class=\"elementor-element elementor-element-d07e99a elementor-widget__width-initial elementor-widget elementor-widget-heading\" data-id=\"d07e99a\" data-element_type=\"widget\" data-e-type=\"widget\" data-widget_type=\"heading.default\">\n\t\t\t\t<div class=\"elementor-widget-container\">\n\t\t\t\t\t<h2 class=\"elementor-heading-title elementor-size-default\"><span style=\"color:#00BDAF\">\u00a1Gane hasta $1.500!<\/span><\/h2>\t\t\t\t<\/div>\n\t\t\t\t<\/div>\n\t\t\t\t<div class=\"elementor-element elementor-element-2ef5025 elementor-widget__width-initial elementor-widget elementor-widget-text-editor\" data-id=\"2ef5025\" data-element_type=\"widget\" data-e-type=\"widget\" data-widget_type=\"text-editor.default\">\n\t\t\t\t<div class=\"elementor-widget-container\">\n\t\t\t\t\t\t\t\t\t<p>\u00danase a FXPrimus y comience su aventura por el trading con un 30% adicional. Este bono aumenta su dep\u00f3sito para que pueda operar con m\u00e1s confianza. No importa si es usted un trader experimentado como si acaba de empezar en el trading: nuestro bono del 30% est\u00e1 dise\u00f1ado para potenciar su viaje por los mercados financieros desde el primer d\u00eda. Reclame su bono hoy mismo y disfrute de una experiencia de trading sin interrupciones en la plataforma m\u00e1s segura del mundo. No espere m\u00e1s: \u00a1haga clic en el bot\u00f3n de abajo y desbloquee su bono hoy!<\/p>\n\t\t\t\t\t\t\t\t<\/div>\n\t\t\t\t<\/div>\n\t\t<div class=\"elementor-element elementor-element-66efb73 e-con-full e-flex e-con e-child\" data-id=\"66efb73\" data-element_type=\"container\" data-e-type=\"container\">\n\t\t<div class=\"elementor-element elementor-element-c4f3df1 e-con-full e-flex e-con e-child\" data-id=\"c4f3df1\" data-element_type=\"container\" data-e-type=\"container\" data-settings=\"{&quot;background_background&quot;:&quot;classic&quot;}\">\n\t\t\t\t<div class=\"elementor-element elementor-element-eb5f5a9 elementor-widget elementor-widget-heading\" data-id=\"eb5f5a9\" data-element_type=\"widget\" data-e-type=\"widget\" data-widget_type=\"heading.default\">\n\t\t\t\t<div class=\"elementor-widget-container\">\n\t\t\t\t\t<h3 class=\"elementor-heading-title elementor-size-default\">Qui\u00e9n puede optar al bono<\/h3>\t\t\t\t<\/div>\n\t\t\t\t<\/div>\n\t\t\t\t<div class=\"elementor-element elementor-element-bef30d2 elementor-widget elementor-widget-text-editor\" data-id=\"bef30d2\" data-element_type=\"widget\" data-e-type=\"widget\" data-widget_type=\"text-editor.default\">\n\t\t\t\t<div class=\"elementor-widget-container\">\n\t\t\t\t\t\t\t\t\t<p><strong>Clientes que pueden participar de la promo:<\/strong> La oferta est\u00e1 disponible para clientes nuevos y existentes con cuentas denominadas en cualquier divisa.<\/p>\n<p><strong>Tipos de cuenta:<\/strong> Pueden recibir el bono los clientes con cuentas PrimusClassic y PrimusPro.<\/p>\n<p><strong>Dep\u00f3sito m\u00ednimo<\/strong> El dep\u00f3sito m\u00ednimo para poder participar de esta oferta es de $200 o equivalente en otra divisa.<\/p>\n<p><strong>Cr\u00e9dito m\u00e1ximo:<\/strong> El bono m\u00e1ximo que puede recibir es de $1.500.<\/p>\n<p><strong>Instrumentos aceptados en la promoci\u00f3n<\/strong>: Se puede participar de la oferta con todos los instrumentos de PRIMUS MARKETS, a excepci\u00f3n de las acciones de EE.UU..<\/p>\n<p><strong>Apalancamiento<\/strong> El apalancamiento m\u00e1ximo con esta oferta es de 200:1.<\/p>\n\t\t\t\t\t\t\t\t<\/div>\n\t\t\t\t<\/div>\n\t\t\t\t<\/div>\n\t\t<div class=\"elementor-element elementor-element-74cd324 e-con-full e-flex e-con e-child\" data-id=\"74cd324\" data-element_type=\"container\" data-e-type=\"container\" data-settings=\"{&quot;background_background&quot;:&quot;classic&quot;}\">\n\t\t\t\t<div class=\"elementor-element elementor-element-b45e74f elementor-widget elementor-widget-heading\" data-id=\"b45e74f\" data-element_type=\"widget\" data-e-type=\"widget\" data-widget_type=\"heading.default\">\n\t\t\t\t<div class=\"elementor-widget-container\">\n\t\t\t\t\t<h3 class=\"elementor-heading-title elementor-size-default\">C\u00f3mo reclamar el bono<\/h3>\t\t\t\t<\/div>\n\t\t\t\t<\/div>\n\t\t\t\t<div class=\"elementor-element elementor-element-78373f7 elementor-widget elementor-widget-text-editor\" data-id=\"78373f7\" data-element_type=\"widget\" data-e-type=\"widget\" data-widget_type=\"text-editor.default\">\n\t\t\t\t<div class=\"elementor-widget-container\">\n\t\t\t\t\t\t\t\t\t<h4>\u00bfListo para impulsar su trading? Aqu\u00ed le explicamos c\u00f3mo hacerlo:<\/h4>\n<p><strong>1) Inicie sesi\u00f3n:<\/strong> Inicie sesi\u00f3n en su cuenta de FXPrimus o, si es nuevo aqu\u00ed, reg\u00edstrese.<\/p>\n<p><strong>2) Ordene un dep\u00f3sito:<\/strong> Deposite al menos $200 para poder participar de la promoci\u00f3n.<\/p>\n<p><strong>3) Active su bono:<\/strong> Vaya al \u00e1rea de cliente y busque la pesta\u00f1a \u00abPromociones\u00bb. All\u00ed, seleccione la opci\u00f3n \u00abBono 30%\u00bb y haga clic en \u00abActivar\u00bb.<\/p>\n<p><strong>Empiece a operar<\/strong> Su bono se acreditar\u00e1 al instante. Apl\u00edquelo para explorar nuevas estrategias de trading y amplificar sus resultados.<\/p>\n\t\t\t\t\t\t\t\t<\/div>\n\t\t\t\t<\/div>\n\t\t\t\t<\/div>\n\t\t\t\t<\/div>\n\t\t\t\t<div class=\"elementor-element elementor-element-902c94b elementor-widget__width-initial elementor-widget elementor-widget-text-editor\" data-id=\"902c94b\" data-element_type=\"widget\" data-e-type=\"widget\" data-widget_type=\"text-editor.default\">\n\t\t\t\t<div class=\"elementor-widget-container\">\n\t\t\t\t\t\t\t\t\t<h3><strong>T\u00e9rminos y condiciones<\/strong><\/h3>\n<p><strong>Recuerde:<\/strong><\/p>\n<p><strong>La oferta es por tiempo limitado:<\/strong> El bono solo est\u00e1 disponible durante un tiempo.<\/p>\n<p><strong>Uso del bono:<\/strong> Este bono solo puede emplearse para hacer trading y no se puede retirar.<\/p>\n<p><strong>Bono m\u00e1ximo:<\/strong> El bono m\u00e1ximo que puede recibir es de $1.500.<\/p>\n<p><strong>Reembolsos:<\/strong> El reembolso se aplicar\u00e1 a todas las operaciones elegibles, tal como se detalla en la tabla siguiente.<\/p>\n<p><strong>Impacto de los retiros:<\/strong> Cada vez que retire una cantidad de la cuenta, eliminaremos una parte proporcional del monto del bono.<\/p>\n<p><strong>Limitaci\u00f3n de apalancamiento:<\/strong> El apalancamiento tiene un l\u00edmite de 200:1. Si en estos momentos opera con un apalancamiento superior, se reducir\u00e1 a este l\u00edmite cuando se aplique el bono.<\/p>\n<p><strong>Nivel de stop-out:<\/strong> El nivel de stop-out, o cierre forzoso, para las cuentas que se acojan a esta oferta se establece en el 100%.<\/p>\n<p><strong>Eliminaci\u00f3n del bono:<\/strong> Una vez que el capital de la cuenta de trading baje a $50 o menos, el bono quedar\u00e1 eliminado autom\u00e1ticamente.<\/p>\n<p><strong>Qui\u00e9n no puede participar de la promoci\u00f3n:<\/strong> La oferta no est\u00e1 disponible para cuentas MAM, PAMM, Copy Trading o PrimusZero.<\/p>\n<p><strong>Exclusividad de la oferta:<\/strong> Esta promoci\u00f3n no se puede combinar con ning\u00fan otro bono ni promoci\u00f3n.<\/p>\n<p>Consulte los <a href=\"\/wp-content\/uploads\/2025\/06\/FXPRIMUS30Bonus_Jan2025.pdf\" target=\"_blank\" rel=\"noopener\">t\u00e9rminos y condiciones<\/a> de la promo y aseg\u00farese de que cumple con los requisitos necesarios para participar.<\/p>\n\t\t\t\t\t\t\t\t<\/div>\n\t\t\t\t<\/div>\n\t\t\t\t\t<\/div>\n\t\t\t\t<\/div>\n\t\t<div class=\"elementor-element elementor-element-c977eca e-flex e-con-boxed e-con e-parent\" data-id=\"c977eca\" data-element_type=\"container\" data-e-type=\"container\" data-settings=\"{&quot;background_background&quot;:&quot;gradient&quot;}\">\n\t\t\t\t\t<div class=\"e-con-inner\">\n\t\t\t\t<div class=\"elementor-element elementor-element-fbdbde7 elementor-widget-mobile__width-initial elementor-absolute elementor-widget elementor-widget-image\" data-id=\"fbdbde7\" data-element_type=\"widget\" data-e-type=\"widget\" data-settings=\"{&quot;_position&quot;:&quot;absolute&quot;}\" data-widget_type=\"image.default\">\n\t\t\t\t<div class=\"elementor-widget-container\">\n\t\t\t\t\t\t\t\t\t\t\t\t\t\t\t<img fetchpriority=\"high\" decoding=\"async\" width=\"375\" height=\"485\" src=\"https:\/\/fxprimus.com\/wp-content\/uploads\/2025\/01\/CTA-Bar-Left.png\" class=\"attachment-large size-large wp-image-1712\" alt=\"\" srcset=\"https:\/\/fxprimus.com\/wp-content\/uploads\/2025\/01\/CTA-Bar-Left.png 375w, https:\/\/fxprimus.com\/wp-content\/uploads\/2025\/01\/CTA-Bar-Left-232x300.png 232w\" sizes=\"(max-width: 375px) 100vw, 375px\" \/>\t\t\t\t\t\t\t\t\t\t\t\t\t\t\t<\/div>\n\t\t\t\t<\/div>\n\t\t\t\t<div class=\"elementor-element elementor-element-c688d9e elementor-absolute elementor-hidden-mobile elementor-widget elementor-widget-image\" data-id=\"c688d9e\" data-element_type=\"widget\" data-e-type=\"widget\" data-settings=\"{&quot;_position&quot;:&quot;absolute&quot;}\" data-widget_type=\"image.default\">\n\t\t\t\t<div class=\"elementor-widget-container\">\n\t\t\t\t\t\t\t\t\t\t\t\t\t\t\t<img decoding=\"async\" width=\"375\" height=\"485\" src=\"https:\/\/fxprimus.com\/wp-content\/uploads\/2025\/01\/CTA-Bar-Left-Actual.png\" class=\"attachment-large size-large wp-image-1713\" alt=\"\" srcset=\"https:\/\/fxprimus.com\/wp-content\/uploads\/2025\/01\/CTA-Bar-Left-Actual.png 375w, https:\/\/fxprimus.com\/wp-content\/uploads\/2025\/01\/CTA-Bar-Left-Actual-232x300.png 232w\" sizes=\"(max-width: 375px) 100vw, 375px\" \/>\t\t\t\t\t\t\t\t\t\t\t\t\t\t\t<\/div>\n\t\t\t\t<\/div>\n\t\t<div class=\"elementor-element elementor-element-623536b e-con-full e-flex e-con e-child\" data-id=\"623536b\" data-element_type=\"container\" data-e-type=\"container\" data-settings=\"{&quot;background_background&quot;:&quot;classic&quot;}\">\n\t\t<div class=\"elementor-element elementor-element-aef7421 e-con-full e-flex e-con e-child\" data-id=\"aef7421\" data-element_type=\"container\" data-e-type=\"container\">\n\t\t\t\t<div class=\"elementor-element elementor-element-dadcd22 elementor-widget elementor-widget-heading\" data-id=\"dadcd22\" data-element_type=\"widget\" data-e-type=\"widget\" data-widget_type=\"heading.default\">\n\t\t\t\t<div class=\"elementor-widget-container\">\n\t\t\t\t\t<span class=\"elementor-heading-title elementor-size-default\">Empiece a operar hoy<\/span>\t\t\t\t<\/div>\n\t\t\t\t<\/div>\n\t\t\t\t<div class=\"elementor-element elementor-element-c60c096 elementor-widget elementor-widget-heading\" data-id=\"c60c096\" data-element_type=\"widget\" data-e-type=\"widget\" data-widget_type=\"heading.default\">\n\t\t\t\t<div class=\"elementor-widget-container\">\n\t\t\t\t\t<h2 class=\"elementor-heading-title elementor-size-default\">Abra una cuenta<\/h2>\t\t\t\t<\/div>\n\t\t\t\t<\/div>\n\t\t\t\t<\/div>\n\t\t<div class=\"elementor-element elementor-element-e89af3e e-con-full e-flex e-con e-child\" data-id=\"e89af3e\" data-element_type=\"container\" data-e-type=\"container\">\n\t\t\t\t<div class=\"elementor-element elementor-element-c957a49 client-login-btn primusButton elementor-widget elementor-widget-global elementor-global-8026 elementor-global-7743 elementor-widget-button\" data-id=\"c957a49\" data-element_type=\"widget\" data-e-type=\"widget\" data-widget_type=\"button.default\">\n\t\t\t\t<div class=\"elementor-widget-container\">\n\t\t\t\t\t\t\t\t\t<div class=\"elementor-button-wrapper\">\n\t\t\t\t\t<a class=\"elementor-button elementor-button-link elementor-size-sm\" href=\"#\" target=\"_blank\" title=\"Reg\u00edstrese en FXPrimus\">\n\t\t\t\t\t\t<span class=\"elementor-button-content-wrapper\">\n\t\t\t\t\t\t\t\t\t<span class=\"elementor-button-text\">Opere ahora<\/span>\n\t\t\t\t\t<\/span>\n\t\t\t\t\t<\/a>\n\t\t\t\t<\/div>\n\t\t\t\t\t\t\t\t<\/div>\n\t\t\t\t<\/div>\n\t\t\t\t<div class=\"elementor-element elementor-element-7b3d551 client-register-btn primusButtonWhite elementor-widget elementor-widget-global elementor-global-8028 elementor-global-7740 elementor-widget-button\" data-id=\"7b3d551\" data-element_type=\"widget\" data-e-type=\"widget\" data-widget_type=\"button.default\">\n\t\t\t\t<div class=\"elementor-widget-container\">\n\t\t\t\t\t\t\t\t\t<div class=\"elementor-button-wrapper\">\n\t\t\t\t\t<a class=\"elementor-button elementor-button-link elementor-size-sm\" href=\"#\" target=\"_blank\" title=\"Reg\u00edstrese en FXPrimus\">\n\t\t\t\t\t\t<span class=\"elementor-button-content-wrapper\">\n\t\t\t\t\t\t\t\t\t<span class=\"elementor-button-text\">Abra una cuenta<\/span>\n\t\t\t\t\t<\/span>\n\t\t\t\t\t<\/a>\n\t\t\t\t<\/div>\n\t\t\t\t\t\t\t\t<\/div>\n\t\t\t\t<\/div>\n\t\t\t\t<\/div>\n\t\t\t\t<\/div>\n\t\t\t\t\t<\/div>\n\t\t\t\t<\/div>\n\t\t\t\t<\/div>\n\t\t","protected":false},"excerpt":{"rendered":"<p>ReCARGUE su bono del 30% Tenemos grandes noticias para usted: una promoci\u00f3n especial, que le ofrece un bono adicional del 30% por los dep\u00f3sitos que realice con FXPrimus. Una oferta por tiempo limitado dise\u00f1ada para sacar m\u00e1s partido de su experiencia de trading, ya que pone en sus manos fondos adicionales para explorar nuevas oportunidades [&hellip;]<\/p>\n","protected":false},"author":1,"featured_media":0,"parent":3718,"menu_order":0,"comment_status":"closed","ping_status":"closed","template":"","meta":{"footnotes":""},"class_list":["post-3576","page","type-page","status-publish","hentry"],"_links":{"self":[{"href":"https:\/\/fxprimus.com\/es\/wp-json\/wp\/v2\/pages\/3576","targetHints":{"allow":["GET"]}}],"collection":[{"href":"https:\/\/fxprimus.com\/es\/wp-json\/wp\/v2\/pages"}],"about":[{"href":"https:\/\/fxprimus.com\/es\/wp-json\/wp\/v2\/types\/page"}],"author":[{"embeddable":true,"href":"https:\/\/fxprimus.com\/es\/wp-json\/wp\/v2\/users\/1"}],"replies":[{"embeddable":true,"href":"https:\/\/fxprimus.com\/es\/wp-json\/wp\/v2\/comments?post=3576"}],"version-history":[{"count":7,"href":"https:\/\/fxprimus.com\/es\/wp-json\/wp\/v2\/pages\/3576\/revisions"}],"predecessor-version":[{"id":8650,"href":"https:\/\/fxprimus.com\/es\/wp-json\/wp\/v2\/pages\/3576\/revisions\/8650"}],"up":[{"embeddable":true,"href":"https:\/\/fxprimus.com\/es\/wp-json\/wp\/v2\/pages\/3718"}],"wp:attachment":[{"href":"https:\/\/fxprimus.com\/es\/wp-json\/wp\/v2\/media?parent=3576"}],"curies":[{"name":"wp","href":"https:\/\/api.w.org\/{rel}","templated":true}]}}